{"id":28043,"date":"2026-02-13T09:09:04","date_gmt":"2026-02-13T08:09:04","guid":{"rendered":"https:\/\/schuhmacher-tech.de\/?post_type=product&#038;p=28043"},"modified":"2026-04-10T10:36:32","modified_gmt":"2026-04-10T08:36:32","slug":"pos-124-u-pdp-zwei-achsen-positionier-und-gleichlaufregelbaugruppe","status":"publish","type":"product","link":"https:\/\/schuhmacher-tech.de\/en\/product\/pos-124-u-pdp-zwei-achsen-positionier-und-gleichlaufregelbaugruppe\/","title":{"rendered":"POS-124-U-PDP, Zwei Achsen Positionier- und Gleichlaufregelbaugruppe"},"content":{"rendered":"<p><span style=\"font-weight: 400;\">Das Produkt POS-124-U ist eine Zwei-Achsen-Positionier- und Gleichlaufregelbaugruppe mit <\/span><span style=\"font-weight: 400;\">Feldbus-Ankopplung und analoger sowie SSI-Sensorschnittstelle. Es dient zur Regelung von zwei <\/span><span style=\"font-weight: 400;\">hydraulischen Positionierachsen, die entweder unabh\u00e4ngig oder im Gleichlauf \u00fcber einen Feldbus <\/span><span style=\"font-weight: 400;\">gesteuert werden k\u00f6nnen.<\/span><\/p>\n<p>&nbsp;<\/p>\n<p><b>Hauptmerkmale und Eigenschaften:<\/b><\/p>\n<ul>\n<li><span style=\"font-weight: 400;\"> Programmierbarer Ausgang mit \u00b110 V Differenzspannung oder 4&#8230;20 mA.<\/span><\/li>\n<li><span style=\"font-weight: 400;\"> Analoge oder SSI-Sensorschnittstelle.<\/span><\/li>\n<li><span style=\"font-weight: 400;\"> Optionale Gleichlaufregelung.<\/span><\/li>\n<li><span style=\"font-weight: 400;\"> Einfache und anwenderfreundliche Skalierung der Sensoren.<\/span><\/li>\n<li><span style=\"font-weight: 400;\"> Geschwindigkeitsaufl\u00f6sung von 0,005 mm\/s.<\/span><\/li>\n<li><span style=\"font-weight: 400;\"> Wegabh\u00e4ngiges Bremsen f\u00fcr eine robuste Positionierung.<\/span><\/li>\n<li><span style=\"font-weight: 400;\"> Hochgenaues Positionieren.<\/span><\/li>\n<li><span style=\"font-weight: 400;\"> Erweiterte Regelungstechnik mit PT1 Regler, Driftkompensation und Feinpositionierung.<\/span><\/li>\n<li><span style=\"font-weight: 400;\"> \u00dcberlagerter Gleichlaufregler als PT1 (optimal f\u00fcr hydraulische Anwendungen).<\/span><\/li>\n<li><span style=\"font-weight: 400;\"> Optimaler Einsatz mit Nullschnitt Regelventilen.<\/span><\/li>\n<li><span style=\"font-weight: 400;\"> Master \/ Slave oder Mittelwertregelung.<\/span><\/li>\n<li><span style=\"font-weight: 400;\"> Fehlerdiagnostik und erweiterte Funktions\u00fcberpr\u00fcfung.<\/span><\/li>\n<li><span style=\"font-weight: 400;\"> Vereinfachte Parametrierung mit WPC-300 Software.<\/span><\/li>\n<\/ul>\n<p>&nbsp;<\/p>\n<p><b>Funktionsweise:<\/b><\/p>\n<p><span style=\"font-weight: 400;\">Das Modul unterst\u00fctzt die einfache Punkt-Zu-Punkt Positionierung mit hydraulischen Antrieben. Es <\/span><span style=\"font-weight: 400;\">arbeitet nach dem Prinzip des wegabh\u00e4ngigen Bremsens, wobei die Regelverst\u00e4rkung \u00fcber Parameter f\u00fcr den Bremsweg eingestellt wird. Alternativ kann es im NC-Modus mit Vorgabe der Kreisverst\u00e4rkung und maximalen Geschwindigkeit betrieben werden, wobei die Achse geschwindigkeitsgeregelt in Position gefahren wird. Die Bremscharakteristik des Regelventils kann linear oder ann\u00e4hernd quadratisch eingestellt werden.<\/span><\/p>\n<p>&nbsp;<\/p>\n<p><b>Bestellnummern (mit Ansteuerung \u00fcber verschiedene Schnittstellen):<\/b><\/p>\n<ul>\n<li><span style=\"font-weight: 400;\"> POS-124-U-PFN: Ansteuerung \u00fcber Profinet IO Schnittstelle<\/span><\/li>\n<li><span style=\"font-weight: 400;\"> POS-124-U-ETC: Ansteuerung \u00fcber EtherCAT Schnittstelle<\/span><\/li>\n<li><span style=\"font-weight: 400;\"> POS-124-U-PDP: Ansteuerung \u00fcber Profibus DP Schnittstelle<\/span><\/li>\n<\/ul>\n<p>Datenblatt: <a href=\"https:\/\/www.w-e-st.de\/files\/pdf\/POS-124-U-DE.pdf\" target=\"_blank\" rel=\"noopener\">https:\/\/www.w-e-st.de\/files\/pdf\/POS-124-U-DE.pdf<\/a><\/p>\n<p>&nbsp;<\/p>\n<p>&nbsp;<\/p>\n","protected":false},"excerpt":{"rendered":"<p>Das Produkt POS-124-U ist eine Zwei-Achsen-Positionier- und Gleichlaufregelbaugruppe mit Feldbus-Ankopplung und analoger sowie SSI-Sensorschnittstelle. Es dient zur Regelung von zwei hydraulischen Positionierachsen, die entweder unabh\u00e4ngig oder im Gleichlauf \u00fcber einen Feldbus gesteuert werden k\u00f6nnen. &nbsp; Hauptmerkmale und Eigenschaften: Programmierbarer Ausgang mit \u00b110 V Differenzspannung oder 4&#8230;20 mA. Analoge oder SSI-Sensorschnittstelle. Optionale Gleichlaufregelung. Einfache und anwenderfreundliche&hellip;<\/p>\n","protected":false},"featured_media":27093,"template":"","meta":[],"product_brand":[],"product_cat":[319,400],"product_tag":[],"class_list":{"0":"post-28043","1":"product","2":"type-product","3":"status-publish","4":"has-post-thumbnail","6":"product_cat-ansteuerelektronik","7":"product_cat-gleichlaufregelungen","8":"description-off","10":"first","11":"outofstock","12":"sold-individually","13":"purchasable","14":"product-type-simple"},"_links":{"self":[{"href":"https:\/\/schuhmacher-tech.de\/en\/wp-json\/wp\/v2\/product\/28043","targetHints":{"allow":["GET"]}}],"collection":[{"href":"https:\/\/schuhmacher-tech.de\/en\/wp-json\/wp\/v2\/product"}],"about":[{"href":"https:\/\/schuhmacher-tech.de\/en\/wp-json\/wp\/v2\/types\/product"}],"wp:featuredmedia":[{"embeddable":true,"href":"https:\/\/schuhmacher-tech.de\/en\/wp-json\/wp\/v2\/media\/27093"}],"wp:attachment":[{"href":"https:\/\/schuhmacher-tech.de\/en\/wp-json\/wp\/v2\/media?parent=28043"}],"wp:term":[{"taxonomy":"product_brand","embeddable":true,"href":"https:\/\/schuhmacher-tech.de\/en\/wp-json\/wp\/v2\/product_brand?post=28043"},{"taxonomy":"product_cat","embeddable":true,"href":"https:\/\/schuhmacher-tech.de\/en\/wp-json\/wp\/v2\/product_cat?post=28043"},{"taxonomy":"product_tag","embeddable":true,"href":"https:\/\/schuhmacher-tech.de\/en\/wp-json\/wp\/v2\/product_tag?post=28043"}],"curies":[{"name":"wp","href":"https:\/\/api.w.org\/{rel}","templated":true}]}}