{"id":28039,"date":"2026-02-13T08:32:02","date_gmt":"2026-02-13T07:32:02","guid":{"rendered":"https:\/\/schuhmacher-tech.de\/?post_type=product&#038;p=28039"},"modified":"2026-03-09T14:10:54","modified_gmt":"2026-03-09T13:10:54","slug":"csc-158-u-ssic-achsregelsystem","status":"publish","type":"product","link":"https:\/\/schuhmacher-tech.de\/en\/product\/csc-158-u-ssic-achsregelsystem\/","title":{"rendered":"CSC-158-U-SSIC + PCK 308-PFN Achsregelsystem"},"content":{"rendered":"<p><span style=\"font-weight: 400;\">Das Produkt <\/span><b>CSC-158-U-SSIC<\/b><span style=\"font-weight: 400;\"> in Kombination mit dem <\/span><b>PCK-308-C-PFN<\/b><span style=\"font-weight: 400;\"> ist ein Achsregelsystem mit <\/span><span style=\"font-weight: 400;\">Gleichlauffunktion, Druckbegrenzungsregelung, SSI-Schnittstellen und Profinet-Anschluss. Es ist <\/span><span style=\"font-weight: 400;\">f\u00fcr bis zu 4 Achsen geeignet. Dieses System dient zur Steuerung von hydraulischen Achsen und bietet <\/span><span style=\"font-weight: 400;\">eine Positionssteuerung mit \u00fcberlagerter Gleichlauf- und optionaler Druck- bzw. Kraftbegrenzungsregelung.<\/span><\/p>\n<p>&nbsp;<\/p>\n<p><b>Hauptmerkmale und Eigenschaften:<\/b><\/p>\n<ul>\n<li><span style=\"font-weight: 400;\"> Sollwertvorgabe, Istwert R\u00fcckmeldung, Steuer- und Statusinformationen \u00fcber den Feldbus.<\/span><\/li>\n<li><span style=\"font-weight: 400;\"> Wegaufl\u00f6sung bis 1\u03bcm.<\/span><\/li>\n<li><span style=\"font-weight: 400;\"> Geschwindigkeitsgeregeltes Positionieren (alternativ Prinzip des wegabh\u00e4ngigen Bremsens).<\/span><\/li>\n<li><span style=\"font-weight: 400;\"> \u00dcberlagerter Gleichlaufregler als PI oder PT1 Regler.<\/span><\/li>\n<li><span style=\"font-weight: 400;\"> Optionale abl\u00f6sende Druckbegrenzungsregelung.<\/span><\/li>\n<li><span style=\"font-weight: 400;\"> Lastdruckberechnung und -mittelung f\u00fcr die bedarfsgerechte Sollwertvorgabe an die <\/span>Druckversorgung.<\/li>\n<li><span style=\"font-weight: 400;\">Ber\u00fccksichtigung der realen Druckdifferenz an den Ventilschiebern der Achsbaugruppen,<\/span>Kompensation des Lastdruckeinflusses.<\/li>\n<li><span style=\"font-weight: 400;\">SSI Schnittstelle oder analoge Wegsensoren.<\/span><\/li>\n<li><span style=\"font-weight: 400;\"> Interne Profildefinition durch Vorgabe von Beschleunigungen und Verz\u00f6gerungen.<\/span><\/li>\n<li><span style=\"font-weight: 400;\"> Optimaler Einsatz mit Nullschnitt Regelventilen.<\/span><\/li>\n<li><span style=\"font-weight: 400;\"> Einfache Parametrierung mit der WPC-300 Software.<\/span><\/li>\n<li><span style=\"font-weight: 400;\"> Bis zu 4 Achsen ansteuerbar \u00fcber den Feldbus.<\/span><\/li>\n<li><span style=\"font-weight: 400;\"> Betrieb im NC-Modus (geschwindigkeitsgeregelt) m\u00f6glich.<\/span><\/li>\n<li><span style=\"font-weight: 400;\"> Master-Slave-Konzept und Mittelwertbildung vorhanden.<\/span><\/li>\n<li><span style=\"font-weight: 400;\"> Profinet IO RT Schnittstelle.<\/span><\/li>\n<\/ul>\n<p>&nbsp;<\/p>\n<p><b>Funktionsweise:<\/b><\/p>\n<p><span style=\"font-weight: 400;\">Das System erm\u00f6glicht typische Gleichlaufanwendungen, wie z. B. Pressen- und Kalandersteuerungen. Es k\u00f6nnen alle oder einzelne Achsen vollkommen unabh\u00e4ngig voneinander betrieben werden. Neben der Positionier- \/ Gleichlaufregelung ist eine Druckbegrenzungsregelung (Differenzdruckregelung bzw. Kraftregelung) implementiert. Die Funktion kann \u00fcber diverse Steuerbits an die jeweiligen Anforderungen angepasst werden.<\/span><\/p>\n<p><span style=\"font-weight: 400;\">Die Hauptkomponenten sind:<\/span><\/p>\n<ul>\n<li><b>CSC-158-U-SSIC:<\/b><span style=\"font-weight: 400;\"> Das Modul zur Ansteuerung der Achsen mit einem <\/span>universellen\/programmierbaren analogen Ausgang (+\/- 10V Differenzsignal oder 4&#8230; 20mA Stromsignal).<\/li>\n<\/ul>\n<ul>\n<li><b>PCK-308-C-PFN:<\/b><span style=\"font-weight: 400;\"> Das Koppelmodul f\u00fcr die Profinet-Schnittstelle (auf CAN-Bus).<\/span><\/li>\n<\/ul>\n<p><span style=\"font-weight: 400;\">Typische Systemstruktur:<\/span><\/p>\n<p><span style=\"font-weight: 400;\">Das System besteht aus einem PCK-308 und zwei bis vier CSC-158 Modulen.<\/span><\/p>\n","protected":false},"excerpt":{"rendered":"<p>Das Produkt CSC-158-U-SSIC in Kombination mit dem PCK-308-C-PFN ist ein Achsregelsystem mit Gleichlauffunktion, Druckbegrenzungsregelung, SSI-Schnittstellen und Profinet-Anschluss. Es ist f\u00fcr bis zu 4 Achsen geeignet. Dieses System dient zur Steuerung von hydraulischen Achsen und bietet eine Positionssteuerung mit \u00fcberlagerter Gleichlauf- und optionaler Druck- bzw. Kraftbegrenzungsregelung. &nbsp; Hauptmerkmale und Eigenschaften: Sollwertvorgabe, Istwert R\u00fcckmeldung, Steuer- und Statusinformationen&hellip;<\/p>\n","protected":false},"featured_media":27446,"template":"","meta":[],"product_brand":[],"product_cat":[319,400],"product_tag":[],"class_list":{"0":"post-28039","1":"product","2":"type-product","3":"status-publish","4":"has-post-thumbnail","6":"product_cat-ansteuerelektronik","7":"product_cat-gleichlaufregelungen","8":"description-off","10":"first","11":"outofstock","12":"purchasable","13":"product-type-simple"},"_links":{"self":[{"href":"https:\/\/schuhmacher-tech.de\/en\/wp-json\/wp\/v2\/product\/28039","targetHints":{"allow":["GET"]}}],"collection":[{"href":"https:\/\/schuhmacher-tech.de\/en\/wp-json\/wp\/v2\/product"}],"about":[{"href":"https:\/\/schuhmacher-tech.de\/en\/wp-json\/wp\/v2\/types\/product"}],"wp:featuredmedia":[{"embeddable":true,"href":"https:\/\/schuhmacher-tech.de\/en\/wp-json\/wp\/v2\/media\/27446"}],"wp:attachment":[{"href":"https:\/\/schuhmacher-tech.de\/en\/wp-json\/wp\/v2\/media?parent=28039"}],"wp:term":[{"taxonomy":"product_brand","embeddable":true,"href":"https:\/\/schuhmacher-tech.de\/en\/wp-json\/wp\/v2\/product_brand?post=28039"},{"taxonomy":"product_cat","embeddable":true,"href":"https:\/\/schuhmacher-tech.de\/en\/wp-json\/wp\/v2\/product_cat?post=28039"},{"taxonomy":"product_tag","embeddable":true,"href":"https:\/\/schuhmacher-tech.de\/en\/wp-json\/wp\/v2\/product_tag?post=28039"}],"curies":[{"name":"wp","href":"https:\/\/api.w.org\/{rel}","templated":true}]}}