{"id":28038,"date":"2026-02-12T14:21:26","date_gmt":"2026-02-12T13:21:26","guid":{"rendered":"https:\/\/schuhmacher-tech.de\/?post_type=product&#038;p=28038"},"modified":"2026-04-10T10:36:25","modified_gmt":"2026-04-10T08:36:25","slug":"pam-190-i-steckerverstaerker","status":"publish","type":"product","link":"https:\/\/schuhmacher-tech.de\/en\/product\/pam-190-i-steckerverstaerker\/","title":{"rendered":"PAM-190-P-I Steckerverst\u00e4rker"},"content":{"rendered":"<p><span style=\"font-weight: 400;\">Der PAM-190-P ist ein Steckerverst\u00e4rker f\u00fcr Proportionalventile. Es gibt ihn in verschiedenen Ausf\u00fchrungen:<\/span><\/p>\n<ul>\n<li><b>PAM-190-P-A <\/b><span style=\"font-weight: 400;\">&#8211; Leistungsverst\u00e4rker f\u00fcr Proportionalventile mit einem 0\u202610 V Eingang mit M12-Steckverbinder.<\/span><\/li>\n<li><b>PAM-190-P-I<\/b><span style=\"font-weight: 400;\"> &#8211; Leistungsverst\u00e4rker f\u00fcr Proportionalventile mit einem 4&#8230;20 mA Eingang mit M12-Steckverbinder.<\/span><\/li>\n<\/ul>\n<p><span style=\"font-weight: 400;\">Im Folgenden sind einige Eigenschaften und Merkmale des PAM-190-P aufgef\u00fchrt:<\/span><\/p>\n<ul>\n<li><span style=\"font-weight: 400;\"> Anwendung: Stromgeregelte Ansteuerung von Drossel- oder Druckventilen sowie von allgemeinen induktiven Lasten<\/span><\/li>\n<li><span style=\"font-weight: 400;\"> Bauweise: Kompakter und preiswerter Leistungsverst\u00e4rker zur direkten Montage auf das Ventil<\/span><\/li>\n<li><span style=\"font-weight: 400;\"> Eingangssignal: Typischerweise 0&#8230;10 V oder optional 4&#8230;20 mA<\/span><\/li>\n<li><span style=\"font-weight: 400;\"> Ausgangsstrom: Geregelter Ausgangsstrom, unabh\u00e4ngig von Versorgungsspannung und Magnetwiderstand<\/span><\/li>\n<\/ul>\n<p>&nbsp;<\/p>\n<p><span style=\"font-weight: 400;\">Parametrierung:<\/span><\/p>\n<ul>\n<li><span style=\"font-weight: 400;\">\u00dcber PC-Schnittstelle und Programmieradapter ULA-310<\/span><\/li>\n<li><span style=\"font-weight: 400;\">wahlweise \u00fcber integrierte Schalter (Bedienelemente)<\/span><\/li>\n<\/ul>\n<p>&nbsp;<\/p>\n<p><span style=\"font-weight: 400;\">Merkmale:<\/span><\/p>\n<ul>\n<li><span style=\"font-weight: 400;\">Digitale reproduzierbare Einstellungen<\/span><\/li>\n<li><span style=\"font-weight: 400;\">Freie Skalierbarkeit des Eingangssignals<\/span><\/li>\n<li><span style=\"font-weight: 400;\">Auch als Soft-Switch-Verst\u00e4rker (weiches Ein- und Ausschalten) einsetzbar<\/span><\/li>\n<li><span style=\"font-weight: 400;\">Freie Parametrierung von Rampen, MIN und MAX, Dither (Frequenz, Amplitude) und PWM Frequenz<\/span><\/li>\n<li>Anpassbar an alle Standard Proportionalventile<\/li>\n<\/ul>\n<p>&nbsp;<\/p>\n<p><span style=\"font-weight: 400;\">Anschl\u00fcsse:<\/span><\/p>\n<ul>\n<li><span style=\"font-weight: 400;\">Analoge Signale \u00fcber PIN 2 und PIN 4<\/span><\/li>\n<li><span style=\"font-weight: 400;\">Kommunikation \u00fcber PIN 5 (LIN-Bus)<\/span><\/li>\n<li><span style=\"font-weight: 400;\"> Nominaler Ausgangsstrom: 0,5\u2026 2,5 A<\/span><\/li>\n<li><span style=\"font-weight: 400;\"> Versorgungsspannung: 12\u2026 30 VDC<\/span><\/li>\n<li><span style=\"font-weight: 400;\"> Frequenz: 61\u2026 2941 Hz (PWM) in definierten Stufen w\u00e4hlbar<\/span><\/li>\n<li><span style=\"font-weight: 400;\"> EMV: EN 61000-6-2: 8\/2005, EN 61000-6-4: 6\/2007 + A1:2011<\/span><\/li>\n<li><span style=\"font-weight: 400;\"> Abmessungen Geh\u00e4use: DIN EN 175 301-803 A Steckergeh\u00e4use<\/span><\/li>\n<\/ul>\n<p>Zolltarif Nr. \/\u00a0 HS-Code: 85437090<\/p>\n<p>Datenblatt: <a href=\"https:\/\/www.w-e-st.de\/files\/pdf\/PAM-190-P-A-I-DE.pdf\" target=\"_blank\" rel=\"noopener\">https:\/\/www.w-e-st.de\/files\/pdf\/PAM-190-P-A-I-DE.pdf<\/a><\/p>\n","protected":false},"excerpt":{"rendered":"<p>Der PAM-190-P ist ein Steckerverst\u00e4rker f\u00fcr Proportionalventile. Es gibt ihn in verschiedenen Ausf\u00fchrungen: PAM-190-P-A &#8211; Leistungsverst\u00e4rker f\u00fcr Proportionalventile mit einem 0\u202610 V Eingang mit M12-Steckverbinder. PAM-190-P-I &#8211; Leistungsverst\u00e4rker f\u00fcr Proportionalventile mit einem 4&#8230;20 mA Eingang mit M12-Steckverbinder. Im Folgenden sind einige Eigenschaften und Merkmale des PAM-190-P aufgef\u00fchrt: Anwendung: Stromgeregelte Ansteuerung von Drossel- oder Druckventilen sowie&hellip;<\/p>\n","protected":false},"featured_media":27063,"template":"","meta":[],"product_brand":[],"product_cat":[319,401],"product_tag":[],"class_list":{"0":"post-28038","1":"product","2":"type-product","3":"status-publish","4":"has-post-thumbnail","6":"product_cat-ansteuerelektronik","7":"product_cat-leistungsverstaerker","8":"description-off","10":"first","11":"instock","12":"sold-individually","13":"purchasable","14":"product-type-simple"},"_links":{"self":[{"href":"https:\/\/schuhmacher-tech.de\/en\/wp-json\/wp\/v2\/product\/28038","targetHints":{"allow":["GET"]}}],"collection":[{"href":"https:\/\/schuhmacher-tech.de\/en\/wp-json\/wp\/v2\/product"}],"about":[{"href":"https:\/\/schuhmacher-tech.de\/en\/wp-json\/wp\/v2\/types\/product"}],"wp:featuredmedia":[{"embeddable":true,"href":"https:\/\/schuhmacher-tech.de\/en\/wp-json\/wp\/v2\/media\/27063"}],"wp:attachment":[{"href":"https:\/\/schuhmacher-tech.de\/en\/wp-json\/wp\/v2\/media?parent=28038"}],"wp:term":[{"taxonomy":"product_brand","embeddable":true,"href":"https:\/\/schuhmacher-tech.de\/en\/wp-json\/wp\/v2\/product_brand?post=28038"},{"taxonomy":"product_cat","embeddable":true,"href":"https:\/\/schuhmacher-tech.de\/en\/wp-json\/wp\/v2\/product_cat?post=28038"},{"taxonomy":"product_tag","embeddable":true,"href":"https:\/\/schuhmacher-tech.de\/en\/wp-json\/wp\/v2\/product_tag?post=28038"}],"curies":[{"name":"wp","href":"https:\/\/api.w.org\/{rel}","templated":true}]}}