{"id":28037,"date":"2026-02-12T14:15:51","date_gmt":"2026-02-12T13:15:51","guid":{"rendered":"https:\/\/schuhmacher-tech.de\/?post_type=product&#038;p=28037"},"modified":"2026-04-10T10:36:36","modified_gmt":"2026-04-10T08:36:36","slug":"pam-140-p-i-universeller-mobilverstaerker","status":"publish","type":"product","link":"https:\/\/schuhmacher-tech.de\/en\/product\/pam-140-p-i-universeller-mobilverstaerker\/","title":{"rendered":"PAM-140-P-I Universeller Mobilverst\u00e4rker"},"content":{"rendered":"<p><span style=\"font-weight: 400;\">Das Produkt PAM-140-P (A\/I) ist ein universeller Mobilverst\u00e4rker bzw. Leistungsverst\u00e4rker f\u00fcr <\/span><span style=\"font-weight: 400;\">Proportionalventile.\u00a0<\/span><\/p>\n<p><b>Es gibt ihn in verschiedenen Ausf\u00fchrungen:<\/b><\/p>\n<ul>\n<li><b>PAM-140-P-A<\/b><span style=\"font-weight: 400;\"> &#8211; Leistungsverst\u00e4rker f\u00fcr Proportionalventile mit einem 0\u202610 V Eingang<\/span><\/li>\n<li><b>PAM-140-P-I <\/b><span style=\"font-weight: 400;\">&#8211; Leistungsverst\u00e4rker f\u00fcr Proportionalventile mit einem 4&#8230;20 mA Eingang<\/span><\/li>\n<\/ul>\n<p><b>Hier sind die wichtigsten Eigenschaften und Merkmale zusammengefasst:<\/b><\/p>\n<ul>\n<li><span style=\"font-weight: 400;\"> Bestellnummer: PAM-140-P-A (Spannung) oder PAM-140-P-I (Strom)<\/span><\/li>\n<li><span style=\"font-weight: 400;\"> Eingangssignal: Typischerweise 0&#8230;10 V, optional 4&#8230;20 mA<\/span><\/li>\n<li><span style=\"font-weight: 400;\"> Geh\u00e4use: Kompaktes und kosteng\u00fcnstiges IP-65 Geh\u00e4use<\/span><\/li>\n<li><span style=\"font-weight: 400;\"> Ausgangsstrom: Geregelter Ausgangsstrom, unabh\u00e4ngig von Versorgungsspannung und <\/span>Magnetwiderstand<\/li>\n<\/ul>\n<p><span style=\"font-weight: 400;\"> Parametrierung:<\/span><\/p>\n<ul>\n<li><span style=\"font-weight: 400;\"> \u00dcber PC-Schnittstelle und Programmieradapter ULA-310<\/span><\/li>\n<li><span style=\"font-weight: 400;\"> Wahlweise \u00fcber integrierte Schalter (Bedienelemente)<\/span><\/li>\n<li><span style=\"font-weight: 400;\"> Einfache Parametereinstellung<\/span><\/li>\n<li><span style=\"font-weight: 400;\"> Digitale reproduzierbare Einstellungen<\/span><\/li>\n<li><span style=\"font-weight: 400;\"> Anwendungsorientiert<\/span><\/li>\n<li><span style=\"font-weight: 400;\"> Einstellm\u00f6glichkeiten\/Parametrierung:<\/span><\/li>\n<li><span style=\"font-weight: 400;\"> Freie Skalierbarkeit des Eingangssignals<\/span><\/li>\n<li><span style=\"font-weight: 400;\"> Freie Parametrierung von Rampen, MIN und MAX, Dither (Frequenz, Amplitude) und <\/span>PWM Frequenz<\/li>\n<li><span style=\"font-weight: 400;\"> Ausgangsstrombereich: Nominaler Ausgangsstrom von 0,5&#8230;2,5 A<\/span><\/li>\n<li><span style=\"font-weight: 400;\"> Anpassung: Anpassbar an alle Standard Proportionalventile<\/span><\/li>\n<li><span style=\"font-weight: 400;\"> Fehler\u00fcberwachung: Erweiterte Funktionskontrollen und Fehler\u00fcberwachung<\/span><\/li>\n<li><span style=\"font-weight: 400;\"> Programmierung: Programmierbar \u00fcber USB\/LIN-Bus mit der WPC-300 Software<\/span><\/li>\n<\/ul>\n<p><span style=\"font-weight: 400;\"> Merkmale:<\/span><\/p>\n<ul>\n<li><span style=\"font-weight: 400;\"> Leiterplatte in IP-65 Geh\u00e4use<\/span><\/li>\n<li><span style=\"font-weight: 400;\"> Referenzspannung zur Versorgung von Potentiometern<\/span><\/li>\n<\/ul>\n<p>&nbsp;<\/p>\n<p><b>Typische Anwendungen:<\/b><span style=\"font-weight: 400;\"> Stromgeregelte Ansteuerung von Drossel- oder Druckventilen.<\/span><\/p>\n<p>Zolltarif Nr. \/ HS-Code: 85437090<\/p>\n<p>Datenblatt: <a href=\"https:\/\/www.w-e-st.de\/files\/pdf\/PAM-140-P-A-I-DE.pdf\" target=\"_blank\" rel=\"noopener\">https:\/\/www.w-e-st.de\/files\/pdf\/PAM-140-P-A-I-DE.pdf<\/a><\/p>\n","protected":false},"excerpt":{"rendered":"<p>Das Produkt PAM-140-P (A\/I) ist ein universeller Mobilverst\u00e4rker bzw. Leistungsverst\u00e4rker f\u00fcr Proportionalventile.\u00a0 Es gibt ihn in verschiedenen Ausf\u00fchrungen: PAM-140-P-A &#8211; Leistungsverst\u00e4rker f\u00fcr Proportionalventile mit einem 0\u202610 V Eingang PAM-140-P-I &#8211; Leistungsverst\u00e4rker f\u00fcr Proportionalventile mit einem 4&#8230;20 mA Eingang Hier sind die wichtigsten Eigenschaften und Merkmale zusammengefasst: Bestellnummer: PAM-140-P-A (Spannung) oder PAM-140-P-I (Strom) Eingangssignal: Typischerweise 0&#8230;10&hellip;<\/p>\n","protected":false},"featured_media":27067,"template":"","meta":[],"product_brand":[],"product_cat":[319,401],"product_tag":[],"class_list":{"0":"post-28037","1":"product","2":"type-product","3":"status-publish","4":"has-post-thumbnail","6":"product_cat-ansteuerelektronik","7":"product_cat-leistungsverstaerker","8":"description-off","10":"first","11":"outofstock","12":"sold-individually","13":"purchasable","14":"product-type-simple"},"_links":{"self":[{"href":"https:\/\/schuhmacher-tech.de\/en\/wp-json\/wp\/v2\/product\/28037","targetHints":{"allow":["GET"]}}],"collection":[{"href":"https:\/\/schuhmacher-tech.de\/en\/wp-json\/wp\/v2\/product"}],"about":[{"href":"https:\/\/schuhmacher-tech.de\/en\/wp-json\/wp\/v2\/types\/product"}],"wp:featuredmedia":[{"embeddable":true,"href":"https:\/\/schuhmacher-tech.de\/en\/wp-json\/wp\/v2\/media\/27067"}],"wp:attachment":[{"href":"https:\/\/schuhmacher-tech.de\/en\/wp-json\/wp\/v2\/media?parent=28037"}],"wp:term":[{"taxonomy":"product_brand","embeddable":true,"href":"https:\/\/schuhmacher-tech.de\/en\/wp-json\/wp\/v2\/product_brand?post=28037"},{"taxonomy":"product_cat","embeddable":true,"href":"https:\/\/schuhmacher-tech.de\/en\/wp-json\/wp\/v2\/product_cat?post=28037"},{"taxonomy":"product_tag","embeddable":true,"href":"https:\/\/schuhmacher-tech.de\/en\/wp-json\/wp\/v2\/product_tag?post=28037"}],"curies":[{"name":"wp","href":"https:\/\/api.w.org\/{rel}","templated":true}]}}