{"id":28036,"date":"2026-02-12T14:09:19","date_gmt":"2026-02-12T13:09:19","guid":{"rendered":"https:\/\/schuhmacher-tech.de\/?post_type=product&#038;p=28036"},"modified":"2026-04-10T10:36:42","modified_gmt":"2026-04-10T08:36:42","slug":"pqp-179-p-pfn-universelles-pumpenregelmodul","status":"publish","type":"product","link":"https:\/\/schuhmacher-tech.de\/en\/product\/pqp-179-p-pfn-universelles-pumpenregelmodul\/","title":{"rendered":"PQP-179-P-PFN, Universelles Pumpenregelmodul"},"content":{"rendered":"<p><span style=\"font-weight: 400;\">Das PQP-179-P-PFN ist ein universelles Pumpenregelmodul f\u00fcr den offenen oder geschlossenen <\/span><span style=\"font-weight: 400;\">Kreislauf mit integrierter Leistungsendstufe und optional aktivierbarem Schieberlageregler f\u00fcr das <\/span><span style=\"font-weight: 400;\">Stellventil mit Profinet-Anbindung. Es dient zur Schwenkwinkel-, Druck- und Leistungsregelung von <\/span><span style=\"font-weight: 400;\">Regelpumpen.<\/span><\/p>\n<p>&nbsp;<\/p>\n<p><b>Wichtige Eigenschaften und Merkmale des PQP-179-P-PFN:<\/b><\/p>\n<ul>\n<li><span style=\"font-weight: 400;\"> Schwenkwinkel-, Druck-, Leistungs- und Schieberlageregelung<\/span><\/li>\n<li><span style=\"font-weight: 400;\"> F\u00fcr Pumpen im offenen oder geschlossenen Kreislauf<\/span><\/li>\n<li><span style=\"font-weight: 400;\"> Universell verwendbar, auch f\u00fcr Ventil-Lageregelungen und andere Regelungsaufgaben<\/span><\/li>\n<li><span style=\"font-weight: 400;\"> Sollwertvorgabe und \u00dcberwachung \u00fcber den Feldbus (Profinet)<\/span><\/li>\n<li><span style=\"font-weight: 400;\"> Frei skalierbare analoge Eing\u00e4nge, M\u00f6glichkeit zur Erweiterung mit einer LVDT-Baugruppe<\/span><\/li>\n<li><span style=\"font-weight: 400;\"> Optimierte Regelfunktion, digitale reproduzierbare Einstellung<\/span><\/li>\n<li><span style=\"font-weight: 400;\"> Zwei Parameters\u00e4tze f\u00fcr die Druckregelung anw\u00e4hlbar<\/span><\/li>\n<li><span style=\"font-weight: 400;\"> Integrierte Leistungsendstufe<\/span><\/li>\n<li><span style=\"font-weight: 400;\"> Alternative analoge Stellgr\u00f6\u00dfe f\u00fcr Regelventile mit OBE<\/span><\/li>\n<li><span style=\"font-weight: 400;\"> Master-Slave-Funktion zur Ansteuerung mehrerer parallelgeschalteter Pumpen<\/span><\/li>\n<li><span style=\"font-weight: 400;\"> Einfache Parametrierung mit der WPC-300 Software oder \u00fcber den Feldbus<\/span><\/li>\n<li><span style=\"font-weight: 400;\"> Das Modul kann ein Wegeventil zur Schwenkwinkelverstellung an der Pumpe ansteuern. Es ist <\/span>m\u00f6glich, Ventile mit einem oder zwei Magneten zu steuern.<\/li>\n<li><span style=\"font-weight: 400;\"> Es besteht die M\u00f6glichkeit, einen internen Schieberlageregler f\u00fcr das Stellventil zu aktivieren, der <\/span>2-magnetige Ventile mit elektrischer R\u00fcckmeldung der Schieberposition ansteuert.<\/li>\n<li><span style=\"font-weight: 400;\">Die Regelstruktur ist als Kaskadenregelung ausgef\u00fchrt und somit f\u00fcr viele verschiedene Pumpen der verschiedenen Hersteller geeignet.<\/span><\/li>\n<li><span style=\"font-weight: 400;\"> Das Schwenken \u00fcber Null ist durch die Sollwertvorgabe im negativen Bereich m\u00f6glich.<\/span><\/li>\n<li><span style=\"font-weight: 400;\"> Soll- und Istwerte k\u00f6nnen sowohl als Spannungssignale (0&#8230;10V) als auch als Stromsignale (4&#8230;<\/span>20mA) eingelesen werden.<\/li>\n<li><span style=\"font-weight: 400;\">Die Eing\u00e4nge sind frei skalierbar, sodass auch individuelle Signalbereiche ausgewertet werden <\/span>k\u00f6nnen.<\/li>\n<li><span style=\"font-weight: 400;\">Das Modul ist ein idealer Ersatz f\u00fcr OEM-Steuerkarten wie Rexroth VT-VPCD f\u00fcr HS4- oder EO4-<\/span>Verstellung.<\/li>\n<\/ul>\n<p>&nbsp;<\/p>\n<p><b>Wissenswertes:<\/b><\/p>\n<ul>\n<li><span style=\"font-weight: 400;\"> Die Bestellnummer lautet PQP-179-P-PFN.<\/span><\/li>\n<li><span style=\"font-weight: 400;\"> Alternative Produkte sind das PQP-179-P und das PQP-176-P.<\/span><\/li>\n<\/ul>\n<p>&nbsp;<\/p>\n<p><span style=\"font-weight: 400;\">Das Modul realisiert eine Pumpenregelung f\u00fcr reversierbare oder nichtreversierbare Verstellpumpen durch die Ansteuerung des Schwenkwinkelventils. Die externe Vorgabe kann durch verschiedene Parameter und Funktionen beeinflusst werden. Die integrierte Leistungsbegrenzungsfunktion sowie der Druckregler, der als Kaskade zugeschaltet werden kann, k\u00f6nnen in beiden F\u00f6rderrichtungen eingreifen. F\u00fcr Stellventile mit elektrischer R\u00fcckf\u00fchrung der Schieberposition verf\u00fcgt das Ger\u00e4t \u00fcber einen optional aktivierbaren <\/span><span style=\"font-weight: 400;\">zus\u00e4tzlichen Regler.<\/span><\/p>\n","protected":false},"excerpt":{"rendered":"<p>Das PQP-179-P-PFN ist ein universelles Pumpenregelmodul f\u00fcr den offenen oder geschlossenen Kreislauf mit integrierter Leistungsendstufe und optional aktivierbarem Schieberlageregler f\u00fcr das Stellventil mit Profinet-Anbindung. Es dient zur Schwenkwinkel-, Druck- und Leistungsregelung von Regelpumpen. &nbsp; Wichtige Eigenschaften und Merkmale des PQP-179-P-PFN: Schwenkwinkel-, Druck-, Leistungs- und Schieberlageregelung F\u00fcr Pumpen im offenen oder geschlossenen Kreislauf Universell verwendbar, auch&hellip;<\/p>\n","protected":false},"featured_media":27121,"template":"","meta":[],"product_brand":[],"product_cat":[319,404],"product_tag":[],"class_list":{"0":"post-28036","1":"product","2":"type-product","3":"status-publish","4":"has-post-thumbnail","6":"product_cat-ansteuerelektronik","7":"product_cat-pumpenregelungen","8":"description-off","10":"first","11":"instock","12":"sold-individually","13":"purchasable","14":"product-type-simple"},"_links":{"self":[{"href":"https:\/\/schuhmacher-tech.de\/en\/wp-json\/wp\/v2\/product\/28036","targetHints":{"allow":["GET"]}}],"collection":[{"href":"https:\/\/schuhmacher-tech.de\/en\/wp-json\/wp\/v2\/product"}],"about":[{"href":"https:\/\/schuhmacher-tech.de\/en\/wp-json\/wp\/v2\/types\/product"}],"wp:featuredmedia":[{"embeddable":true,"href":"https:\/\/schuhmacher-tech.de\/en\/wp-json\/wp\/v2\/media\/27121"}],"wp:attachment":[{"href":"https:\/\/schuhmacher-tech.de\/en\/wp-json\/wp\/v2\/media?parent=28036"}],"wp:term":[{"taxonomy":"product_brand","embeddable":true,"href":"https:\/\/schuhmacher-tech.de\/en\/wp-json\/wp\/v2\/product_brand?post=28036"},{"taxonomy":"product_cat","embeddable":true,"href":"https:\/\/schuhmacher-tech.de\/en\/wp-json\/wp\/v2\/product_cat?post=28036"},{"taxonomy":"product_tag","embeddable":true,"href":"https:\/\/schuhmacher-tech.de\/en\/wp-json\/wp\/v2\/product_tag?post=28036"}],"curies":[{"name":"wp","href":"https:\/\/api.w.org\/{rel}","templated":true}]}}