{"id":28031,"date":"2026-02-12T14:02:44","date_gmt":"2026-02-12T13:02:44","guid":{"rendered":"https:\/\/schuhmacher-tech.de\/?post_type=product&#038;p=28031"},"modified":"2026-04-10T10:36:27","modified_gmt":"2026-04-10T08:36:27","slug":"pos-124-u-etc-universelle-positionierbaugruppe","status":"publish","type":"product","link":"https:\/\/schuhmacher-tech.de\/en\/product\/pos-124-u-etc-universelle-positionierbaugruppe\/","title":{"rendered":"POS-124-U-ETC, Universelle Positionierbaugruppe"},"content":{"rendered":"<p><span style=\"font-weight: 400;\">Das Produkt POS-124-U ist eine Zwei-Achsen-Positionier- und Gleichlaufregelbaugruppe mit <\/span><span style=\"font-weight: 400;\">Feldbus Ankopplung und analoger sowie SSI-Sensorschnittstelle. Es wurde zur Regelung von zwei <\/span><span style=\"font-weight: 400;\">hydraulischen Positionierachsen entwickelt, die entweder unabh\u00e4ngig oder im Gleichlauf \u00fcber einen <\/span><span style=\"font-weight: 400;\">Feldbus gesteuert werden k\u00f6nnen.<\/span><\/p>\n<p>&nbsp;<\/p>\n<p><b>Hauptmerkmale und Eigenschaften:<\/b><\/p>\n<ul>\n<li><span style=\"font-weight: 400;\"> Vielseitigkeit: Das Modul ist universell einsetzbar und bietet verschiedene Optionen f\u00fcr die <\/span>Ansteuerung und Sensorik.<\/li>\n<li><span style=\"font-weight: 400;\">Differenzausg\u00e4nge: Die Differenzausg\u00e4nge sind zur Ansteuerung von Stetigventilen mit <\/span>integrierter oder externer Elektronik (Differenzeingang) ausgelegt. Alternativ kann das Ausgangssignal auf 4&#8230; 20 mA parametriert werden.<\/li>\n<li><span style=\"font-weight: 400;\">Analoge\/digitale Sensoren: Vorgesehen ist die Baugruppe f\u00fcr den Anschluss analoger <\/span>Wegesensoren 0&#8230;10 V oder 4&#8230;20 mA (skalierbar) oder digitaler SSI Wegsensoren.<\/li>\n<li><span style=\"font-weight: 400;\">Skalierbarkeit: Einfache und anwenderfreundliche Skalierung der Sensoren.<\/span><\/li>\n<li><span style=\"font-weight: 400;\"> Gleichlaufregelung: \u00dcberlagerter Gleichlaufregler als PT1 (optimal f\u00fcr hydraulische <\/span>Anwendungen). Master \/ Slave oder Mittelwertregelung.<\/li>\n<li><span style=\"font-weight: 400;\">Hohe Pr\u00e4zision: Hochgenaues Positionieren. Geschwindigkeitsaufl\u00f6sung 0,005 mm\/s.<\/span><\/li>\n<li><span style=\"font-weight: 400;\"> Erweiterte Regelungstechnik: Erweiterte Regelungstechnik mit PT1 Regler, Driftkompensation <\/span>und Feinpositionierung.<\/li>\n<li><span style=\"font-weight: 400;\">Ventilkompatibilit\u00e4t: Optimaler Einsatz mit Nullschnitt Regelventilen.<\/span><\/li>\n<li><span style=\"font-weight: 400;\"> Fehlerdiagnose: Fehlerdiagnostik und erweiterte Funktions\u00fcberpr\u00fcfung.<\/span><\/li>\n<li><span style=\"font-weight: 400;\"> Parametrierung: Vereinfachte Parametrierung mit WPC-300 Software.<\/span><\/li>\n<\/ul>\n<p>&nbsp;<\/p>\n<p><b>Funktionsweise:<\/b><\/p>\n<p><span style=\"font-weight: 400;\">Das Regelmodul unterst\u00fctzt die einfache Punkt-Zu-Punkt Positionierung mit hydraulischen Antrieben. <\/span><span style=\"font-weight: 400;\">Das System arbeitet nach dem Prinzip des wegabh\u00e4ngigen Bremsens, d. h. die Regelverst\u00e4rkung wird <\/span><span style=\"font-weight: 400;\">\u00fcber die Parameter D:A und D:B, f\u00fcr den Bremsweg, eingestellt. Alternativ arbeitet das Modul im NC <\/span><span style=\"font-weight: 400;\">Modus mit Vorgabe der Kreisverst\u00e4rkung und maximalen Geschwindigkeit. Hierbei wird die Achse <\/span><span style=\"font-weight: 400;\">geschwindigkeitsgeregelt in Position gefahren. Das Profil wird anhand der Vorgabe der Beschleunigung und Geschwindigkeit berechnet.<\/span><\/p>\n<p>&nbsp;<\/p>\n<p><b>Schnittstellen:<\/b><\/p>\n<ul>\n<li><span style=\"font-weight: 400;\"> Feldbus-Schnittstelle: 2*RJ45 \/ 9 pol. D-SUB<\/span><\/li>\n<li><span style=\"font-weight: 400;\"> USB-Schnittstelle<\/span><\/li>\n<li><span style=\"font-weight: 400;\"> EtherCAT IO Schnittstelle<\/span><\/li>\n<li><span style=\"font-weight: 400;\"> Profinet IO RT Schnittstelle<\/span><\/li>\n<li><span style=\"font-weight: 400;\"> Profibus DP Schnittstelle<\/span><\/li>\n<\/ul>\n<p>&nbsp;<\/p>\n<p><b>Bestellnummern:<\/b><\/p>\n<ul>\n<li><b>POS-124-U-PFN <\/b><span style=\"font-weight: 400;\">Ansteuerung \u00fcber Profinet IO Schnittstelle<\/span><\/li>\n<li><b>POS-124-U-ETC<\/b><span style=\"font-weight: 400;\"> Ansteuerung \u00fcber EtherCAT Schnittstelle<\/span><\/li>\n<li><b>POS-124-U-PDP<\/b><span style=\"font-weight: 400;\"> Ansteuerung \u00fcber Profibus DP Schnittstelle<\/span><\/li>\n<\/ul>\n<p>Zolltarif Nr. \/ HS-Code: 85371098<\/p>\n<p>Datenblatt: <a href=\"https:\/\/www.w-e-st.de\/files\/pdf\/POS-123-U-P-SSI-DE.pdf\" target=\"_blank\" rel=\"noopener\">https:\/\/www.w-e-st.de\/files\/pdf\/POS-123-U-P-SSI-DE.pdf<\/a><\/p>\n","protected":false},"excerpt":{"rendered":"<p>Das Produkt POS-124-U ist eine Zwei-Achsen-Positionier- und Gleichlaufregelbaugruppe mit Feldbus Ankopplung und analoger sowie SSI-Sensorschnittstelle. Es wurde zur Regelung von zwei hydraulischen Positionierachsen entwickelt, die entweder unabh\u00e4ngig oder im Gleichlauf \u00fcber einen Feldbus gesteuert werden k\u00f6nnen. &nbsp; Hauptmerkmale und Eigenschaften: Vielseitigkeit: Das Modul ist universell einsetzbar und bietet verschiedene Optionen f\u00fcr die Ansteuerung und Sensorik.&hellip;<\/p>\n","protected":false},"featured_media":27083,"template":"","meta":[],"product_brand":[],"product_cat":[319,403],"product_tag":[],"class_list":{"0":"post-28031","1":"product","2":"type-product","3":"status-publish","4":"has-post-thumbnail","6":"product_cat-ansteuerelektronik","7":"product_cat-positioniersteuerungen","8":"description-off","10":"first","11":"outofstock","12":"sold-individually","13":"purchasable","14":"product-type-simple"},"_links":{"self":[{"href":"https:\/\/schuhmacher-tech.de\/en\/wp-json\/wp\/v2\/product\/28031","targetHints":{"allow":["GET"]}}],"collection":[{"href":"https:\/\/schuhmacher-tech.de\/en\/wp-json\/wp\/v2\/product"}],"about":[{"href":"https:\/\/schuhmacher-tech.de\/en\/wp-json\/wp\/v2\/types\/product"}],"wp:featuredmedia":[{"embeddable":true,"href":"https:\/\/schuhmacher-tech.de\/en\/wp-json\/wp\/v2\/media\/27083"}],"wp:attachment":[{"href":"https:\/\/schuhmacher-tech.de\/en\/wp-json\/wp\/v2\/media?parent=28031"}],"wp:term":[{"taxonomy":"product_brand","embeddable":true,"href":"https:\/\/schuhmacher-tech.de\/en\/wp-json\/wp\/v2\/product_brand?post=28031"},{"taxonomy":"product_cat","embeddable":true,"href":"https:\/\/schuhmacher-tech.de\/en\/wp-json\/wp\/v2\/product_cat?post=28031"},{"taxonomy":"product_tag","embeddable":true,"href":"https:\/\/schuhmacher-tech.de\/en\/wp-json\/wp\/v2\/product_tag?post=28031"}],"curies":[{"name":"wp","href":"https:\/\/api.w.org\/{rel}","templated":true}]}}