{"id":28029,"date":"2026-02-12T13:45:57","date_gmt":"2026-02-12T12:45:57","guid":{"rendered":"https:\/\/schuhmacher-tech.de\/?post_type=product&#038;p=28029"},"modified":"2026-04-10T10:36:35","modified_gmt":"2026-04-10T08:36:35","slug":"uhc-126-u-universelle-achsregelbaugruppe","status":"publish","type":"product","link":"https:\/\/schuhmacher-tech.de\/en\/product\/uhc-126-u-universelle-achsregelbaugruppe\/","title":{"rendered":"UHC-126-U-ETC Universelle Achsregelbaugruppe"},"content":{"rendered":"<p><span style=\"font-weight: 400;\">Das Produkt UHC-126-U-PFN\/ETC\/PDP ist eine universelle Achsregelbaugruppe, die sowohl f\u00fcr <\/span><span style=\"font-weight: 400;\">Positions- als auch f\u00fcr Druckregelung konzipiert ist. Es verf\u00fcgt \u00fcber eine Feldbus IO-Ankopplung <\/span><span style=\"font-weight: 400;\">und eine SSI-Sensorschnittstelle. Dieses Modul kann als universeller Achsregler f\u00fcr hydraulische <\/span><span style=\"font-weight: 400;\">Antriebe eingesetzt werden.<\/span><\/p>\n<p>&nbsp;<\/p>\n<p><b>Hauptmerkmale und Eigenschaften:<\/b><\/p>\n<ul>\n<li><span style=\"font-weight: 400;\"> Sollwertvorgabe, Istwertr\u00fcckmeldung, Steuerbyte und Statusbyte \u00fcber den Feldbus.<\/span><\/li>\n<li><span style=\"font-weight: 400;\"> SSI-Sensorschnittstelle oder analoge Sensorschnittstelle (0&#8230; 10 V oder 4&#8230; 20 mA).<\/span><\/li>\n<li><span style=\"font-weight: 400;\"> Wegaufl\u00f6sung bis 1\u03bcm (SSI-Schnittstelle).<\/span><\/li>\n<li><span style=\"font-weight: 400;\"> Geschwindigkeitsaufl\u00f6sung 0,005 mm\/s.<\/span><\/li>\n<li><span style=\"font-weight: 400;\"> Positioniermodus: Wegabh\u00e4ngiges Bremsen oder NC-Mode mit internem Profilgenerator.<\/span><\/li>\n<li><span style=\"font-weight: 400;\"> Eil-Schleichgang Positionierung bzw. Schleich-Eilgang integriert.<\/span><\/li>\n<li><span style=\"font-weight: 400;\"> Alternativ kann auf kontinuierliche Sollwertvorgabe umgeschaltet werden.<\/span><\/li>\n<li><span style=\"font-weight: 400;\"> Druckregelfunktion als abl\u00f6sender Druckregler (Differenzdruckregelung oder Kraftregelung).<\/span><\/li>\n<li><span style=\"font-weight: 400;\"> Erweiterte Regelungstechnik mit PT1 Regler, Driftkompensation, Feinpositionierung, <\/span>Vorsteuerung und Beschleunigungsr\u00fcckf\u00fchrung.<\/li>\n<li><span style=\"font-weight: 400;\">Optimaler Einsatz mit \u00fcberdeckten Proportionalventilen und mit Nullschnitt &#8211; Regelventilen.<\/span><\/li>\n<li><span style=\"font-weight: 400;\"> Fehlerdiagnostik und erweiterte Funktions\u00fcberpr\u00fcfung.<\/span><\/li>\n<li><span style=\"font-weight: 400;\"> Vereinfachte Parametrierung mit WPC-300 Software.<\/span><\/li>\n<\/ul>\n<p>&nbsp;<\/p>\n<p><b>Anwendungsbereiche:<\/b><\/p>\n<ul>\n<li><span style=\"font-weight: 400;\"> Positionierantriebe<\/span><\/li>\n<li><span style=\"font-weight: 400;\"> Schnelle Transportantriebe<\/span><\/li>\n<li><span style=\"font-weight: 400;\"> Handhabungsachsen<\/span><\/li>\n<li><span style=\"font-weight: 400;\"> Umformmaschinen mit Positions- und Druckregelung<\/span><\/li>\n<li><span style=\"font-weight: 400;\"> Vorschubantriebe<\/span><\/li>\n<\/ul>\n<p>&nbsp;<\/p>\n<p><b>Funktionsweise:<\/b><\/p>\n<p><span style=\"font-weight: 400;\">Die Produktfamilie UHC-126-U beinhaltet Baugruppen mit digitaler Positionsmessung (umschaltbar auf einen analogen Positionssensor) sowie Druckregelung\/Druck\u00fcberwachung und einer integrierten <\/span><span style=\"font-weight: 400;\">Kommunikation \u00fcber einen Ethernet \u2013 Feldbusanschluss bzw. Profibus &#8211; DP. Optional kann durch die <\/span><span style=\"font-weight: 400;\">Sollwertvorgabe einer zweiten Position und einer zweiten Geschwindigkeit im Schleich- oder Eilgang in diese neue Position gefahren werden. Die Achse kann entweder als Punkt-zu-Punkt-Steuerung <\/span><span style=\"font-weight: 400;\">(wegabh\u00e4ngiges Bremsen) oder im NC-Modus betrieben werden.<\/span><\/p>\n<p>&nbsp;<\/p>\n<p><b>Bestellnummern:<\/b><\/p>\n<ul>\n<li><b>UHC-126-U-PFN<\/b><span style=\"font-weight: 400;\"> &#8211; ProfiNet IO Ankopplung<\/span><\/li>\n<li><b>UHC-126-U-ET<\/b><span style=\"font-weight: 400;\">C &#8211; EtherCAT IO Ankopplung<\/span><\/li>\n<li><b>UHC-126-U-PDP<\/b><span style=\"font-weight: 400;\"> &#8211; Profibus \u2013 DP Ankopplung<\/span><\/li>\n<\/ul>\n<p>Zolltarif Nr. \/ HS-Code: 85371098<\/p>\n<p>Datenblatt: <a href=\"https:\/\/www.w-e-st.de\/files\/pdf\/UHC-126-U-PFN-ETC-PDP-DE.pdf\" target=\"_blank\" rel=\"noopener\">https:\/\/www.w-e-st.de\/files\/pdf\/UHC-126-U-PFN-ETC-PDP-DE.pdf<\/a><\/p>\n","protected":false},"excerpt":{"rendered":"<p>Das Produkt UHC-126-U-PFN\/ETC\/PDP ist eine universelle Achsregelbaugruppe, die sowohl f\u00fcr Positions- als auch f\u00fcr Druckregelung konzipiert ist. Es verf\u00fcgt \u00fcber eine Feldbus IO-Ankopplung und eine SSI-Sensorschnittstelle. Dieses Modul kann als universeller Achsregler f\u00fcr hydraulische Antriebe eingesetzt werden. &nbsp; Hauptmerkmale und Eigenschaften: Sollwertvorgabe, Istwertr\u00fcckmeldung, Steuerbyte und Statusbyte \u00fcber den Feldbus. SSI-Sensorschnittstelle oder analoge Sensorschnittstelle (0&#8230; 10&hellip;<\/p>\n","protected":false},"featured_media":27095,"template":"","meta":[],"product_brand":[],"product_cat":[319,403],"product_tag":[],"class_list":{"0":"post-28029","1":"product","2":"type-product","3":"status-publish","4":"has-post-thumbnail","6":"product_cat-ansteuerelektronik","7":"product_cat-positioniersteuerungen","8":"description-off","10":"first","11":"outofstock","12":"sold-individually","13":"purchasable","14":"product-type-simple"},"_links":{"self":[{"href":"https:\/\/schuhmacher-tech.de\/en\/wp-json\/wp\/v2\/product\/28029","targetHints":{"allow":["GET"]}}],"collection":[{"href":"https:\/\/schuhmacher-tech.de\/en\/wp-json\/wp\/v2\/product"}],"about":[{"href":"https:\/\/schuhmacher-tech.de\/en\/wp-json\/wp\/v2\/types\/product"}],"wp:featuredmedia":[{"embeddable":true,"href":"https:\/\/schuhmacher-tech.de\/en\/wp-json\/wp\/v2\/media\/27095"}],"wp:attachment":[{"href":"https:\/\/schuhmacher-tech.de\/en\/wp-json\/wp\/v2\/media?parent=28029"}],"wp:term":[{"taxonomy":"product_brand","embeddable":true,"href":"https:\/\/schuhmacher-tech.de\/en\/wp-json\/wp\/v2\/product_brand?post=28029"},{"taxonomy":"product_cat","embeddable":true,"href":"https:\/\/schuhmacher-tech.de\/en\/wp-json\/wp\/v2\/product_cat?post=28029"},{"taxonomy":"product_tag","embeddable":true,"href":"https:\/\/schuhmacher-tech.de\/en\/wp-json\/wp\/v2\/product_tag?post=28029"}],"curies":[{"name":"wp","href":"https:\/\/api.w.org\/{rel}","templated":true}]}}