{"id":28027,"date":"2026-02-12T13:32:16","date_gmt":"2026-02-12T12:32:16","guid":{"rendered":"https:\/\/schuhmacher-tech.de\/?post_type=product&#038;p=28027"},"modified":"2026-04-10T10:36:38","modified_gmt":"2026-04-10T08:36:38","slug":"pos-321-p-universelle-positionierbaugruppe","status":"publish","type":"product","link":"https:\/\/schuhmacher-tech.de\/en\/product\/pos-321-p-universelle-positionierbaugruppe\/","title":{"rendered":"POS-321-P, Universelle Positionierbaugruppe"},"content":{"rendered":"<p><span style=\"font-weight: 400;\">Das Produkt POS-321-P ist eine universelle Positionierbaugruppe mit Leistungsendstufe, die sich <\/span><span style=\"font-weight: 400;\">durch Inbetriebnahmeassistent, Skriptprogrammierung und eine integrierte Option zur Simulation <\/span><span style=\"font-weight: 400;\">der Regelstrecke auszeichnet. Es dient zur Steuerung von preiswerten hydraulischen <\/span><span style=\"font-weight: 400;\">Positionierantrieben, bei denen Proportionalventile ohne integrierte Elektronik und ohne <\/span><span style=\"font-weight: 400;\">Kolbenpositionsmessung zum Einsatz kommen.<\/span><\/p>\n<p>&nbsp;<\/p>\n<p><b>Hauptmerkmale und Eigenschaften:<\/b><\/p>\n<ul>\n<li><span style=\"font-weight: 400;\"> Analoge Positions- und Geschwindigkeitsvorgabe<\/span><\/li>\n<li><span style=\"font-weight: 400;\"> Geeignet f\u00fcr analoge Wegsensoren<\/span><\/li>\n<li><span style=\"font-weight: 400;\"> Integrierte Leistungsendstufe<\/span><\/li>\n<li><span style=\"font-weight: 400;\"> Freie Konfigurationsm\u00f6glichkeit durch anpassbare Funktion \u00fcber Skriptprogrammierung<\/span><\/li>\n<li><span style=\"font-weight: 400;\"> Integriertes Strecken-Simulationsmodell<\/span><\/li>\n<li><span style=\"font-weight: 400;\"> Software-Assistent f\u00fcr eine einfache und schnelle Inbetriebnahme<\/span><\/li>\n<li><span style=\"font-weight: 400;\"> Datenvorgabe f\u00fcr die Bewegung in mm bzw. mm\/s<\/span><\/li>\n<li><span style=\"font-weight: 400;\"> Interne Profildefinition durch Vorgabe von Beschleunigungen, Geschwindigkeit und <\/span>Verz\u00f6gerungen<\/li>\n<li><span style=\"font-weight: 400;\">Wegabh\u00e4ngiges Bremsen f\u00fcr k\u00fcrzeste Hubzeiten<\/span><\/li>\n<li><span style=\"font-weight: 400;\"> NC Profilgenerator f\u00fcr konstante Geschwindigkeit<\/span><\/li>\n<li><span style=\"font-weight: 400;\"> Optimierte Regelungstechnik<\/span><\/li>\n<li><span style=\"font-weight: 400;\"> Fehlerdiagnostik und erweiterte Funktions\u00fcberpr\u00fcfung<\/span><\/li>\n<li><span style=\"font-weight: 400;\"> \u00dcberarbeitete Parametereinstellungen zur einfacheren Parametrierung mit WPC-300 Software<\/span><\/li>\n<li><span style=\"font-weight: 400;\"> Automatische Inbetriebnahme (ACA) zur automatischen Skalierung des Sensors, Einmessen des <\/span>Ventils und Einstellung der Regelparameter<\/li>\n<li><span style=\"font-weight: 400;\">Simulation der Regelstrecke zur Verifizierung der Regelung und Systemauslegung<\/span><\/li>\n<\/ul>\n<p>&nbsp;<\/p>\n<p><b>Anwendungsbereiche:<\/b><\/p>\n<ul>\n<li><span style=\"font-weight: 400;\"> Allgemeine Positionierantriebe<\/span><\/li>\n<li><span style=\"font-weight: 400;\"> Steuerung von Prozessventilen<\/span><\/li>\n<li><span style=\"font-weight: 400;\"> Schnelle Transportantriebe<\/span><\/li>\n<li><span style=\"font-weight: 400;\"> Handhabungssysteme<\/span><\/li>\n<li><span style=\"font-weight: 400;\"> Geschwindigkeitsgeregelte Achsen<\/span><\/li>\n<li><span style=\"font-weight: 400;\"> Kopiersteuerungen<\/span><\/li>\n<\/ul>\n<p>&nbsp;<\/p>\n<p><b>Funktionsweise:<\/b><\/p>\n<p><span style=\"font-weight: 400;\">Das System unterst\u00fctzt die einfache Punkt-zu-Punkt Positionierung mit hydraulischen Antrieben und <\/span><span style=\"font-weight: 400;\">arbeitet nach dem Prinzip des wegabh\u00e4ngigen Bremsens oder alternativ im NC-Modus mit einem <\/span><span style=\"font-weight: 400;\">internen Profilgenerator. Die Ansteuerung erfolgt \u00fcber Schalteing\u00e4nge, wobei nach Anlegen der Freigabe (ENABLE) die Sollposition gleich der Istposition gesetzt wird. Mit dem START-Signal wird der analoge Sollwert als neue Sollposition \u00fcbernommen.<\/span><\/p>\n","protected":false},"excerpt":{"rendered":"<p>Das Produkt POS-321-P ist eine universelle Positionierbaugruppe mit Leistungsendstufe, die sich durch Inbetriebnahmeassistent, Skriptprogrammierung und eine integrierte Option zur Simulation der Regelstrecke auszeichnet. Es dient zur Steuerung von preiswerten hydraulischen Positionierantrieben, bei denen Proportionalventile ohne integrierte Elektronik und ohne Kolbenpositionsmessung zum Einsatz kommen. &nbsp; Hauptmerkmale und Eigenschaften: Analoge Positions- und Geschwindigkeitsvorgabe Geeignet f\u00fcr analoge Wegsensoren&hellip;<\/p>\n","protected":false},"featured_media":27089,"template":"","meta":[],"product_brand":[],"product_cat":[319,403],"product_tag":[],"class_list":{"0":"post-28027","1":"product","2":"type-product","3":"status-publish","4":"has-post-thumbnail","6":"product_cat-ansteuerelektronik","7":"product_cat-positioniersteuerungen","8":"description-off","10":"first","11":"outofstock","12":"sold-individually","13":"purchasable","14":"product-type-simple"},"_links":{"self":[{"href":"https:\/\/schuhmacher-tech.de\/en\/wp-json\/wp\/v2\/product\/28027","targetHints":{"allow":["GET"]}}],"collection":[{"href":"https:\/\/schuhmacher-tech.de\/en\/wp-json\/wp\/v2\/product"}],"about":[{"href":"https:\/\/schuhmacher-tech.de\/en\/wp-json\/wp\/v2\/types\/product"}],"wp:featuredmedia":[{"embeddable":true,"href":"https:\/\/schuhmacher-tech.de\/en\/wp-json\/wp\/v2\/media\/27089"}],"wp:attachment":[{"href":"https:\/\/schuhmacher-tech.de\/en\/wp-json\/wp\/v2\/media?parent=28027"}],"wp:term":[{"taxonomy":"product_brand","embeddable":true,"href":"https:\/\/schuhmacher-tech.de\/en\/wp-json\/wp\/v2\/product_brand?post=28027"},{"taxonomy":"product_cat","embeddable":true,"href":"https:\/\/schuhmacher-tech.de\/en\/wp-json\/wp\/v2\/product_cat?post=28027"},{"taxonomy":"product_tag","embeddable":true,"href":"https:\/\/schuhmacher-tech.de\/en\/wp-json\/wp\/v2\/product_tag?post=28027"}],"curies":[{"name":"wp","href":"https:\/\/api.w.org\/{rel}","templated":true}]}}