{"id":28026,"date":"2026-02-12T13:29:54","date_gmt":"2026-02-12T12:29:54","guid":{"rendered":"https:\/\/schuhmacher-tech.de\/?post_type=product&#038;p=28026"},"modified":"2026-04-10T10:36:39","modified_gmt":"2026-04-10T08:36:39","slug":"pos-123-p-pfn-universelle-positionierbaugruppe","status":"publish","type":"product","link":"https:\/\/schuhmacher-tech.de\/en\/product\/pos-123-p-pfn-universelle-positionierbaugruppe\/","title":{"rendered":"POS-123-P-PFN, Universelle Positionierbaugruppe"},"content":{"rendered":"<p><span style=\"font-weight: 400;\">Das Produkt POS-123-P-PFN ist eine universelle Positionierbaugruppe mit Leistungsendstufe und <\/span><span style=\"font-weight: 400;\">Profinet-Schnittstelle. Es handelt sich um eine Positioniersteuerung mit integrierter <\/span><span style=\"font-weight: 400;\">Leistungsendstufe, analoger Sensorschnittstelle und Profinet Schnittstelle.<\/span><\/p>\n<p><b>Wichtige Merkmale und Eigenschaften:<\/b><\/p>\n<ul>\n<li><span style=\"font-weight: 400;\"> Steuerung: Die Steuerung erfolgt \u00fcber eine Profinet Schnittstelle.<\/span><\/li>\n<li><span style=\"font-weight: 400;\"> Analoge Sensorschnittstelle: Das Ger\u00e4t verf\u00fcgt \u00fcber eine analoge, frei skalierbare <\/span>Sensorschnittstelle.<\/li>\n<li><span style=\"font-weight: 400;\">Physikalische Einheiten: Es werden reale, physikalische Einheiten wie mm oder mm\/s <\/span>verwendet.<\/li>\n<li><span style=\"font-weight: 400;\">Wegabh\u00e4ngiges Bremsen: Das Ger\u00e4t nutzt das Prinzip des wegabh\u00e4ngigen Bremsens f\u00fcr <\/span>k\u00fcrzeste Hubzeiten. Alternativ kann das Modul im NC Modus mit einem internen Profilgenerator betrieben werden.<\/li>\n<li><span style=\"font-weight: 400;\">Interner Profilgenerator: F\u00fcr eine konstante Geschwindigkeit ist ein interner Profilgenerator <\/span>vorhanden.<\/li>\n<li><span style=\"font-weight: 400;\">Individuelle Profildefinition: Die Profildefinition erfolgt durch Vorgabe von Beschleunigungen, <\/span>Geschwindigkeit und Verz\u00f6gerungen.<\/li>\n<li><span style=\"font-weight: 400;\">Regelungstechnik: Es wird erweiterte Regelungstechnik mit PT1 Regler verwendet.<\/span><\/li>\n<li><span style=\"font-weight: 400;\"> Fehlerdiagnostik: Das Ger\u00e4t bietet Fehlerdiagnostik und erweiterte Funktions\u00fcberpr\u00fcfung.<\/span><\/li>\n<li><span style=\"font-weight: 400;\"> Parametrierung: Die Parametrierung kann vereinfacht mit der WPC-300 Software erfolgen. Die <\/span>Parametrierung der Regelparameter kann aber auch via Profinet vorgenommen werden.<\/li>\n<\/ul>\n<p><span style=\"font-weight: 400;\">Anwendungen: Typische Anwendungen sind allgemeine Positionierantriebe, schnelle <\/span><span style=\"font-weight: 400;\">Transportantriebe, Handhabungssysteme, geschwindigkeitsgeregelte Achsen sowie <\/span><span style=\"font-weight: 400;\">Kopiersteuerungen.<\/span><\/p>\n<p><span style=\"font-weight: 400;\">Weitere technische Details:<\/span><\/p>\n<ul>\n<li><span style=\"font-weight: 400;\"> Analoge Eing\u00e4nge: Das Modul verf\u00fcgt \u00fcber analoge Eing\u00e4nge mit einer Signalaufl\u00f6sung von 0,003 <\/span>% (Spannung) bzw. 0,006 % (Strom), inklusive Oversampling.<\/li>\n<li><span style=\"font-weight: 400;\">PWM Leistungsausg\u00e4nge: Der maximale Ausgangsstrom betr\u00e4gt 2,6 A, die Frequenz ist in <\/span>definierten Stufen zwischen 61 und 2604 Hz w\u00e4hlbar und kabelbruch- sowie kurzschluss\u00fcberwacht.<\/li>\n<li><span style=\"font-weight: 400;\">Profinet IO Datenrate: 100 Mbit\/s, Konformit\u00e4tsklasse CC-B, Redundanz S2 (optional nutzbar).<\/span><\/li>\n<\/ul>\n<p>&nbsp;<\/p>\n<p><span style=\"font-weight: 400;\">Alternative Versionen:<\/span><\/p>\n<ul>\n<li><span style=\"font-weight: 400;\"> POS-323-P: Standardger\u00e4t mit analoger Sollwertvorgabe<\/span><\/li>\n<\/ul>\n","protected":false},"excerpt":{"rendered":"<p>Das Produkt POS-123-P-PFN ist eine universelle Positionierbaugruppe mit Leistungsendstufe und Profinet-Schnittstelle. Es handelt sich um eine Positioniersteuerung mit integrierter Leistungsendstufe, analoger Sensorschnittstelle und Profinet Schnittstelle. Wichtige Merkmale und Eigenschaften: Steuerung: Die Steuerung erfolgt \u00fcber eine Profinet Schnittstelle. Analoge Sensorschnittstelle: Das Ger\u00e4t verf\u00fcgt \u00fcber eine analoge, frei skalierbare Sensorschnittstelle. Physikalische Einheiten: Es werden reale, physikalische Einheiten&hellip;<\/p>\n","protected":false},"featured_media":27085,"template":"","meta":[],"product_brand":[],"product_cat":[319,403],"product_tag":[],"class_list":{"0":"post-28026","1":"product","2":"type-product","3":"status-publish","4":"has-post-thumbnail","6":"product_cat-ansteuerelektronik","7":"product_cat-positioniersteuerungen","8":"description-off","10":"first","11":"instock","12":"sold-individually","13":"purchasable","14":"product-type-simple"},"_links":{"self":[{"href":"https:\/\/schuhmacher-tech.de\/en\/wp-json\/wp\/v2\/product\/28026","targetHints":{"allow":["GET"]}}],"collection":[{"href":"https:\/\/schuhmacher-tech.de\/en\/wp-json\/wp\/v2\/product"}],"about":[{"href":"https:\/\/schuhmacher-tech.de\/en\/wp-json\/wp\/v2\/types\/product"}],"wp:featuredmedia":[{"embeddable":true,"href":"https:\/\/schuhmacher-tech.de\/en\/wp-json\/wp\/v2\/media\/27085"}],"wp:attachment":[{"href":"https:\/\/schuhmacher-tech.de\/en\/wp-json\/wp\/v2\/media?parent=28026"}],"wp:term":[{"taxonomy":"product_brand","embeddable":true,"href":"https:\/\/schuhmacher-tech.de\/en\/wp-json\/wp\/v2\/product_brand?post=28026"},{"taxonomy":"product_cat","embeddable":true,"href":"https:\/\/schuhmacher-tech.de\/en\/wp-json\/wp\/v2\/product_cat?post=28026"},{"taxonomy":"product_tag","embeddable":true,"href":"https:\/\/schuhmacher-tech.de\/en\/wp-json\/wp\/v2\/product_tag?post=28026"}],"curies":[{"name":"wp","href":"https:\/\/api.w.org\/{rel}","templated":true}]}}