{"id":28024,"date":"2026-02-12T13:22:58","date_gmt":"2026-02-12T12:22:58","guid":{"rendered":"https:\/\/schuhmacher-tech.de\/?post_type=product&#038;p=28024"},"modified":"2026-04-10T10:36:43","modified_gmt":"2026-04-10T08:36:43","slug":"uhc-326-u-pfn-universelle-positionierbaugruppe","status":"publish","type":"product","link":"https:\/\/schuhmacher-tech.de\/en\/product\/uhc-326-u-pfn-universelle-positionierbaugruppe\/","title":{"rendered":"UHC-326-U-PFN, Universelle Positionierbaugruppe"},"content":{"rendered":"<p><i><span style=\"font-weight: 400;\">Die <\/span><\/i><b><i>UHC-326-U-PFN<\/i><\/b><i><span style=\"font-weight: 400;\"> ist eine universelle, digitale <\/span><\/i><b><i>Achsregelbaugruppe<\/i><\/b><i><span style=\"font-weight: 400;\">, die speziell f\u00fcr die Steuerung hydraulischer Achsen \u00fcber eine integrierte <\/span><\/i><b><i>Profinet IO RT Schnittstelle<\/i><\/b><i><span style=\"font-weight: 400;\"> entwickelt wurde. Sie erm\u00f6glicht sowohl eine pr\u00e4zise Positionsregelung als auch eine integrierte Druck- bzw. Kraftregelung, die autark oder als abl\u00f6sende Regelung arbeiten kann.<\/span><\/i><\/p>\n<p><i><span style=\"font-weight: 400;\">Vielseitige Sensorik und Positionierung<\/span><\/i><\/p>\n<ul>\n<li><i> <\/i><b><i>Flexible Messsysteme:<\/i><\/b><i><span style=\"font-weight: 400;\"> Das Modul unterst\u00fctzt sowohl digitale Wegmesssysteme \u00fcber eine universelle <\/span><\/i><b><i>SSI-Schnittstelle<\/i><\/b><i><span style=\"font-weight: 400;\"> (mit einer Aufl\u00f6sung von bis zu 1 \u00b5m) als auch analoge Sensoren (0\u202610 V oder 4\u202620 mA).<\/span><\/i><\/li>\n<\/ul>\n<p><b><i>Hochentwickelte Positioniermodi:<\/i><\/b><\/p>\n<ul>\n<li><b><i>SDD-Modus:<\/i><\/b><i><span> Wegabh\u00e4ngiges Bremsen f\u00fcr robustes und genaues Positionieren, unempfindlich gegen\u00fcber Druckschwankungen.<\/span><\/i><\/li>\n<li><b><i>NC-Modus:<\/i><\/b><i><span> Numerisch gesteuerte Positionierung mit internem Profilgenerator f\u00fcr konstante Verfahrgeschwindigkeiten.<\/span><\/i><\/li>\n<li><b><i>Eil-Schleichgang:<\/i><\/b><i><span style=\"font-weight: 400;\"> Eine integrierte Funktion f\u00fcr schnelle Zustellbewegungen und pr\u00e4zises Anfahren der Zielposition.<\/span><\/i><\/li>\n<\/ul>\n<p><i><span style=\"font-weight: 400;\">Integrierte Druck- und Kraftregelung<\/span><\/i><\/p>\n<p><i><span style=\"font-weight: 400;\">Das Ger\u00e4t verf\u00fcgt \u00fcber eine integrierte <\/span><\/i><b><i>Druckregelfunktion<\/i><\/b><i><span style=\"font-weight: 400;\">, die ideal f\u00fcr Anwendungen wie Umformmaschinen oder Pressen geeignet ist. Sie kann als <\/span><\/i><b><i>abl\u00f6sende Druckbegrenzungsregelung<\/i><\/b><i><span style=\"font-weight: 400;\"> eingesetzt werden: Wird ein vordefinierter Solldruck \u00fcberschritten, reduziert der Regler die Geschwindigkeit, bis der Istdruck dem Sollwert entspricht. Zur pr\u00e4zisen Kraftermittlung berechnet das Modul einen <\/span><\/i><b><i>Pseudodifferenzdruck<\/i><\/b><i><span style=\"font-weight: 400;\">, der Fl\u00e4chenverh\u00e4ltnisse am Zylinder ber\u00fccksichtigt.<\/span><\/i><\/p>\n<p><i><span style=\"font-weight: 400;\">Anpassungsf\u00e4higkeit durch FlexiMod<\/span><\/i><\/p>\n<p><i><span style=\"font-weight: 400;\">Eine Besonderheit der UHC-326-U-PFN ist die <\/span><\/i><b><i>Skriptprogrammierung FlexiMod<\/i><\/b><i><span style=\"font-weight: 400;\">. Damit k\u00f6nnen Funktionen und der Datenaustausch \u00fcber den Feldbus individuell angepasst werden. Es ist sogar m\u00f6glich, die Feldbuseing\u00e4nge komplett durch physikalische Eing\u00e4nge zu ersetzen, um das Ger\u00e4t ohne Busanbindung zu betreiben.<\/span><\/i><\/p>\n<p><i><span style=\"font-weight: 400;\">Erweiterte Regelungstechnik und Diagnose<\/span><\/i><\/p>\n<ul>\n<li><i> <\/i><b><i>Pr\u00e4zisionsfunktionen:<\/i><\/b><i><span style=\"font-weight: 400;\"> Das Modul bietet Features wie <\/span><\/i><b><i>Driftkompensation<\/i><\/b><i><span style=\"font-weight: 400;\"> zur optimalen Nullpunkteinstellung, <\/span><\/i><b><i>Feinpositionierung<\/i><\/b><i><span style=\"font-weight: 400;\"> zum Ausgleich lastabh\u00e4ngiger Fehler sowie eine <\/span><\/i><b><i>Beschleunigungsr\u00fcckf\u00fchrung<\/i><\/b><i><span style=\"font-weight: 400;\"> zur Verbesserung des Verhaltens bei niederfrequenten Antrieben.<\/span><\/i><\/li>\n<li><i> <\/i><b><i>Umfassende \u00dcberwachung:<\/i><\/b><i><span style=\"font-weight: 400;\"> Das System \u00fcberwacht fortlaufend Fehlerquellen wie Kabelbruch (bei 4\u202620 mA), Sensorfehler oder interne Datenfehler.<\/span><\/i><\/li>\n<li><i> <\/i><b><i>Hardware und Software:<\/i><\/b><i><span style=\"font-weight: 400;\"> Das Ger\u00e4t ist ein kompaktes <\/span><\/i><b><i>Snap-On Modul<\/i><\/b><i><span style=\"font-weight: 400;\"> f\u00fcr die DIN-Tragschiene (Schutzart IP20). Die Parametrierung erfolgt komfortabel \u00fcber eine <\/span><\/i><b><i>USB-Schnittstelle<\/i><\/b><i><span style=\"font-weight: 400;\"> mit der Software <\/span><\/i><b><i>WPC-300<\/i><\/b><i><span style=\"font-weight: 400;\">, die auch eine Oszilloskop-Funktion zur Diagnose bietet.<\/span><\/i><\/li>\n<\/ul>\n<p><i><span style=\"font-weight: 400;\">Durch die Kombination aus hochdynamischer Regelung (1 ms Abtastzeit), flexibler Skriptsprache und der Profinet-Anbindung ist die UHC-326-U-PFN eine leistungsstarke L\u00f6sung f\u00fcr komplexe hydraulische Antriebsaufgaben.<\/span><\/i><\/p>\n","protected":false},"excerpt":{"rendered":"<p>Die UHC-326-U-PFN ist eine universelle, digitale Achsregelbaugruppe, die speziell f\u00fcr die Steuerung hydraulischer Achsen \u00fcber eine integrierte Profinet IO RT Schnittstelle entwickelt wurde. Sie erm\u00f6glicht sowohl eine pr\u00e4zise Positionsregelung als auch eine integrierte Druck- bzw. Kraftregelung, die autark oder als abl\u00f6sende Regelung arbeiten kann. Vielseitige Sensorik und Positionierung Flexible Messsysteme: Das Modul unterst\u00fctzt sowohl digitale&hellip;<\/p>\n","protected":false},"featured_media":27089,"template":"","meta":[],"product_brand":[],"product_cat":[319,403],"product_tag":[],"class_list":{"0":"post-28024","1":"product","2":"type-product","3":"status-publish","4":"has-post-thumbnail","6":"product_cat-ansteuerelektronik","7":"product_cat-positioniersteuerungen","8":"description-off","10":"first","11":"outofstock","12":"sold-individually","13":"purchasable","14":"product-type-simple"},"_links":{"self":[{"href":"https:\/\/schuhmacher-tech.de\/en\/wp-json\/wp\/v2\/product\/28024","targetHints":{"allow":["GET"]}}],"collection":[{"href":"https:\/\/schuhmacher-tech.de\/en\/wp-json\/wp\/v2\/product"}],"about":[{"href":"https:\/\/schuhmacher-tech.de\/en\/wp-json\/wp\/v2\/types\/product"}],"wp:featuredmedia":[{"embeddable":true,"href":"https:\/\/schuhmacher-tech.de\/en\/wp-json\/wp\/v2\/media\/27089"}],"wp:attachment":[{"href":"https:\/\/schuhmacher-tech.de\/en\/wp-json\/wp\/v2\/media?parent=28024"}],"wp:term":[{"taxonomy":"product_brand","embeddable":true,"href":"https:\/\/schuhmacher-tech.de\/en\/wp-json\/wp\/v2\/product_brand?post=28024"},{"taxonomy":"product_cat","embeddable":true,"href":"https:\/\/schuhmacher-tech.de\/en\/wp-json\/wp\/v2\/product_cat?post=28024"},{"taxonomy":"product_tag","embeddable":true,"href":"https:\/\/schuhmacher-tech.de\/en\/wp-json\/wp\/v2\/product_tag?post=28024"}],"curies":[{"name":"wp","href":"https:\/\/api.w.org\/{rel}","templated":true}]}}