{"id":28023,"date":"2026-02-12T13:20:52","date_gmt":"2026-02-12T12:20:52","guid":{"rendered":"https:\/\/schuhmacher-tech.de\/?post_type=product&#038;p=28023"},"modified":"2026-04-10T10:36:42","modified_gmt":"2026-04-10T08:36:42","slug":"pos-324-u-pfn-universelle-positionierbaugruppe","status":"publish","type":"product","link":"https:\/\/schuhmacher-tech.de\/en\/product\/pos-324-u-pfn-universelle-positionierbaugruppe\/","title":{"rendered":"POS-324-U-PFN, Universelle Positionierbaugruppe"},"content":{"rendered":"<p><i><span style=\"font-weight: 400;\">Die <\/span><\/i><b><i>POS-324-U-PFN<\/i><\/b><i><span style=\"font-weight: 400;\"> ist eine leistungsf\u00e4hige digitale Baugruppe zur <\/span><\/i><b><i>Regelung von zwei hydraulischen Positionierachsen<\/i><\/b><i><span style=\"font-weight: 400;\">, die \u00fcber eine integrierte <\/span><\/i><b><i>Profinet IO RT Schnittstelle<\/i><\/b><i><span style=\"font-weight: 400;\"> angesteuert wird. Die Achsen k\u00f6nnen entweder komplett unabh\u00e4ngig voneinander oder in verschiedenen <\/span><\/i><b><i>Gleichlaufmodi<\/i><\/b><i><span style=\"font-weight: 400;\"> betrieben werden.<\/span><\/i><\/p>\n<p><i><span style=\"font-weight: 400;\">Flexible Sensorik und Schnittstellen<\/span><\/i><\/p>\n<ul>\n<li><i> <\/i><b><i>Multisensor-Unterst\u00fctzung:<\/i><\/b><i><span style=\"font-weight: 400;\"> Das Modul verf\u00fcgt \u00fcber Schnittstellen f\u00fcr <\/span><\/i><b><i>analoge Wegesensoren<\/i><\/b><i><span style=\"font-weight: 400;\"> (0\u202610 V oder 4\u202620 mA) sowie f\u00fcr digitale <\/span><\/i><b><i>SSI-Sensoren<\/i><\/b><i><span style=\"font-weight: 400;\">, wobei intern eine Genauigkeit von 1 \u00b5m verarbeitet wird.<\/span><\/i><\/li>\n<li><i> <\/i><b><i>Programmierbare Ausg\u00e4nge:<\/i><\/b><i><span style=\"font-weight: 400;\"> Die Differenzausg\u00e4nge zur Ansteuerung von Stetigventilen k\u00f6nnen wahlweise auf <\/span><\/i><b><i>\u00b110 V<\/i><\/b><i><span style=\"font-weight: 400;\"> oder <\/span><\/i><b><i>4\u202620 mA<\/i><\/b><i><span style=\"font-weight: 400;\"> parametriert werden.<\/span><\/i><\/li>\n<li><i> <\/i><b><i>Feldbus-Anbindung:<\/i><\/b><i><span style=\"font-weight: 400;\"> \u00dcber Profinet werden Sollwerte, Istwerte sowie Steuer- und Statusbytes zyklisch mit der SPS ausgetauscht. <\/span><\/i><i><span>Hochentwickelte Regelungsmodi<\/span><\/i><\/li>\n<\/ul>\n<p><i><span style=\"font-weight: 400;\">Das Ger\u00e4t unterst\u00fctzt zwei grundlegende Positioniermethoden:<\/span><\/i><\/p>\n<ul>\n<li><i> <\/i><b><i>SDD-Modus (Stroke-Dependent-Deceleration):<\/i><\/b><i><span style=\"font-weight: 400;\"> Ein robustes Prinzip des <\/span><\/i><b><i>wegabh\u00e4ngigen Bremsens<\/i><\/b><i><span style=\"font-weight: 400;\">, das unempfindlich gegen\u00fcber Druckschwankungen ist.<\/span><\/i><\/li>\n<li><i> <\/i><b><i>NC-Modus:<\/i><\/b><i><span style=\"font-weight: 400;\"> Hierbei wird ein internes Positionsprofil generiert, dem die Achse geschwindigkeitsgeregelt folgt (NC-Generator), was konstante Verfahrgeschwindigkeiten garantiert.<\/span><\/i><\/li>\n<li><i> <\/i><b><i>Gleichlauffunktionen:<\/i><\/b><i><span style=\"font-weight: 400;\"> Neben der klassischen Master-Slave-Regelung bietet das Modul eine <\/span><\/i><b><i>Getriebefunktion<\/i><\/b><i><span style=\"font-weight: 400;\"> und lineare Weginterpolation, wodurch Achsen mit unterschiedlichen Hubwegen ihre Zielpunkte zeitgleich erreichen.<\/span><\/i><\/li>\n<\/ul>\n<p><i><span style=\"font-weight: 400;\">Anpassungsf\u00e4higkeit durch FlexiMod<\/span><\/i><\/p>\n<p><i><span style=\"font-weight: 400;\">Eine Besonderheit der POS-324-U-PFN ist die <\/span><\/i><b><i>integrierte Skriptsprache (FlexiMod)<\/i><\/b><i><span style=\"font-weight: 400;\">. Damit k\u00f6nnen Funktionen und der Datenaustausch in weiten Grenzen individuell programmiert werden, was beispielsweise eine analoge Sollwertvorgabe oder die interne Generierung komplexer Profile erm\u00f6glicht.<\/span><\/i><\/p>\n<p><i><span style=\"font-weight: 400;\">Pr\u00e4zision und Zuverl\u00e4ssigkeit<\/span><\/i><\/p>\n<ul>\n<li><i> <\/i><b><i>Feinpositionierung:<\/i><\/b><i><span style=\"font-weight: 400;\"> Funktionen zur <\/span><\/i><b><i>Driftkompensation<\/i><\/b><i><span style=\"font-weight: 400;\"> gleichen Nullpunktfehler durch Temperatureinfl\u00fcsse oder externe Kr\u00e4fte aktiv aus, um eine maximale Positioniergenauigkeit zu gew\u00e4hrleisten.<\/span><\/i><\/li>\n<li><i> <\/i><b><i>Umfangreiche Diagnostik:<\/i><\/b><i><span style=\"font-weight: 400;\"> Das Modul \u00fcberwacht fortlaufend Fehlerquellen wie Kabelbruch, Sensorfehler oder interne Dateninkonsistenzen und signalisiert diese \u00fcber den <\/span><\/i><b><i>READY-Ausgang<\/i><\/b><i><span style=\"font-weight: 400;\"> sowie Status-LEDs.<\/span><\/i><\/li>\n<li><i> <\/i><b><i>Hardware:<\/i><\/b><i><span style=\"font-weight: 400;\"> Das Ger\u00e4t ist als kompaktes <\/span><\/i><b><i>Snap-On Modul<\/i><\/b><i><span style=\"font-weight: 400;\"> f\u00fcr DIN-Tragschienen konzipiert (Schutzart IP20) und wird \u00fcber die Software <\/span><\/i><b><i>WPC-300<\/i><\/b><i><span style=\"font-weight: 400;\"> via USB-Schnittstelle parametriert.<\/span><\/i><\/li>\n<\/ul>\n<p><i><span style=\"font-weight: 400;\">Durch die Kombination aus hoher Dynamik (1 ms Abtastzeit), flexibler Skriptprogrammierung und pr\u00e4ziser Gleichlaufregelung ist die POS-324-U-PFN die ideale L\u00f6sung f\u00fcr anspruchsvolle Mehrachs-Anwendungen in der Hydraulik.<\/span><\/i><\/p>\n","protected":false},"excerpt":{"rendered":"<p>Die POS-324-U-PFN ist eine leistungsf\u00e4hige digitale Baugruppe zur Regelung von zwei hydraulischen Positionierachsen, die \u00fcber eine integrierte Profinet IO RT Schnittstelle angesteuert wird. Die Achsen k\u00f6nnen entweder komplett unabh\u00e4ngig voneinander oder in verschiedenen Gleichlaufmodi betrieben werden. Flexible Sensorik und Schnittstellen Multisensor-Unterst\u00fctzung: Das Modul verf\u00fcgt \u00fcber Schnittstellen f\u00fcr analoge Wegesensoren (0\u202610 V oder 4\u202620 mA) sowie&hellip;<\/p>\n","protected":false},"featured_media":27089,"template":"","meta":[],"product_brand":[],"product_cat":[319,403],"product_tag":[],"class_list":{"0":"post-28023","1":"product","2":"type-product","3":"status-publish","4":"has-post-thumbnail","6":"product_cat-ansteuerelektronik","7":"product_cat-positioniersteuerungen","8":"description-off","10":"first","11":"instock","12":"sold-individually","13":"purchasable","14":"product-type-simple"},"_links":{"self":[{"href":"https:\/\/schuhmacher-tech.de\/en\/wp-json\/wp\/v2\/product\/28023","targetHints":{"allow":["GET"]}}],"collection":[{"href":"https:\/\/schuhmacher-tech.de\/en\/wp-json\/wp\/v2\/product"}],"about":[{"href":"https:\/\/schuhmacher-tech.de\/en\/wp-json\/wp\/v2\/types\/product"}],"wp:featuredmedia":[{"embeddable":true,"href":"https:\/\/schuhmacher-tech.de\/en\/wp-json\/wp\/v2\/media\/27089"}],"wp:attachment":[{"href":"https:\/\/schuhmacher-tech.de\/en\/wp-json\/wp\/v2\/media?parent=28023"}],"wp:term":[{"taxonomy":"product_brand","embeddable":true,"href":"https:\/\/schuhmacher-tech.de\/en\/wp-json\/wp\/v2\/product_brand?post=28023"},{"taxonomy":"product_cat","embeddable":true,"href":"https:\/\/schuhmacher-tech.de\/en\/wp-json\/wp\/v2\/product_cat?post=28023"},{"taxonomy":"product_tag","embeddable":true,"href":"https:\/\/schuhmacher-tech.de\/en\/wp-json\/wp\/v2\/product_tag?post=28023"}],"curies":[{"name":"wp","href":"https:\/\/api.w.org\/{rel}","templated":true}]}}