{"id":28018,"date":"2026-02-12T12:10:28","date_gmt":"2026-02-12T11:10:28","guid":{"rendered":"https:\/\/schuhmacher-tech.de\/?post_type=product&#038;p=28018"},"modified":"2026-04-10T10:36:38","modified_gmt":"2026-04-10T08:36:38","slug":"mdr-339-p-io-druckregelmodul","status":"publish","type":"product","link":"https:\/\/schuhmacher-tech.de\/en\/product\/mdr-339-p-io-druckregelmodul\/","title":{"rendered":"MDR-339-P-IO Druckregelmodul"},"content":{"rendered":"<p><span style=\"font-weight: 400;\">Das Produkt MDR-339-P-IO ist ein zweikanaliges Druckregelmodul mit integrierten <\/span><span style=\"font-weight: 400;\">Leistungsverst\u00e4rker, Inbetriebnahmeassistent und IO-Link Schnittstelle. Es ist f\u00fcr die <\/span><span style=\"font-weight: 400;\">Druckregelung in hydraulischen Systemen vorgesehen, kann aber auch f\u00fcr vielf\u00e4ltige andere <\/span><span style=\"font-weight: 400;\">Anwendungen verwendet werden, bei denen die Kombination aus einem PID-Regler, Vorsteuerung und unidirektionaler Endstufe ben\u00f6tigt wird. Das Modul ist f\u00fcr hydraulische Anwendungen im offenen oder geschlossenen Regelkreis konzipiert. Es verf\u00fcgt \u00fcber einen PID-Regler.<\/span><\/p>\n<p><span style=\"font-weight: 400;\">Hauptmerkmale und Eigenschaften:<\/span><\/p>\n<ul>\n<li><span style=\"font-weight: 400;\"> Ansteuerung von Druckminder- und Druckregelventilen<\/span><\/li>\n<li><span style=\"font-weight: 400;\"> IO-Link Port Klasse A, mit interner galvanischer Trennung der Zusatzversorgungsspannung f\u00fcr <\/span>die Endstufe und Regelfunktion<\/li>\n<li><span style=\"font-weight: 400;\">Erf\u00fcllt Spezifikation V1.1, Datenrate COM3 = 230,4 kBaud<\/span><\/li>\n<li><span style=\"font-weight: 400;\"> Kompakter Aufbau<\/span><\/li>\n<li><span style=\"font-weight: 400;\"> Digitale reproduzierbare Einstellung<\/span><\/li>\n<li><span style=\"font-weight: 400;\"> Universelle PID Regler<\/span><\/li>\n<li><span style=\"font-weight: 400;\"> Inbetriebnahmeassistent zur Ermittlung einer optimalen Vorsteuerkennlinie und zur dynamischen <\/span>Reglereinstellung<\/li>\n<li><span style=\"font-weight: 400;\">Freie Parametrierung von Rampen, MIN und MAX, Dither (Frequenz, Amplitude) und PWM <\/span>Frequenz<\/li>\n<li><span style=\"font-weight: 400;\">Strombereiche (per Software parametrierbar) bis 2,6 A<\/span><\/li>\n<li><span style=\"font-weight: 400;\"> Anwendungsorientierte Parametrierung<\/span><\/li>\n<li><span style=\"font-weight: 400;\"> Fehlerdiagnostik und erweiterte Funktions\u00fcberpr\u00fcfung<\/span><\/li>\n<li><span style=\"font-weight: 400;\"> Einstellung \u00fcber USB mit WPC-300 Software oder \u00fcber IO-Link<\/span><\/li>\n<li><span style=\"font-weight: 400;\"> Zwei vollkommen unabh\u00e4ngige Kan\u00e4le<\/span><\/li>\n<li><span style=\"font-weight: 400;\"> Geregelter Ausgangsstrom, unabh\u00e4ngig von der Versorgungsspannung und dem Magnetwiderstand<\/span><\/li>\n<li><span style=\"font-weight: 400;\"> \u00dcberwachung der Ausgangsstufe auf Kabelbruch und \u00dcberstrom (Kurzschluss) mit Abschaltung <\/span>im Fehlerfall<\/li>\n<\/ul>\n<p><span style=\"font-weight: 400;\">Funktionsweise:<\/span><\/p>\n<p><span style=\"font-weight: 400;\">Das Modul regelt den Druck in verschiedensten Anwendungen. Das Ausgangssignal (bis zu 2,6 A) steuert dabei beliebige Druckventile an. Die Regelung erfolgt \u00fcber einen speziell f\u00fcr diese Anwendungen optimierten PID Regler. Die Sollwerte werden \u00fcber IO-Link vorgegeben, \u00fcber diese Anbindung sind die Istwerte wie auch Status- und Diagnoseinformationen abrufbar. Die Regelgr\u00f6\u00dfen werden \u00fcber 0&#8230;10 V Signale (oder 4&#8230; 20 mA mit Kabelbruch\u00fcberwachung) eingelesen.<\/span><\/p>\n<p>&nbsp;<\/p>\n<p><b>Anwendungen:<\/b><\/p>\n<ul>\n<li><span style=\"font-weight: 400;\"> Druckregelung mit Druckventilen oder Servopumpen<\/span><\/li>\n<li><span style=\"font-weight: 400;\"> Drehzahlregelung mit analogen Drehzahlgebern (Tacho)<\/span><\/li>\n<li><span style=\"font-weight: 400;\"> Druckregelungen an Konstantpumpen, fernverstellbare Regelpumpen<\/span><\/li>\n<li><span style=\"font-weight: 400;\"> Kraft- \/ Drehmomentregelung an Zylindern und Motoren<\/span><\/li>\n<\/ul>\n","protected":false},"excerpt":{"rendered":"<p>Das Produkt MDR-339-P-IO ist ein zweikanaliges Druckregelmodul mit integrierten Leistungsverst\u00e4rker, Inbetriebnahmeassistent und IO-Link Schnittstelle. Es ist f\u00fcr die Druckregelung in hydraulischen Systemen vorgesehen, kann aber auch f\u00fcr vielf\u00e4ltige andere Anwendungen verwendet werden, bei denen die Kombination aus einem PID-Regler, Vorsteuerung und unidirektionaler Endstufe ben\u00f6tigt wird. Das Modul ist f\u00fcr hydraulische Anwendungen im offenen oder geschlossenen&hellip;<\/p>\n","protected":false},"featured_media":27396,"template":"","meta":[],"product_brand":[],"product_cat":[319,402],"product_tag":[],"class_list":{"0":"post-28018","1":"product","2":"type-product","3":"status-publish","4":"has-post-thumbnail","6":"product_cat-ansteuerelektronik","7":"product_cat-pid-druckregelbaugruppen","8":"description-off","10":"first","11":"instock","12":"purchasable","13":"product-type-simple"},"_links":{"self":[{"href":"https:\/\/schuhmacher-tech.de\/en\/wp-json\/wp\/v2\/product\/28018","targetHints":{"allow":["GET"]}}],"collection":[{"href":"https:\/\/schuhmacher-tech.de\/en\/wp-json\/wp\/v2\/product"}],"about":[{"href":"https:\/\/schuhmacher-tech.de\/en\/wp-json\/wp\/v2\/types\/product"}],"wp:featuredmedia":[{"embeddable":true,"href":"https:\/\/schuhmacher-tech.de\/en\/wp-json\/wp\/v2\/media\/27396"}],"wp:attachment":[{"href":"https:\/\/schuhmacher-tech.de\/en\/wp-json\/wp\/v2\/media?parent=28018"}],"wp:term":[{"taxonomy":"product_brand","embeddable":true,"href":"https:\/\/schuhmacher-tech.de\/en\/wp-json\/wp\/v2\/product_brand?post=28018"},{"taxonomy":"product_cat","embeddable":true,"href":"https:\/\/schuhmacher-tech.de\/en\/wp-json\/wp\/v2\/product_cat?post=28018"},{"taxonomy":"product_tag","embeddable":true,"href":"https:\/\/schuhmacher-tech.de\/en\/wp-json\/wp\/v2\/product_tag?post=28018"}],"curies":[{"name":"wp","href":"https:\/\/api.w.org\/{rel}","templated":true}]}}