{"id":28011,"date":"2026-02-12T11:18:32","date_gmt":"2026-02-12T10:18:32","guid":{"rendered":"https:\/\/schuhmacher-tech.de\/?post_type=product&#038;p=28011"},"modified":"2026-04-10T10:36:31","modified_gmt":"2026-04-10T08:36:31","slug":"pam-199-p-etc-universeller-leistungsverstaerker","status":"publish","type":"product","link":"https:\/\/schuhmacher-tech.de\/en\/product\/pam-199-p-etc-universeller-leistungsverstaerker\/","title":{"rendered":"PAM-199-P-ETC Universeller Leistungsverst\u00e4rker"},"content":{"rendered":"<p><span style=\"font-weight: 400;\">Der PAM-199-P-ETC ist ein Leistungsverst\u00e4rker f\u00fcr Wegeventile oder zwei Druck- oder Drosselventile mit EtherCAT Schnittstelle. Er zeichnet sich durch ein kompaktes Geh\u00e4use und digital reproduzierbare Einstellungen aus.<\/span><\/p>\n<p><span style=\"font-weight: 400;\">Eigenschaften:<\/span><\/p>\n<ul>\n<li><span style=\"font-weight: 400;\"> Ansteuerung \u00fcber den EtherCAT Bus<\/span><\/li>\n<li><span style=\"font-weight: 400;\"> Einfache und anwendungsorientierte Parametrierung<\/span><\/li>\n<li><span style=\"font-weight: 400;\"> Kennlinienlinearisierung \u00fcber 10 XY-Punkte pro Richtung<\/span><\/li>\n<li><span style=\"font-weight: 400;\"> Freie Parametrierung von RAMP, MIN \/ MAX, PWM, Ausgangsstrom und DITHER<\/span><\/li>\n<li><span style=\"font-weight: 400;\"> Nennstrom des Magneten bis zu 3,0 A<\/span><\/li>\n<li><span style=\"font-weight: 400;\"> Fehlerdiagnose und erweiterte Funktions\u00fcberpr\u00fcfung<\/span><\/li>\n<\/ul>\n<p><b>Weitere Merkmale:<\/b><\/p>\n<ul>\n<li><span style=\"font-weight: 400;\"> EtherCAT CoE (CAN over EtherCAT) f\u00fcr Parametrierung<\/span><\/li>\n<li><span style=\"font-weight: 400;\"> SDO (Service Data Object) Parametrierung ab Adresse 0x1000<\/span><\/li>\n<li><span style=\"font-weight: 400;\"> PDO (Process Data Object) f\u00fcr Ein- und Ausgangsdaten<\/span><\/li>\n<li><span style=\"font-weight: 400;\"> Firmware Update via FoE (File over EtherCAT)<\/span><\/li>\n<li><span style=\"font-weight: 400;\"> Watchdog Funktion<\/span><\/li>\n<li><span style=\"font-weight: 400;\"> Funktionskan\u00e4le: DIRECTIONAL und INDEPENDENT<\/span><\/li>\n<\/ul>\n<p><strong>Technische Daten (Auswahl):<\/strong><\/p>\n<ul>\n<li><span style=\"font-weight: 400;\"> PWM Frequenz: 60&#8230;10000 Hz in Stufen einstellbar<\/span><\/li>\n<li><span style=\"font-weight: 400;\"> Magnetstromregelung: 1 ms<\/span><\/li>\n<li><span style=\"font-weight: 400;\"> EtherCAT Datenrate: 100 Mbit\/s<\/span><\/li>\n<li><span style=\"font-weight: 400;\"> Serielle Schnittstelle: USB, 9600\u2026 115200 Baud<\/span><\/li>\n<li><span style=\"font-weight: 400;\"> Versorgungsspannung: 24 VIO-Link Schnittstelle<\/span><\/li>\n<li><span style=\"font-weight: 400;\"> Gewicht: 0,310 kg<\/span><\/li>\n<li><span style=\"font-weight: 400;\"> Temperaturbereich: -20\u2026 60 \u00b0C<\/span><\/li>\n<\/ul>\n<p><strong>Anschl\u00fcsse:<\/strong><\/p>\n<ul>\n<li><span style=\"font-weight: 400;\"> Ethernet: RJ45<\/span><\/li>\n<li><span style=\"font-weight: 400;\"> USB: Typ B<\/span><\/li>\n<li><span style=\"font-weight: 400;\"> PE: \u00dcber die DIN Tragschiene<\/span><\/li>\n<\/ul>\n<p>Zolltarif Nr. \/ HS-Code: 85437090<\/p>\n<p>Datenblatt: <a href=\"https:\/\/www.w-e-st.de\/files\/pdf\/PAM-199-P-PDP-DE.pdf\" target=\"_blank\" rel=\"noopener\">https:\/\/www.w-e-st.de\/files\/pdf\/PAM-199-P-PDP-DE.pdf<\/a><\/p>\n","protected":false},"excerpt":{"rendered":"<p>Der PAM-199-P-ETC ist ein Leistungsverst\u00e4rker f\u00fcr Wegeventile oder zwei Druck- oder Drosselventile mit EtherCAT Schnittstelle. Er zeichnet sich durch ein kompaktes Geh\u00e4use und digital reproduzierbare Einstellungen aus. Eigenschaften: Ansteuerung \u00fcber den EtherCAT Bus Einfache und anwendungsorientierte Parametrierung Kennlinienlinearisierung \u00fcber 10 XY-Punkte pro Richtung Freie Parametrierung von RAMP, MIN \/ MAX, PWM, Ausgangsstrom und DITHER Nennstrom&hellip;<\/p>\n","protected":false},"featured_media":28226,"template":"","meta":[],"product_brand":[],"product_cat":[319,401],"product_tag":[],"class_list":{"0":"post-28011","1":"product","2":"type-product","3":"status-publish","4":"has-post-thumbnail","6":"product_cat-ansteuerelektronik","7":"product_cat-leistungsverstaerker","8":"description-off","10":"first","11":"instock","12":"sold-individually","13":"purchasable","14":"product-type-simple"},"_links":{"self":[{"href":"https:\/\/schuhmacher-tech.de\/en\/wp-json\/wp\/v2\/product\/28011","targetHints":{"allow":["GET"]}}],"collection":[{"href":"https:\/\/schuhmacher-tech.de\/en\/wp-json\/wp\/v2\/product"}],"about":[{"href":"https:\/\/schuhmacher-tech.de\/en\/wp-json\/wp\/v2\/types\/product"}],"wp:featuredmedia":[{"embeddable":true,"href":"https:\/\/schuhmacher-tech.de\/en\/wp-json\/wp\/v2\/media\/28226"}],"wp:attachment":[{"href":"https:\/\/schuhmacher-tech.de\/en\/wp-json\/wp\/v2\/media?parent=28011"}],"wp:term":[{"taxonomy":"product_brand","embeddable":true,"href":"https:\/\/schuhmacher-tech.de\/en\/wp-json\/wp\/v2\/product_brand?post=28011"},{"taxonomy":"product_cat","embeddable":true,"href":"https:\/\/schuhmacher-tech.de\/en\/wp-json\/wp\/v2\/product_cat?post=28011"},{"taxonomy":"product_tag","embeddable":true,"href":"https:\/\/schuhmacher-tech.de\/en\/wp-json\/wp\/v2\/product_tag?post=28011"}],"curies":[{"name":"wp","href":"https:\/\/api.w.org\/{rel}","templated":true}]}}