{"id":28010,"date":"2026-02-12T11:15:50","date_gmt":"2026-02-12T10:15:50","guid":{"rendered":"https:\/\/schuhmacher-tech.de\/?post_type=product&#038;p=28010"},"modified":"2026-04-10T10:36:30","modified_gmt":"2026-04-10T08:36:30","slug":"pam-199-p-leistungsverstaerker-2","status":"publish","type":"product","link":"https:\/\/schuhmacher-tech.de\/en\/product\/pam-199-p-leistungsverstaerker-2\/","title":{"rendered":"PAM-199-P Leistungsverst\u00e4rker"},"content":{"rendered":"<p><span style=\"font-weight: 400;\">Das Produkt PAM-199-P ist ein Leistungsverst\u00e4rker f\u00fcr alle typischen Wegeventile. Es handelt sich <\/span><span style=\"font-weight: 400;\">um einen allgemeinen Leistungsverst\u00e4rker f\u00fcr proportionale Wege-, Druck- oder Drosselventile. Hier <\/span><span style=\"font-weight: 400;\">sind die wichtigsten Eigenschaften und Merkmale zusammengefasst:<\/span><\/p>\n<p>Bestellnummer: PAM-199-P<\/p>\n<p>Funktionsarten:<\/p>\n<ul>\n<li><span style=\"font-weight: 400;\"> 195: Ansteuerung eines Wegeventils mit +\/- 10 V (oder 4&#8230; 20 mA) Signal.<\/span><\/li>\n<li><span style=\"font-weight: 400;\"> 196: Ansteuerung von ein\/zwei Drossel- oder Druckventilen mit 0&#8230;10 V (oder 4&#8230; 20 mA) <\/span>Signal.<\/li>\n<li><span style=\"font-weight: 400;\"> 197: Ansteuerung von Proportionalventilen mit ein oder zwei Magneten. Bis zu acht<\/span>vorprogrammierte Sollwerte und Rampen abrufbar \u00fcber drei digitale Eingangssignale.<\/li>\n<\/ul>\n<p><b>Eigenschaften:<\/b><\/p>\n<ul>\n<li><span style=\"font-weight: 400;\"> Flexibilit\u00e4t: Ein Modul f\u00fcr alle Anwendungen.<\/span><\/li>\n<li><span style=\"font-weight: 400;\"> Zertifizierung: DNV GL-Zertifizierung f\u00fcr den maritimen Bereich.<\/span><\/li>\n<li><span style=\"font-weight: 400;\"> Steuerung: Wegeventile oder zwei Druck- oder Drosselventile.<\/span><\/li>\n<li><span style=\"font-weight: 400;\"> Eing\u00e4nge: Analoge oder digitale Eing\u00e4nge.<\/span><\/li>\n<li><span style=\"font-weight: 400;\"> Geh\u00e4use: Kompaktes Geh\u00e4use.<\/span><\/li>\n<li><span style=\"font-weight: 400;\"> Einstellungen: Digital reproduzierbare Einstellungen.<\/span><\/li>\n<li><span style=\"font-weight: 400;\"> Skalierung: Freie Skalierung der analogen Eing\u00e4nge.<\/span><\/li>\n<li><span style=\"font-weight: 400;\"> \u00dcberwachung: \u00dcberwachung des Eingangssignals (z. B. f\u00fcr Joystick).<\/span><\/li>\n<li><span style=\"font-weight: 400;\"> Kennlinienlinearisierung: \u00dcber 10 XY-Punkte pro Richtung.<\/span><\/li>\n<li><span style=\"font-weight: 400;\"> Parametrierung: Freie Parametrierung von RAMP, MIN \/ MAX, Ausgangsstrom und <\/span>DITHER (Frequenz, Amplitude).<\/li>\n<li><span style=\"font-weight: 400;\"> Ausgangsstrom: Nominaler Ausgangsstrom bis zu 2,6 A.<\/span><\/li>\n<li><span style=\"font-weight: 400;\"> Parametrierung: Einfache und anwendungsorientierte Parametrierung mit WPC-Software.<\/span><\/li>\n<li><span style=\"font-weight: 400;\"> Diagnose: Fehlerdiagnostik und erweiterte Funktions\u00fcberpr\u00fcfung.<\/span><\/li>\n<li><span style=\"font-weight: 400;\"> Ausgangsstrom: Der Ausgangsstrom ist geregelt und daher unabh\u00e4ngig von der Stromversorgung <\/span>und dem Magnetwiderstand. Die Ausgangsstufe wird auf Kabelbruch \u00fcberwacht, ist kurzschlussfest und schaltet die Leistungsendstufe im Fehlerfall ab.<span style=\"font-weight: 400;\"> Parametrierung:<\/span><\/li>\n<\/ul>\n<ul>\n<li><span style=\"font-weight: 400;\"> RAMP, MIN und MAX, der DITHER (Frequenz und Amplitude) und die PWM Frequenz <\/span>sind programmierbar.<\/li>\n<li><span style=\"font-weight: 400;\"> Zus\u00e4tzlich kann die Ventilkennlinie \u00fcber 10 Eckpunkte linearisiert werden.<\/span><\/li>\n<li><span style=\"font-weight: 400;\"> Anpassung: Alle typischen Proportionalventile der verschiedenen Hersteller k\u00f6nnen angesteuert <\/span>werden (BOSCH REXROTH, BUCHER, DUPLOMATIC, PARKER &#8230;).<\/li>\n<li><span style=\"font-weight: 400;\"> LED-Anzeigen: LEDs zur Anzeige des Betriebszustands und von Fehlern.<\/span><\/li>\n<li><span style=\"font-weight: 400;\"> Kommunikation: USB-Schnittstelle.<\/span><\/li>\n<li><span style=\"font-weight: 400;\"> Software: Bedienprogramm WPC-300 (auf der Homepage des Herstellers erh\u00e4ltlich).<\/span><\/li>\n<\/ul>\n<p>&nbsp;<\/p>\n<p><b>Typische Anwendungen: <\/b><span style=\"font-weight: 400;\">Steuerung von Wege-, Drossel- und Druckventilen, die eine flexible Anpassung ben\u00f6tigen. Hydraulische Anwendungen im offenen oder geschlossenen Regelkreis.<\/span><\/p>\n","protected":false},"excerpt":{"rendered":"<p>Das Produkt PAM-199-P ist ein Leistungsverst\u00e4rker f\u00fcr alle typischen Wegeventile. Es handelt sich um einen allgemeinen Leistungsverst\u00e4rker f\u00fcr proportionale Wege-, Druck- oder Drosselventile. Hier sind die wichtigsten Eigenschaften und Merkmale zusammengefasst: Bestellnummer: PAM-199-P Funktionsarten: 195: Ansteuerung eines Wegeventils mit +\/- 10 V (oder 4&#8230; 20 mA) Signal. 196: Ansteuerung von ein\/zwei Drossel- oder Druckventilen mit&hellip;<\/p>\n","protected":false},"featured_media":27446,"template":"","meta":[],"product_brand":[],"product_cat":[319,401],"product_tag":[],"class_list":{"0":"post-28010","1":"product","2":"type-product","3":"status-publish","4":"has-post-thumbnail","6":"product_cat-ansteuerelektronik","7":"product_cat-leistungsverstaerker","8":"description-off","10":"first","11":"instock","12":"purchasable","13":"product-type-simple"},"_links":{"self":[{"href":"https:\/\/schuhmacher-tech.de\/en\/wp-json\/wp\/v2\/product\/28010","targetHints":{"allow":["GET"]}}],"collection":[{"href":"https:\/\/schuhmacher-tech.de\/en\/wp-json\/wp\/v2\/product"}],"about":[{"href":"https:\/\/schuhmacher-tech.de\/en\/wp-json\/wp\/v2\/types\/product"}],"wp:featuredmedia":[{"embeddable":true,"href":"https:\/\/schuhmacher-tech.de\/en\/wp-json\/wp\/v2\/media\/27446"}],"wp:attachment":[{"href":"https:\/\/schuhmacher-tech.de\/en\/wp-json\/wp\/v2\/media?parent=28010"}],"wp:term":[{"taxonomy":"product_brand","embeddable":true,"href":"https:\/\/schuhmacher-tech.de\/en\/wp-json\/wp\/v2\/product_brand?post=28010"},{"taxonomy":"product_cat","embeddable":true,"href":"https:\/\/schuhmacher-tech.de\/en\/wp-json\/wp\/v2\/product_cat?post=28010"},{"taxonomy":"product_tag","embeddable":true,"href":"https:\/\/schuhmacher-tech.de\/en\/wp-json\/wp\/v2\/product_tag?post=28010"}],"curies":[{"name":"wp","href":"https:\/\/api.w.org\/{rel}","templated":true}]}}