{"id":28009,"date":"2026-02-12T11:13:41","date_gmt":"2026-02-12T10:13:41","guid":{"rendered":"https:\/\/schuhmacher-tech.de\/?post_type=product&#038;p=28009"},"modified":"2026-04-10T10:36:31","modified_gmt":"2026-04-10T08:36:31","slug":"pam-198-p-leistungsverstaerker","status":"publish","type":"product","link":"https:\/\/schuhmacher-tech.de\/en\/product\/pam-198-p-leistungsverstaerker\/","title":{"rendered":"PAM-198-P Leistungsverst\u00e4rker"},"content":{"rendered":"<p><b>Der PAM-198-P ist ein leistungsf\u00e4higer, digitaler Leistungsverst\u00e4rker mit integrierter Lageregelung, der speziell f\u00fcr die Ansteuerung von Proportional-Wegeventilen mit elektrischer Wegr\u00fcckf\u00fchrung entwickelt wurde. Das Ger\u00e4t erm\u00f6glicht eine pr\u00e4zise Regelung der Schieberposition und l\u00e4sst sich durch eine Vielzahl einstellbarer Parameter optimal an unterschiedliche Ventiltypen anpassen.<\/b><\/p>\n<p><b>Wesentliche Leistungsmerkmale und Steuerung<\/b><\/p>\n<p>&nbsp;<\/p>\n<ul>\n<li><i><span style=\"font-weight: 400;\"> Hochdynamische Regelung: Der Regelkreis arbeitet mit einer Abtastzeit von 1 ms, w\u00e4hrend die integrierte Leistungsendstufe f\u00fcr die Magnetstromregelung eine Zykluszeit von nur 0,125 ms aufweist.<\/span><\/i><\/li>\n<li><i><span style=\"font-weight: 400;\"> Pr\u00e4zise Stromausgabe: Der Ausgangsstrom ist geregelt und somit unabh\u00e4ngig von der Versorgungsspannung (12&#8230;30 VDC) sowie dem Magnetwiderstand. Der Magnet-Nennstrom ist digital bis zu einem Wert von 2,6 A parametrierbar.<\/span><\/i><\/li>\n<li><i><span style=\"font-weight: 400;\"> Flexible Signalanpassung: Die analogen Eing\u00e4nge f\u00fcr Soll- und Istwert sind frei skalierbar und unterst\u00fctzen Signalbereiche von 0\u202610 V, -10\u2026+10 V sowie 4\u202620 mA.<\/span><\/i><\/li>\n<li><i><span style=\"font-weight: 400;\"> Regler-Konfiguration: Das Modul nutzt einen PID-Regler mit Vorsteuerung und einem schaltenden Integrator, um eine schnelle Reaktion auf Sollwert\u00e4nderungen bei gleichzeitiger Vermeidung von Grenzzyklen im Arbeitspunkt zu gew\u00e4hrleisten. Es k\u00f6nnen sowohl Ventile mit einem als auch mit zwei Magneten angesteuert werden.<\/span><\/i><\/li>\n<\/ul>\n<p><i><span style=\"font-weight: 400;\">Digitale Parametrierung und Funktionen<\/span><\/i><\/p>\n<p><i><span style=\"font-weight: 400;\">Die Konfiguration erfolgt komfortabel \u00fcber eine integrierte USB-Schnittstelle (Typ B) unter Verwendung der Software WPC-300. Zu den verf\u00fcgbaren Funktionen geh\u00f6ren:<\/span><\/i><\/p>\n<ul>\n<li><i><span style=\"font-weight: 400;\"> Vier-Quadranten-Rampe: Getrennt einstellbare Rampenzeiten f\u00fcr das Auf- und Absteuern in beide Richtungen.<\/span><\/i><\/li>\n<li><i><span style=\"font-weight: 400;\"> \u00dcberdeckungskompensation (MIN\/MAX): Digitale Einstellung zur Kompensation der Ventil-Totzone und zur Skalierung des Ausgangssignals.<\/span><\/i><\/li>\n<li><i><span style=\"font-weight: 400;\"> Kennlinienlinearisierung: Eine Anpassung der Signalcharakteristik \u00fcber 10 XY-St\u00fctzpunkte ist m\u00f6glich, um beispielsweise ein lineares Verh\u00e4ltnis zwischen Eingangssignal und physikalischen Gr\u00f6\u00dfen herzustellen.<\/span><\/i><\/li>\n<li><i><span style=\"font-weight: 400;\"> Dither-Funktion: Einstellbare Frequenz und Amplitude zur Reduzierung der mechanischen Haftreibung im Ventil.<\/span><\/i><\/li>\n<\/ul>\n<p><i><span style=\"font-weight: 400;\">Hardware und Sicherheit<\/span><\/i><\/p>\n<ul>\n<li><i><span style=\"font-weight: 400;\"> Kompakte Bauform: Das Ger\u00e4t ist als Snap-On Modul f\u00fcr die Montage auf Standard-DIN-Tragschienen (EN 50022) ausgef\u00fchrt.<\/span><\/i><\/li>\n<li><i><span style=\"font-weight: 400;\"> Status\u00fcberwachung: Drei LEDs an der Frontseite visualisieren den Betriebszustand: Eine gr\u00fcne READY-LED zeigt die Einsatzbereitschaft oder Fehler an, w\u00e4hrend zwei gelbe LEDs die Intensit\u00e4t des Stroms an Magnet A und B signalisieren.<\/span><\/i><\/li>\n<li><i><span style=\"font-weight: 400;\"> Umfassende Diagnostik: Die Endstufe wird kontinuierlich auf Kabelbruch und Kurzschluss \u00fcberwacht. Im Fehlerfall wird die Leistungsendstufe deaktiviert und der READY-Ausgang abgeschaltet.<\/span><\/i><\/li>\n<li><i><span style=\"font-weight: 400;\"> Zusatzfunktionen: Ein integrierter 8V-Referenzspannungsausgang kann zur Versorgung von externen Sensoren oder Potentiometern genutzt werden.<\/span><\/i><\/li>\n<\/ul>\n<p><i><span style=\"font-weight: 400;\">Durch seinen robusten Aufbau (Schutzklasse IP20) und die pr\u00e4zise digitale Einstellbarkeit ist der PAM-198-P eine ideale L\u00f6sung f\u00fcr anspruchsvolle hydraulische Anwendungen im industriellen Bereich.<\/span><\/i><\/p>\n<p>Zolltarif Nr. \/ HS-Code: 85437090<\/p>\n<p>Datenblatt: <a href=\"https:\/\/www.w-e-st.de\/files\/pdf\/PAM-190-P-IO-DE.pdf\" target=\"_blank\" rel=\"noopener\">https:\/\/www.w-e-st.de\/files\/pdf\/PAM-190-P-IO-DE.pdf<\/a><\/p>\n","protected":false},"excerpt":{"rendered":"<p>Der PAM-198-P ist ein leistungsf\u00e4higer, digitaler Leistungsverst\u00e4rker mit integrierter Lageregelung, der speziell f\u00fcr die Ansteuerung von Proportional-Wegeventilen mit elektrischer Wegr\u00fcckf\u00fchrung entwickelt wurde. Das Ger\u00e4t erm\u00f6glicht eine pr\u00e4zise Regelung der Schieberposition und l\u00e4sst sich durch eine Vielzahl einstellbarer Parameter optimal an unterschiedliche Ventiltypen anpassen. Wesentliche Leistungsmerkmale und Steuerung &nbsp; Hochdynamische Regelung: Der Regelkreis arbeitet mit einer&hellip;<\/p>\n","protected":false},"featured_media":27127,"template":"","meta":[],"product_brand":[],"product_cat":[319,401],"product_tag":[],"class_list":{"0":"post-28009","1":"product","2":"type-product","3":"status-publish","4":"has-post-thumbnail","6":"product_cat-ansteuerelektronik","7":"product_cat-leistungsverstaerker","8":"description-off","10":"first","11":"outofstock","12":"sold-individually","13":"purchasable","14":"product-type-simple"},"_links":{"self":[{"href":"https:\/\/schuhmacher-tech.de\/en\/wp-json\/wp\/v2\/product\/28009","targetHints":{"allow":["GET"]}}],"collection":[{"href":"https:\/\/schuhmacher-tech.de\/en\/wp-json\/wp\/v2\/product"}],"about":[{"href":"https:\/\/schuhmacher-tech.de\/en\/wp-json\/wp\/v2\/types\/product"}],"wp:featuredmedia":[{"embeddable":true,"href":"https:\/\/schuhmacher-tech.de\/en\/wp-json\/wp\/v2\/media\/27127"}],"wp:attachment":[{"href":"https:\/\/schuhmacher-tech.de\/en\/wp-json\/wp\/v2\/media?parent=28009"}],"wp:term":[{"taxonomy":"product_brand","embeddable":true,"href":"https:\/\/schuhmacher-tech.de\/en\/wp-json\/wp\/v2\/product_brand?post=28009"},{"taxonomy":"product_cat","embeddable":true,"href":"https:\/\/schuhmacher-tech.de\/en\/wp-json\/wp\/v2\/product_cat?post=28009"},{"taxonomy":"product_tag","embeddable":true,"href":"https:\/\/schuhmacher-tech.de\/en\/wp-json\/wp\/v2\/product_tag?post=28009"}],"curies":[{"name":"wp","href":"https:\/\/api.w.org\/{rel}","templated":true}]}}