{"id":28007,"date":"2026-02-12T11:06:28","date_gmt":"2026-02-12T10:06:28","guid":{"rendered":"https:\/\/schuhmacher-tech.de\/?post_type=product&#038;p=28007"},"modified":"2026-04-10T10:36:42","modified_gmt":"2026-04-10T08:36:42","slug":"pam-390-p-leistungsverstaerker","status":"publish","type":"product","link":"https:\/\/schuhmacher-tech.de\/en\/product\/pam-390-p-leistungsverstaerker\/","title":{"rendered":"PAM-390-P Leistungsverst\u00e4rker"},"content":{"rendered":"<p><b>\u00a0<\/b><b><i>Der PAM-390-P ist ein kompakter und preiswerter digitaler Leistungsverst\u00e4rker, der speziell f\u00fcr die Ansteuerung von Stetigventilen mit einem Magneten entwickelt wurde. Das Ger\u00e4t zeichnet sich durch seine Bauform als Steckergeh\u00e4use (Bauform A nach DIN EN 175 301-803 A) aus, welches f\u00fcr eine einfache und platzsparende Installation direkt auf das Ventil montiert wird<\/i><\/b><b>\u00a0<\/b><\/p>\n<ul>\n<li><i><span style=\"font-weight: 400;\"> Pr\u00e4zise Stromregelung: Der Ausgangsstrom ist geregelt und somit unabh\u00e4ngig von der Versorgungsspannung (10&#8230;30 VDC) und dem Magnetwiderstand. Er erreicht einen nominalen Wert von bis zu 2,6 A.<\/span><\/i><\/li>\n<li><i><span style=\"font-weight: 400;\"> Flexible Signaleing\u00e4nge: Das Ger\u00e4t unterst\u00fctzt skalierbare Eingangssignale von 0\u202610 V oder 4\u202620 mA. Diese k\u00f6nnen frei skaliert werden, um sie beispielsweise an die Signale eines Joysticks oder einer SPS anzupassen.<\/span><\/i><\/li>\n<li><i><span style=\"font-weight: 400;\"> Umfangreiche Parametrierung: \u00dcber die Konfigurationssoftware WPC-300 lassen sich alle wichtigen Parameter digital einstellen und reproduzieren. Dazu geh\u00f6ren:<\/span><\/i><\/li>\n<\/ul>\n<p><i><span style=\"font-weight: 400;\">\u00a0\u00a0\u00a0\u00a0\u25e6 Rampenfunktionen (getrennt f\u00fcr Auf- und Absteuerung).<\/span><\/i><\/p>\n<p><i><span style=\"font-weight: 400;\">\u00a0\u00a0\u00a0\u00a0\u25e6 MIN \/ MAX-Einstellungen zur Kompensation der Ventil\u00fcberdeckung und zur Ausgangsskalierung.<\/span><\/i><\/p>\n<p><i><span style=\"font-weight: 400;\">\u00a0\u00a0\u00a0\u00a0\u25e6 Dither-Signal (Amplitude und Frequenz) zur Reduzierung der Haftreibung im Ventil.<\/span><\/i><\/p>\n<p><i><span style=\"font-weight: 400;\">\u00a0\u00a0\u00a0\u00a0\u25e6 PWM-Frequenz (61 Hz bis 2604 Hz).<\/span><\/i><\/p>\n<ul>\n<li><i><span style=\"font-weight: 400;\"> Kennlinienlinearisierung: Eine Besonderheit ist die M\u00f6glichkeit, die Ventilkennlinie \u00fcber 10 XY-St\u00fctzpunkte zu linearisieren. Dies erlaubt es, ein lineares Verhalten zwischen dem Eingangssignal und einer physikalischen Gr\u00f6\u00dfe wie dem Ausgangsdruck herzustellen.<\/span><\/i><\/li>\n<\/ul>\n<p><i><span style=\"font-weight: 400;\">Schnittstellen und Hardware<\/span><\/i><\/p>\n<p><i><span style=\"font-weight: 400;\">Die Kommunikation f\u00fcr die Parametrierung kann wahlweise \u00fcber eine im Ger\u00e4t integrierte <\/span><\/i><b><i>USB-Typ Mini 2.0 Buchse<\/i><\/b><i><span style=\"font-weight: 400;\"> oder \u00fcber den LIN-Bus (mittels des Adapters ULA-310) erfolgen. F\u00fcr die visuelle Kontrolle des Betriebszustands verf\u00fcgt der Verst\u00e4rker \u00fcber zwei LEDs: Eine gr\u00fcne Status-LED signalisiert die Betriebsbereitschaft oder Fehlerzust\u00e4nde, w\u00e4hrend eine gelbe LED den Magnetstrom anzeigt.<\/span><\/i><\/p>\n<p><i><span style=\"font-weight: 400;\">Sicherheit und Zuverl\u00e4ssigkeit<\/span><\/i><\/p>\n<p><i><span style=\"font-weight: 400;\">Das Modul bietet hohe Betriebssicherheit durch verschiedene Schutzfunktionen:<\/span><\/i><\/p>\n<ul>\n<li><i><span style=\"font-weight: 400;\"> \u00dcberwachungsfunktionen: Die Ausgangsstufe wird auf Kabelbruch \u00fcberwacht und ist kurzschlussfest. Zudem kann das Eingangssignal auf unzul\u00e4ssige Bereiche hin \u00fcberwacht werden.<\/span><\/i><\/li>\n<li><i><span style=\"font-weight: 400;\"> Robustheit: Mit der Schutzklasse IP65 (bei Verwendung der mitgelieferten Dichtung) ist das Ger\u00e4t gegen Staub und Strahlwasser gesch\u00fctzt.<\/span><\/i><\/li>\n<li><i><span style=\"font-weight: 400;\"> Kompatibilit\u00e4t: Es k\u00f6nnen Proportionalventile aller g\u00e4ngigen Hersteller (wie BOSCH REXROTH, PARKER, BUCHER etc.) angesteuert werden.<\/span><\/i><\/li>\n<\/ul>\n<p><i><span style=\"font-weight: 400;\">Der PAM-390-P ist somit eine ideale L\u00f6sung f\u00fcr hydraulische Anwendungen, die eine flexible und pr\u00e4zise digitale Anpassung der Ventilcharakteristik in einem kompakten Geh\u00e4use erfordern.<\/span><\/i><\/p>\n","protected":false},"excerpt":{"rendered":"<p>\u00a0Der PAM-390-P ist ein kompakter und preiswerter digitaler Leistungsverst\u00e4rker, der speziell f\u00fcr die Ansteuerung von Stetigventilen mit einem Magneten entwickelt wurde. Das Ger\u00e4t zeichnet sich durch seine Bauform als Steckergeh\u00e4use (Bauform A nach DIN EN 175 301-803 A) aus, welches f\u00fcr eine einfache und platzsparende Installation direkt auf das Ventil montiert wird\u00a0 Pr\u00e4zise Stromregelung: Der&hellip;<\/p>\n","protected":false},"featured_media":28228,"template":"","meta":[],"product_brand":[],"product_cat":[319,401],"product_tag":[],"class_list":{"0":"post-28007","1":"product","2":"type-product","3":"status-publish","4":"has-post-thumbnail","6":"product_cat-ansteuerelektronik","7":"product_cat-leistungsverstaerker","8":"description-off","10":"first","11":"instock","12":"purchasable","13":"product-type-simple"},"_links":{"self":[{"href":"https:\/\/schuhmacher-tech.de\/en\/wp-json\/wp\/v2\/product\/28007","targetHints":{"allow":["GET"]}}],"collection":[{"href":"https:\/\/schuhmacher-tech.de\/en\/wp-json\/wp\/v2\/product"}],"about":[{"href":"https:\/\/schuhmacher-tech.de\/en\/wp-json\/wp\/v2\/types\/product"}],"wp:featuredmedia":[{"embeddable":true,"href":"https:\/\/schuhmacher-tech.de\/en\/wp-json\/wp\/v2\/media\/28228"}],"wp:attachment":[{"href":"https:\/\/schuhmacher-tech.de\/en\/wp-json\/wp\/v2\/media?parent=28007"}],"wp:term":[{"taxonomy":"product_brand","embeddable":true,"href":"https:\/\/schuhmacher-tech.de\/en\/wp-json\/wp\/v2\/product_brand?post=28007"},{"taxonomy":"product_cat","embeddable":true,"href":"https:\/\/schuhmacher-tech.de\/en\/wp-json\/wp\/v2\/product_cat?post=28007"},{"taxonomy":"product_tag","embeddable":true,"href":"https:\/\/schuhmacher-tech.de\/en\/wp-json\/wp\/v2\/product_tag?post=28007"}],"curies":[{"name":"wp","href":"https:\/\/api.w.org\/{rel}","templated":true}]}}