{"id":28002,"date":"2026-02-12T09:00:00","date_gmt":"2026-02-12T08:00:00","guid":{"rendered":"https:\/\/schuhmacher-tech.de\/?post_type=product&#038;p=28002"},"modified":"2026-04-10T10:36:26","modified_gmt":"2026-04-10T08:36:26","slug":"csc-152-p-universelle-gleichlaufregelbaugruppe","status":"publish","type":"product","link":"https:\/\/schuhmacher-tech.de\/en\/product\/csc-152-p-universelle-gleichlaufregelbaugruppe\/","title":{"rendered":"CSC-152-P, Universelle Gleichlaufregelbaugruppe"},"content":{"rendered":"<p><span style=\"font-weight: 400;\">Das Produkt <\/span><b>CSC-152-U<\/b><span style=\"font-weight: 400;\"> ist eine universelle Gleichlaufregelbaugruppe f\u00fcr analoge Signale, optional <\/span><span style=\"font-weight: 400;\">mit einer integrierten Leistungsendstufe <\/span><b>CSC-152-P<\/b><span style=\"font-weight: 400;\">. Es wurde zur Steuerung von hydraulischen<\/span><\/p>\n<p><span style=\"font-weight: 400;\">Positionierantrieben mit der M\u00f6glichkeit einer \u00fcberlagerten Gleichlaufregelung entwickelt. Typische Anwendungen sind Gleichlauf und Positionierung f\u00fcr zwei Achsen, erweiterbar auf bis zu 4 Achsen im Master\/Slave-Modus.<\/span><\/p>\n<p><b>Hauptmerkmale und Eigenschaften:<\/b><\/p>\n<ul>\n<li><span style=\"font-weight: 400;\"> Analoge Positions- und Geschwindigkeitsvorgabe<\/span><\/li>\n<li><span style=\"font-weight: 400;\"> Analoge Wegsensoren<\/span><\/li>\n<li><span style=\"font-weight: 400;\"> Einfache und intuitive Skalierung des Sensors<\/span><\/li>\n<li><span style=\"font-weight: 400;\"> Datenvorgabe f\u00fcr die Bewegung in mm bzw. mm\/s<\/span><\/li>\n<li><span style=\"font-weight: 400;\"> Interne Profildefinition durch Vorgabe von Beschleunigungen, Geschwindigkeit und <\/span>Verz\u00f6gerungen<\/li>\n<li><span style=\"font-weight: 400;\">Wegabh\u00e4ngiges Bremsen f\u00fcr k\u00fcrzeste Hubzeiten<\/span><\/li>\n<li><span style=\"font-weight: 400;\"> NC Profilgenerator f\u00fcr konstante Geschwindigkeit<\/span><\/li>\n<li><span style=\"font-weight: 400;\"> \u00dcbergeordnete Gleichlaufregelung<\/span><\/li>\n<li><span style=\"font-weight: 400;\"> Optional: Integrierte Leistungsendstufe (P-Version)<\/span><\/li>\n<li><span style=\"font-weight: 400;\"> Fehlerdiagnostik und erweiterte Funktions\u00fcberpr\u00fcfung<\/span><\/li>\n<li><span style=\"font-weight: 400;\"> Vereinfachte Parametrierung mit WPC-300 Software<\/span><\/li>\n<li><span style=\"font-weight: 400;\"> Optimaler Einsatz mit \u00fcberdeckten Proportionalventilen und mit Nullschnitt Regelventilen<\/span><\/li>\n<\/ul>\n<p><b>Funktionsweise:<\/b><\/p>\n<p><span style=\"font-weight: 400;\">Das Modul erm\u00f6glicht die Steuerung von Stetigventilen mit integrierter oder externer Elektronik \u00fcber<\/span><\/p>\n<p><span style=\"font-weight: 400;\">einen Differenzausgang. Die interne Profilgenerierung ist optimiert f\u00fcr das wegabh\u00e4ngige Bremsen oder den NC Regelmodus. Der \u00fcberlagerte Gleichlaufregler beeinflusst die Geschwindigkeit der angekoppelten Slave Achse. Positionsfehler w\u00e4hrend der Fahrt bewirken eine Geschwindigkeitserh\u00f6hung oder &#8211; Verringerung, um den Gleichlauffehler auszugleichen.<\/span><\/p>\n<p>Zolltarif Nr. \/ HS-Code: 85371098<\/p>\n<p>Datenblatt:<\/p>\n<p><a href=\"https:\/\/www.w-e-st.de\/files\/pdf\/CSC-152-U-P-DE.pdf\" target=\"_blank\" rel=\"noopener\">https:\/\/www.w-e-st.de\/files\/pdf\/CSC-152-U-P-DE.pdf<\/a><\/p>\n<p>&nbsp;<\/p>\n<p>&nbsp;<\/p>\n","protected":false},"excerpt":{"rendered":"<p>Das Produkt CSC-152-U ist eine universelle Gleichlaufregelbaugruppe f\u00fcr analoge Signale, optional mit einer integrierten Leistungsendstufe CSC-152-P. Es wurde zur Steuerung von hydraulischen Positionierantrieben mit der M\u00f6glichkeit einer \u00fcberlagerten Gleichlaufregelung entwickelt. Typische Anwendungen sind Gleichlauf und Positionierung f\u00fcr zwei Achsen, erweiterbar auf bis zu 4 Achsen im Master\/Slave-Modus. Hauptmerkmale und Eigenschaften: Analoge Positions- und Geschwindigkeitsvorgabe Analoge&hellip;<\/p>\n","protected":false},"featured_media":27446,"template":"","meta":[],"product_brand":[],"product_cat":[319,400],"product_tag":[],"class_list":{"0":"post-28002","1":"product","2":"type-product","3":"status-publish","4":"has-post-thumbnail","6":"product_cat-ansteuerelektronik","7":"product_cat-gleichlaufregelungen","8":"description-off","10":"first","11":"instock","12":"purchasable","13":"product-type-simple"},"_links":{"self":[{"href":"https:\/\/schuhmacher-tech.de\/en\/wp-json\/wp\/v2\/product\/28002","targetHints":{"allow":["GET"]}}],"collection":[{"href":"https:\/\/schuhmacher-tech.de\/en\/wp-json\/wp\/v2\/product"}],"about":[{"href":"https:\/\/schuhmacher-tech.de\/en\/wp-json\/wp\/v2\/types\/product"}],"wp:featuredmedia":[{"embeddable":true,"href":"https:\/\/schuhmacher-tech.de\/en\/wp-json\/wp\/v2\/media\/27446"}],"wp:attachment":[{"href":"https:\/\/schuhmacher-tech.de\/en\/wp-json\/wp\/v2\/media?parent=28002"}],"wp:term":[{"taxonomy":"product_brand","embeddable":true,"href":"https:\/\/schuhmacher-tech.de\/en\/wp-json\/wp\/v2\/product_brand?post=28002"},{"taxonomy":"product_cat","embeddable":true,"href":"https:\/\/schuhmacher-tech.de\/en\/wp-json\/wp\/v2\/product_cat?post=28002"},{"taxonomy":"product_tag","embeddable":true,"href":"https:\/\/schuhmacher-tech.de\/en\/wp-json\/wp\/v2\/product_tag?post=28002"}],"curies":[{"name":"wp","href":"https:\/\/api.w.org\/{rel}","templated":true}]}}