{"id":27997,"date":"2026-02-12T08:42:30","date_gmt":"2026-02-12T07:42:30","guid":{"rendered":"https:\/\/schuhmacher-tech.de\/?post_type=product&#038;p=27997"},"modified":"2026-04-10T10:36:37","modified_gmt":"2026-04-10T08:36:37","slug":"dsg-111-p-digitales-sollwertmodul-2","status":"publish","type":"product","link":"https:\/\/schuhmacher-tech.de\/en\/product\/dsg-111-p-digitales-sollwertmodul-2\/","title":{"rendered":"DSG-112-U Digitales Sollwertmodul"},"content":{"rendered":"<p><span style=\"font-weight: 400;\">Das DSG-112 ist ein frei konfigurierbares Regel- und Steuermodul, das sich ideal f\u00fcr die hydraulische<\/span><\/p>\n<p><span style=\"font-weight: 400;\">Antriebstechnik eignet, aber auch in anderen Branchen vielseitig einsetzbar ist. Es zeichnet sich durch<\/span><\/p>\n<p><span style=\"font-weight: 400;\">schnelle Signalverarbeitung und eine skriptbasierte Programmierung aus, die einfacher zu handhaben ist als SPS-Programmiersprachen.<\/span><\/p>\n<p><b>Hauptmerkmale und Vorteile:<\/b><\/p>\n<ul>\n<li><span style=\"font-weight: 400;\"> Freie Konfiguration beliebiger Verkn\u00fcpfungen<\/span><\/li>\n<li><span style=\"font-weight: 400;\"> Schnelle Verarbeitung im 1 ms Zyklus<\/span><\/li>\n<li><span style=\"font-weight: 400;\"> Einfache Skriptsprache f\u00fcr schnelle Einarbeitung<\/span><\/li>\n<li><span style=\"font-weight: 400;\"> M\u00f6glichkeit zur Offline-Simulation von Skripten<\/span><\/li>\n<li><span style=\"font-weight: 400;\"> Integrierte Regelfunktionen, wie PI-Regler und Vier-Quadranten Rampe<\/span><\/li>\n<li><span style=\"font-weight: 400;\"> Eingangs- und Ausgangssignalumschaltung<\/span><\/li>\n<li><span style=\"font-weight: 400;\"> Parameter zur Ventiladaption (MIN, MAX, freie Kennlinie)<\/span><\/li>\n<li><span style=\"font-weight: 400;\"> \u00dcberdeckungssprung oder geknickte Verst\u00e4rkungscharakteristik<\/span><\/li>\n<li><span style=\"font-weight: 400;\"> Fehlerdiagnostik und erweiterte Funktionspr\u00fcfung<\/span><\/li>\n<li><span style=\"font-weight: 400;\"> Einfache Parametrierung mit WPC-300 und kostenloser Skript-Programmiersoftware mit<\/span><\/li>\n<\/ul>\n<p><span style=\"font-weight: 400;\">Simulationsm\u00f6glichkeit<\/span><\/p>\n<ul>\n<li><span style=\"font-weight: 400;\"> Optional: Integrierte Leistungsendstufe (P-Version) f\u00fcr die Ansteuerung von Proportionalventilen<\/span><\/li>\n<\/ul>\n<p><b>Typische Anwendungen:<\/b><\/p>\n<p><span style=\"font-weight: 400;\">Eil-\/Schleichgangsteuerungen, Abrufbare Geschwindigkeits- oder Drucksollwerte,\u00a0 \u00a0 Kennlinienanpassungen und Signal-Bereichs\u00fcberwachungen, Zeitgesteuerte Bewegungsabl\u00e4ufe, Sollwertvorgaben, Allgemeine Regelungsfunktionen<\/span><\/p>\n<p><b>Das DSG-112 ist in zwei Varianten erh\u00e4ltlich:<\/b><\/p>\n<ul>\n<li><b> DSG-112-U:<\/b><span style=\"font-weight: 400;\"> mit analogen und digitalen Ein- und Ausg\u00e4ngen<\/span><\/li>\n<li><b> DSG-112-P:<\/b><span style=\"font-weight: 400;\"> mit zus\u00e4tzlicher Leistungsendstufe bis 2,6 A zur Ansteuerung von Proportionalventilen<\/span><\/li>\n<\/ul>\n<p><span style=\"font-weight: 400;\">Die P-Version verf\u00fcgt \u00fcber separate Leistungsendstufen f\u00fcr zwei Magnete, mit einstellbarer PWM-<\/span><\/p>\n<p><span style=\"font-weight: 400;\">Frequenz, Ditherfrequenz und Ditheramplitude. Die Endstufe kann an die dynamischen Anforderungenangepasst werden und ist mit einem Hardware-Kurzschlussschutz ausgestattet.<\/span><\/p>\n<p>&nbsp;<\/p>\n","protected":false},"excerpt":{"rendered":"<p>Das DSG-112 ist ein frei konfigurierbares Regel- und Steuermodul, das sich ideal f\u00fcr die hydraulische Antriebstechnik eignet, aber auch in anderen Branchen vielseitig einsetzbar ist. Es zeichnet sich durch schnelle Signalverarbeitung und eine skriptbasierte Programmierung aus, die einfacher zu handhaben ist als SPS-Programmiersprachen. Hauptmerkmale und Vorteile: Freie Konfiguration beliebiger Verkn\u00fcpfungen Schnelle Verarbeitung im 1 ms&hellip;<\/p>\n","protected":false},"featured_media":27412,"template":"","meta":[],"product_brand":[],"product_cat":[399,319],"product_tag":[],"class_list":{"0":"post-27997","1":"product","2":"type-product","3":"status-publish","4":"has-post-thumbnail","6":"product_cat-allgemeine-funktionsmodule","7":"product_cat-ansteuerelektronik","8":"description-off","10":"first","11":"outofstock","12":"purchasable","13":"product-type-simple"},"_links":{"self":[{"href":"https:\/\/schuhmacher-tech.de\/en\/wp-json\/wp\/v2\/product\/27997","targetHints":{"allow":["GET"]}}],"collection":[{"href":"https:\/\/schuhmacher-tech.de\/en\/wp-json\/wp\/v2\/product"}],"about":[{"href":"https:\/\/schuhmacher-tech.de\/en\/wp-json\/wp\/v2\/types\/product"}],"wp:featuredmedia":[{"embeddable":true,"href":"https:\/\/schuhmacher-tech.de\/en\/wp-json\/wp\/v2\/media\/27412"}],"wp:attachment":[{"href":"https:\/\/schuhmacher-tech.de\/en\/wp-json\/wp\/v2\/media?parent=27997"}],"wp:term":[{"taxonomy":"product_brand","embeddable":true,"href":"https:\/\/schuhmacher-tech.de\/en\/wp-json\/wp\/v2\/product_brand?post=27997"},{"taxonomy":"product_cat","embeddable":true,"href":"https:\/\/schuhmacher-tech.de\/en\/wp-json\/wp\/v2\/product_cat?post=27997"},{"taxonomy":"product_tag","embeddable":true,"href":"https:\/\/schuhmacher-tech.de\/en\/wp-json\/wp\/v2\/product_tag?post=27997"}],"curies":[{"name":"wp","href":"https:\/\/api.w.org\/{rel}","templated":true}]}}