{"id":27393,"date":"2025-06-05T11:55:59","date_gmt":"2025-06-05T09:55:59","guid":{"rendered":"https:\/\/schuhmacher-tech.de\/product\/pam-392-p-2-kanaliger-steckerverstaerker-fuer-alle-typischen-wegeventile-2\/"},"modified":"2026-04-10T10:36:41","modified_gmt":"2026-04-10T08:36:41","slug":"pam-392-p-2-kanaliger-steckerverstaerker","status":"publish","type":"product","link":"https:\/\/schuhmacher-tech.de\/en\/product\/pam-392-p-2-kanaliger-steckerverstaerker\/","title":{"rendered":"PAM-392-P, 2-Kanaliger-Steckerverst\u00e4rker"},"content":{"rendered":"<p><span style=\"font-weight: 400;\">Das Produkt PAM-392-P ist ein Steckerverst\u00e4rker zur Ansteuerung von Wegeventilen mit zwei <\/span><span style=\"font-weight: 400;\">Magneten.\u00a0<\/span><\/p>\n<p><b>Hier sind die wichtigsten Eigenschaften und Merkmale zusammengefasst:<\/b><\/p>\n<ul>\n<li><span style=\"font-weight: 400;\"> Bestellnummer: PAM-392-P<\/span><\/li>\n<li><span style=\"font-weight: 400;\"> Eingangssignal: Typisches Eingangssignal von +\/- 0&#8230;10 V (optional 4 &#8230; 20 mA)<\/span><\/li>\n<li><span style=\"font-weight: 400;\"> Montage: Der Verst\u00e4rker im Steckergeh\u00e4use der Bauform A wird direkt auf das Ventil montiert.<\/span><\/li>\n<li><span style=\"font-weight: 400;\"> Ausgangsstrom: Der Ausgangsstrom ist geregelt und somit von der Versorgungsspannung und dem <\/span>Magnetwiderstand unabh\u00e4ngig. Der nominale Ausgangsstrom betr\u00e4gt bis zu 2,6 A.<\/li>\n<li><span style=\"font-weight: 400;\"> Parametrierung: Die Parametrierung kann \u00fcber die PC-Schnittstelle und den Programmieradapter<\/span>ULA-310 oder wahlweise \u00fcber eine im Ger\u00e4t integrierte USB-Typ Mini 2.0 Buchse erfolgen.<\/li>\n<li><span style=\"font-weight: 400;\"> Digital reproduzierbare Einstellungen<\/span><\/li>\n<li><span style=\"font-weight: 400;\"> Freie Skalierung des analogen Eingangs<\/span><\/li>\n<li><span style=\"font-weight: 400;\"> Freie Parametrierung von RAMP, MIN \/ MAX, Ausgangsstrom und DITHER (Frequenz,<\/span>Amplitude)<\/li>\n<li><span style=\"font-weight: 400;\"> Kennlinienlinearisierung \u00fcber 21 XY-Punkte<\/span><\/li>\n<li><span style=\"font-weight: 400;\"> Einfache und anwendungsorientierte Parametrierung mit WPC-Software<\/span><\/li>\n<li><span style=\"font-weight: 400;\"> \u00dcberwachung: \u00dcberwachung des Eingangssignals (z. B. f\u00fcr Joystick)<\/span><\/li>\n<li><span style=\"font-weight: 400;\"> Fehlerschutz: Die Ausgangsstufe wird auf Kabelbruch \u00fcberwacht, ist kurzschlussfest und schaltet<\/span>die Leistungsendstufe im Fehlerfall ab. Eine Status-LED zeigt den Betriebszustand und Fehler an.<\/li>\n<li><span style=\"font-weight: 400;\"> Anpassung: Alle typischen Proportionalventile der verschiedenen Hersteller k\u00f6nnen angesteuert <\/span>werden (BOSCH REXROTH, BUCHER, DUPLOMATIC, PARKER &#8230;).<\/li>\n<\/ul>\n<p><span style=\"font-weight: 400;\">Typische Anwendungen: <\/span><\/p>\n<ul>\n<li><span style=\"font-weight: 400;\">Steuerung von Wegeventilen, die eine flexible Anpassung ben\u00f6tigen.<\/span><\/li>\n<li>Hydraulische Anwendungen im offenen oder geschlossenen Regelkreis.<\/li>\n<\/ul>\n<p><span style=\"font-weight: 400;\">Weitere Merkmale:<\/span><\/p>\n<ul>\n<li><span style=\"font-weight: 400;\"> Kompaktes Geh\u00e4use mit integriertem Ventilstecker und M12 Leitungsanschluss<\/span><\/li>\n<li><span style=\"font-weight: 400;\"> Zweiter Ventilstecker \u00fcber Leitung mit dem Verst\u00e4rker verbunden<\/span><\/li>\n<li><span style=\"font-weight: 400;\"> Das Ger\u00e4t ist gem\u00e4\u00df den g\u00fcltigen EMV-Normen konstruiert und gepr\u00fcft.<\/span><\/li>\n<li><span style=\"font-weight: 400;\"> Schutzklasse: IP65 (mit Dichtung) nach EN60529<\/span><\/li>\n<\/ul>\n<p>Zolltarif Nr. \/ HS-Code: 85437090<\/p>\n<p>Datenblatt:\u00a0<a href=\"https:\/\/www.w-e-st.de\/files\/pdf\/PAM-392-P-DE.pdf\" target=\"_blank\" rel=\"noopener\">https:\/\/www.w-e-st.de\/files\/pdf\/PAM-392-P-DE.pdf<\/a><\/p>\n","protected":false},"excerpt":{"rendered":"<p>Das Produkt PAM-392-P ist ein Steckerverst\u00e4rker zur Ansteuerung von Wegeventilen mit zwei Magneten.\u00a0 Hier sind die wichtigsten Eigenschaften und Merkmale zusammengefasst: Bestellnummer: PAM-392-P Eingangssignal: Typisches Eingangssignal von +\/- 0&#8230;10 V (optional 4 &#8230; 20 mA) Montage: Der Verst\u00e4rker im Steckergeh\u00e4use der Bauform A wird direkt auf das Ventil montiert. Ausgangsstrom: Der Ausgangsstrom ist geregelt und&hellip;<\/p>\n","protected":false},"featured_media":27404,"template":"","meta":[],"product_brand":[],"product_cat":[319,401],"product_tag":[],"class_list":{"0":"post-27393","1":"product","2":"type-product","3":"status-publish","4":"has-post-thumbnail","6":"product_cat-ansteuerelektronik","7":"product_cat-leistungsverstaerker","8":"description-off","10":"first","11":"instock","12":"purchasable","13":"product-type-simple"},"_links":{"self":[{"href":"https:\/\/schuhmacher-tech.de\/en\/wp-json\/wp\/v2\/product\/27393","targetHints":{"allow":["GET"]}}],"collection":[{"href":"https:\/\/schuhmacher-tech.de\/en\/wp-json\/wp\/v2\/product"}],"about":[{"href":"https:\/\/schuhmacher-tech.de\/en\/wp-json\/wp\/v2\/types\/product"}],"wp:featuredmedia":[{"embeddable":true,"href":"https:\/\/schuhmacher-tech.de\/en\/wp-json\/wp\/v2\/media\/27404"}],"wp:attachment":[{"href":"https:\/\/schuhmacher-tech.de\/en\/wp-json\/wp\/v2\/media?parent=27393"}],"wp:term":[{"taxonomy":"product_brand","embeddable":true,"href":"https:\/\/schuhmacher-tech.de\/en\/wp-json\/wp\/v2\/product_brand?post=27393"},{"taxonomy":"product_cat","embeddable":true,"href":"https:\/\/schuhmacher-tech.de\/en\/wp-json\/wp\/v2\/product_cat?post=27393"},{"taxonomy":"product_tag","embeddable":true,"href":"https:\/\/schuhmacher-tech.de\/en\/wp-json\/wp\/v2\/product_tag?post=27393"}],"curies":[{"name":"wp","href":"https:\/\/api.w.org\/{rel}","templated":true}]}}