{"id":27388,"date":"2025-06-05T11:55:59","date_gmt":"2025-06-05T09:55:59","guid":{"rendered":"https:\/\/schuhmacher-tech.de\/product\/mdr-337-p-druckregelmodul-mit-integriertem-leistungsverstaerker-und-inbetriebnahmeassistent-2\/"},"modified":"2026-04-10T10:36:34","modified_gmt":"2026-04-10T08:36:34","slug":"mdr-337-p-druckregelmodul","status":"publish","type":"product","link":"https:\/\/schuhmacher-tech.de\/en\/product\/mdr-337-p-druckregelmodul\/","title":{"rendered":"MDR-337-P Druckregelmodul"},"content":{"rendered":"<p><span style=\"font-weight: 400;\">Das Produkt MDR-337-P ist ein Druckregelmodul mit integrierter Leistungsendstufe bis 2,6 A, <\/span><span style=\"font-weight: 400;\">analoger Sensorschnittstelle und Inbetriebnahmeassistent. Es dient zur Regelung des Drucks (und <\/span><span style=\"font-weight: 400;\">optional der Geschwindigkeit) eines hydraulischen Systems. Das Modul ist f\u00fcr hydraulische <\/span><span style=\"font-weight: 400;\">Anwendungen im offenen oder geschlossenen Regelkreis konzipiert. Es verf\u00fcgt \u00fcber einen PID Regler.<\/span><\/p>\n<p><span style=\"font-weight: 400;\">Hauptmerkmale und Eigenschaften:<\/span><\/p>\n<ul>\n<li><span style=\"font-weight: 400;\"> Ansteuerung von Druckminder- und Druckregelventilen<\/span><\/li>\n<li><span style=\"font-weight: 400;\"> Kompakter Aufbau<\/span><\/li>\n<li><span style=\"font-weight: 400;\"> Digitale reproduzierbare Einstellung<\/span><\/li>\n<li><span style=\"font-weight: 400;\"> Universeller PID Regler<\/span><\/li>\n<li><span style=\"font-weight: 400;\"> Alternativ: MR \u2013 Regler aktivierbar, patentierte und besonders robuste L\u00f6sung<\/span><\/li>\n<li><span style=\"font-weight: 400;\"> Inbetriebnahmeassistent zur Ermittlung einer optimalen Vorsteuerkennlinie und zur dynamischen <\/span>Reglereinstellung<\/li>\n<li><span style=\"font-weight: 400;\"> Freie Parametrierung von Rampen, MIN und MAX, Dither (Frequenz, Amplitude) und PWM <\/span>Frequenz<\/li>\n<li><span style=\"font-weight: 400;\">Strombereich (per Software parametrierbar) bis 2,6 A<\/span><\/li>\n<li><span style=\"font-weight: 400;\"> Anwendungsorientierte Parametrierung<\/span><\/li>\n<li><span style=\"font-weight: 400;\"> Fehlerdiagnostik und erweiterte Funktions\u00fcberpr\u00fcfung<\/span><\/li>\n<li><span style=\"font-weight: 400;\"> Einstellung \u00fcber USB mit WPC-300 Software<\/span><\/li>\n<li><span style=\"font-weight: 400;\"> Geregelter Ausgangsstrom, unabh\u00e4ngig von Versorgungsspannung und Magnetwiderstand<\/span><\/li>\n<li><span style=\"font-weight: 400;\"> \u00dcberwachung der Ausgangsstufe auf Kabelbruch und \u00dcberstrom (Kurzschluss) mit Abschaltung <\/span>im Fehlerfall<\/li>\n<\/ul>\n<p>&nbsp;<\/p>\n<p><b>Funktionsweise:<\/b><\/p>\n<p><span style=\"font-weight: 400;\">Das Modul steuert Druckventile an. Der Sollwert und der Istwert werden \u00fcber ein 0&#8230;10 V Signal <\/span><span style=\"font-weight: 400;\">(optional 4&#8230; 20 mA mit Kabelbruch\u00fcberwachung) angesteuert. Es verf\u00fcgt \u00fcber eine Rampenfunktion <\/span><span style=\"font-weight: 400;\">und einen PID Regler. Das digitale Eingangssignal ENABLE initialisiert die Anwendung, l\u00f6scht <\/span><span style=\"font-weight: 400;\">Fehlermeldungen, aktiviert die Endstufe und das READY Signal. Mit dem START Signal wird die <\/span><span style=\"font-weight: 400;\">Regelfunktion aktiviert. Die Regelung erfolgt mit einem speziell f\u00fcr diese Anwendungen optimierten PIDRegler. Der Regelkreis arbeitet mit einer Regelzykluszeit von 1 ms, die integrierte Leistungsendstufe mit einer Zykluszeit von 0,125 ms f\u00fcr die Magnetstromregelung.<\/span><\/p>\n<p>&nbsp;<\/p>\n<p><span style=\"font-weight: 400;\">Anwendungen:<\/span><\/p>\n<ul>\n<li><span style=\"font-weight: 400;\"> Druckregelung mit Druckventilen oder Servopumpen<\/span><\/li>\n<li><span style=\"font-weight: 400;\"> Drehzahlregelung mit analogen Drehzahlgebern (Tacho)<\/span><\/li>\n<li><span style=\"font-weight: 400;\"> Druckregelungen an Konstantpumpen<\/span><\/li>\n<li><span style=\"font-weight: 400;\"> Fernverstellbare Regelpumpen<\/span><\/li>\n<li><span style=\"font-weight: 400;\"> Kraft- \/ Drehmomentregelung an Zylindern und Motoren<\/span><\/li>\n<\/ul>\n","protected":false},"excerpt":{"rendered":"<p>Das Produkt MDR-337-P ist ein Druckregelmodul mit integrierter Leistungsendstufe bis 2,6 A, analoger Sensorschnittstelle und Inbetriebnahmeassistent. Es dient zur Regelung des Drucks (und optional der Geschwindigkeit) eines hydraulischen Systems. Das Modul ist f\u00fcr hydraulische Anwendungen im offenen oder geschlossenen Regelkreis konzipiert. Es verf\u00fcgt \u00fcber einen PID Regler. Hauptmerkmale und Eigenschaften: Ansteuerung von Druckminder- und Druckregelventilen&hellip;<\/p>\n","protected":false},"featured_media":27396,"template":"","meta":[],"product_brand":[],"product_cat":[319,402],"product_tag":[],"class_list":{"0":"post-27388","1":"product","2":"type-product","3":"status-publish","4":"has-post-thumbnail","6":"product_cat-ansteuerelektronik","7":"product_cat-pid-druckregelbaugruppen","8":"description-off","10":"first","11":"instock","12":"purchasable","13":"product-type-simple"},"_links":{"self":[{"href":"https:\/\/schuhmacher-tech.de\/en\/wp-json\/wp\/v2\/product\/27388","targetHints":{"allow":["GET"]}}],"collection":[{"href":"https:\/\/schuhmacher-tech.de\/en\/wp-json\/wp\/v2\/product"}],"about":[{"href":"https:\/\/schuhmacher-tech.de\/en\/wp-json\/wp\/v2\/types\/product"}],"wp:featuredmedia":[{"embeddable":true,"href":"https:\/\/schuhmacher-tech.de\/en\/wp-json\/wp\/v2\/media\/27396"}],"wp:attachment":[{"href":"https:\/\/schuhmacher-tech.de\/en\/wp-json\/wp\/v2\/media?parent=27388"}],"wp:term":[{"taxonomy":"product_brand","embeddable":true,"href":"https:\/\/schuhmacher-tech.de\/en\/wp-json\/wp\/v2\/product_brand?post=27388"},{"taxonomy":"product_cat","embeddable":true,"href":"https:\/\/schuhmacher-tech.de\/en\/wp-json\/wp\/v2\/product_cat?post=27388"},{"taxonomy":"product_tag","embeddable":true,"href":"https:\/\/schuhmacher-tech.de\/en\/wp-json\/wp\/v2\/product_tag?post=27388"}],"curies":[{"name":"wp","href":"https:\/\/api.w.org\/{rel}","templated":true}]}}