{"id":27379,"date":"2025-06-05T11:55:49","date_gmt":"2025-06-05T09:55:49","guid":{"rendered":"https:\/\/schuhmacher-tech.de\/product\/csc-156-u-ssic-gleichlaufsystem-mit-druckbegrenzungsregelung-ssi-schnittstelle-und-profibus-interface-fuer-bis-zu-4-achsen-2\/"},"modified":"2026-03-09T13:57:33","modified_gmt":"2026-03-09T12:57:33","slug":"csc-156-u-ssic-gleichlaufsystem-mit-druckbegrenzungsregelung","status":"publish","type":"product","link":"https:\/\/schuhmacher-tech.de\/en\/product\/csc-156-u-ssic-gleichlaufsystem-mit-druckbegrenzungsregelung\/","title":{"rendered":"CSC-156-U-SSIC + PCK-306 Gleichlaufsystem"},"content":{"rendered":"<p><span style=\"font-weight: 400;\">Das Produkt <\/span><b>CSC-156-U-SSIC<\/b><span style=\"font-weight: 400;\"> in Kombination mit dem <\/span><b>PCK-306-C-PDP<\/b><span style=\"font-weight: 400;\"> ist ein Gleichlaufsystem mit <\/span><span style=\"font-weight: 400;\">Druckbegrenzungsregelung, SSI-Schnittstelle und Profibus-Interface f\u00fcr bis zu 4 Achsen. Es dient zur <\/span><span style=\"font-weight: 400;\">Steuerung von hydraulischen Achsen mit einer Positionssteuerung mit \u00fcberlagerter Gleichlauf- und <\/span><span style=\"font-weight: 400;\">optionaler Druck-\/Kraftbegrenzungsregelung.<\/span><\/p>\n<p><b>Hauptmerkmale und Eigenschaften:<\/b><\/p>\n<ul>\n<li><span style=\"font-weight: 400;\"> Sollwertvorgabe, Istwertr\u00fcckmeldung, Steuerbyte und Statusbyte \u00fcber den Profibus.<\/span><\/li>\n<li><span style=\"font-weight: 400;\"> Wegaufl\u00f6sung bis 1\u03bcm.<\/span><\/li>\n<li><span style=\"font-weight: 400;\"> Geschwindigkeitsgeregeltes Positionieren (alternativ Prinzip des wegabh\u00e4ngigen Bremsens).<\/span><\/li>\n<li><span style=\"font-weight: 400;\"> \u00dcberlagerter Gleichlaufregler als PI oder PT1 Regler.<\/span><\/li>\n<li><span style=\"font-weight: 400;\"> Automatisches Nullsetzen der Sensoren (Referenzieren).<\/span><\/li>\n<li><span style=\"font-weight: 400;\"> Optionale abl\u00f6sende Druckbegrenzungsregelung.<\/span><\/li>\n<li><span style=\"font-weight: 400;\"> SSI Schnittstelle oder analoge Wegsensoren.<\/span><\/li>\n<li><span style=\"font-weight: 400;\"> Interne Profildefinition durch Vorgabe von Beschleunigungen und Verz\u00f6gerungen.<\/span><\/li>\n<li><span style=\"font-weight: 400;\"> Optimaler Einsatz mit Nullschnitt Regelventilen.<\/span><\/li>\n<li><span style=\"font-weight: 400;\"> Fehler Diagnostik und erweiterte Funktions\u00fcberpr\u00fcfung.<\/span><\/li>\n<li><span style=\"font-weight: 400;\"> Vereinfachte Parametrierung mit WPC-300 Software.<\/span><\/li>\n<li><span style=\"font-weight: 400;\"> Bis zu 4 Achsen ansteuerbar \u00fcber den Profibus.<\/span><\/li>\n<li><span style=\"font-weight: 400;\"> Kann im NC Modus (geschwindigkeitsgeregelt) betrieben werden.<\/span><\/li>\n<li><span style=\"font-weight: 400;\"> Master Slave Konzept und Mittelwertbildung vorhanden.<\/span><\/li>\n<\/ul>\n<p>&nbsp;<\/p>\n<p><b>Funktionsweise:<\/b><\/p>\n<p><span style=\"font-weight: 400;\">Das System erm\u00f6glicht typische Gleichlaufanwendungen, wie z. B. Pressen- und Kalandersteuerungen. Neben der Positionier- \/ Gleichlaufregelung ist eine Druckbegrenzungsregelung (Differenzdruckregelung bzw. Kraftregelung) implementiert. Die Funktion kann \u00fcber diverse Steuerbits an die jeweiligen Anforderungen angepasst werden.<\/span><\/p>\n<p><span style=\"font-weight: 400;\">Die Hauptkomponenten sind:<\/span><\/p>\n<ul>\n<li><b> CSC-156-U-SSIC:<\/b><span style=\"font-weight: 400;\"> Das eigentliche Modul zur Ansteuerung der Achsen. Es verf\u00fcgt \u00fcber einen <\/span>universellen\/programmierbaren analogen Ausgang (+\/- 10V Differenzsignal oder 4&#8230; 20mA Stromsignal).<\/li>\n<\/ul>\n<ul>\n<li><b> PCK-306-C-PDP:<\/b><span style=\"font-weight: 400;\"> Das Koppelmodul f\u00fcr die ProfibusDP-Schnittstelle (auf CAN Bus).<\/span><\/li>\n<\/ul>\n<p>Zolltarif Nr. \/ HS-Code: 85371098<\/p>\n<p>Datenblatt: <a href=\"https:\/\/www.w-e-st.de\/files\/pdf\/CSC-156-U-SSIC_PCK-306-C-PDP-DE.pdf\" target=\"_blank\" rel=\"noopener\">https:\/\/www.w-e-st.de\/files\/pdf\/CSC-156-U-SSIC_PCK-306-C-PDP-DE.pdf<\/a><\/p>\n","protected":false},"excerpt":{"rendered":"<p>Das Produkt CSC-156-U-SSIC in Kombination mit dem PCK-306-C-PDP ist ein Gleichlaufsystem mit Druckbegrenzungsregelung, SSI-Schnittstelle und Profibus-Interface f\u00fcr bis zu 4 Achsen. Es dient zur Steuerung von hydraulischen Achsen mit einer Positionssteuerung mit \u00fcberlagerter Gleichlauf- und optionaler Druck-\/Kraftbegrenzungsregelung. Hauptmerkmale und Eigenschaften: Sollwertvorgabe, Istwertr\u00fcckmeldung, Steuerbyte und Statusbyte \u00fcber den Profibus. Wegaufl\u00f6sung bis 1\u03bcm. Geschwindigkeitsgeregeltes Positionieren (alternativ Prinzip&hellip;<\/p>\n","protected":false},"featured_media":27494,"template":"","meta":[],"product_brand":[],"product_cat":[319,400],"product_tag":[],"class_list":{"0":"post-27379","1":"product","2":"type-product","3":"status-publish","4":"has-post-thumbnail","6":"product_cat-ansteuerelektronik","7":"product_cat-gleichlaufregelungen","8":"description-off","10":"first","11":"outofstock","12":"purchasable","13":"product-type-simple"},"_links":{"self":[{"href":"https:\/\/schuhmacher-tech.de\/en\/wp-json\/wp\/v2\/product\/27379","targetHints":{"allow":["GET"]}}],"collection":[{"href":"https:\/\/schuhmacher-tech.de\/en\/wp-json\/wp\/v2\/product"}],"about":[{"href":"https:\/\/schuhmacher-tech.de\/en\/wp-json\/wp\/v2\/types\/product"}],"wp:featuredmedia":[{"embeddable":true,"href":"https:\/\/schuhmacher-tech.de\/en\/wp-json\/wp\/v2\/media\/27494"}],"wp:attachment":[{"href":"https:\/\/schuhmacher-tech.de\/en\/wp-json\/wp\/v2\/media?parent=27379"}],"wp:term":[{"taxonomy":"product_brand","embeddable":true,"href":"https:\/\/schuhmacher-tech.de\/en\/wp-json\/wp\/v2\/product_brand?post=27379"},{"taxonomy":"product_cat","embeddable":true,"href":"https:\/\/schuhmacher-tech.de\/en\/wp-json\/wp\/v2\/product_cat?post=27379"},{"taxonomy":"product_tag","embeddable":true,"href":"https:\/\/schuhmacher-tech.de\/en\/wp-json\/wp\/v2\/product_tag?post=27379"}],"curies":[{"name":"wp","href":"https:\/\/api.w.org\/{rel}","templated":true}]}}