{"id":27377,"date":"2025-06-05T11:55:49","date_gmt":"2025-06-05T09:55:49","guid":{"rendered":"https:\/\/schuhmacher-tech.de\/product\/csc-151-u-gleichlaufregelbaugruppe-fuer-die-gleichlaufregelung-von-zwei-zylindern-im-bypass-alternativ-mit-leistungsendstufe-2\/"},"modified":"2026-04-10T10:36:21","modified_gmt":"2026-04-10T08:36:21","slug":"csc-151-u-gleichlaufregelbaugruppe","status":"publish","type":"product","link":"https:\/\/schuhmacher-tech.de\/en\/product\/csc-151-u-gleichlaufregelbaugruppe\/","title":{"rendered":"CSC-151-U Gleichlaufregelbaugruppe"},"content":{"rendered":"<p><span style=\"font-weight: 400;\">Das Produkt <\/span><b>CSC-151-U<\/b><span style=\"font-weight: 400;\"> ist eine Gleichlaufregelbaugruppe f\u00fcr die Gleichlaufregelung von zwei<\/span><\/p>\n<p><span style=\"font-weight: 400;\">Zylindern im Bypass, optional mit einer Leistungsendstufe <\/span><b>CSC-151-P<\/b><span style=\"font-weight: 400;\">. Es wurde zur Regelung von hydraulischen Gleichlaufsystemen entwickelt. Das Modul ist sowohl in einer Version mit universellem Analogausgang (CSC-151-U) als auch mit integrierter Leistungsendstufe (CSC-151-P) erh\u00e4ltlich. Die typische Gleichlaufgenauigkeit liegt bei ca. 0,1 % bis 1 % der Sensorl\u00e4nge, abh\u00e4ngig vom hydraulischen System.<\/span><\/p>\n<p><b>Hauptmerkmale und Eigenschaften:<\/b><\/p>\n<ul>\n<li><span style=\"font-weight: 400;\"> Analoge Wegmesssysteme<\/span><\/li>\n<li><span style=\"font-weight: 400;\"> Einfache und intuitive Skalierung der Sensoren<\/span><\/li>\n<li><span style=\"font-weight: 400;\"> Bypassregelung, parallel zum Stromteiler<\/span><\/li>\n<li><span style=\"font-weight: 400;\"> Ein Notgleichlauf wird durch den Stromteiler sichergestellt<\/span><\/li>\n<li><span style=\"font-weight: 400;\"> Erweiterbar auf bis zu 4 Achsen mit 3 Regelmodulen<\/span><\/li>\n<li><span style=\"font-weight: 400;\"> Optimaler Einsatz mit \u00fcberdeckten Proportionalventilen und mit Nullschnitt Regelventilen<\/span><\/li>\n<li><span style=\"font-weight: 400;\"> Fehlerdiagnostik und erweiterte Funktions\u00fcberpr\u00fcfung<\/span><\/li>\n<li><span style=\"font-weight: 400;\"> Vereinfachte Parametrierung mit WPC-300 Software<\/span><\/li>\n<li><span style=\"font-weight: 400;\"> Optional: Integrierte Leistungsendstufe (P-Version)<\/span><\/li>\n<\/ul>\n<p><b>Funktionsweise:<\/b><\/p>\n<p><span style=\"font-weight: 400;\">Das System regelt den Gleichlauf von zwei Achsen \u00fcber ein im Bypass angeordnetes Stetigwegeventil. Der \u201egrob\u201c vorgegebene Gleichlauf wird z. B. \u00fcber ein Stromteilerventil oder ein Zahnradstromteiler erreicht. Das Bypassventil regelt nur noch den Fehler aus. Das System ist stabil und einfach zu handhaben. Stetigventile mit integrierter oder externer Elektronik k\u00f6nnen mit dem Differenzausgang angesteuert werden. Das System \u00fcberwacht diverse Fehler und zeigt Gleichlauf-, Sensor- oder Sollwertfehler \u00fcber digitale Ausgangssignale (Ready und Status) an.<\/span><\/p>\n<p>Zolltarif Nr. \/ HS-Code: 85371098<\/p>\n<p>Datenblatt: <a href=\"https:\/\/www.w-e-st.de\/files\/pdf\/CSC-151-U-P-DE.pdf\" target=\"_blank\" rel=\"noopener\">https:\/\/www.w-e-st.de\/files\/pdf\/CSC-151-U-P-DE.pdf<\/a><\/p>\n","protected":false},"excerpt":{"rendered":"<p>POS\/CSC\/151\/U\/\/\/<\/p>\n","protected":false},"featured_media":27446,"template":"","meta":[],"product_brand":[],"product_cat":[319,400],"product_tag":[],"class_list":{"0":"post-27377","1":"product","2":"type-product","3":"status-publish","4":"has-post-thumbnail","6":"product_cat-ansteuerelektronik","7":"product_cat-gleichlaufregelungen","8":"description-off","10":"first","11":"outofstock","12":"purchasable","13":"product-type-simple"},"_links":{"self":[{"href":"https:\/\/schuhmacher-tech.de\/en\/wp-json\/wp\/v2\/product\/27377","targetHints":{"allow":["GET"]}}],"collection":[{"href":"https:\/\/schuhmacher-tech.de\/en\/wp-json\/wp\/v2\/product"}],"about":[{"href":"https:\/\/schuhmacher-tech.de\/en\/wp-json\/wp\/v2\/types\/product"}],"wp:featuredmedia":[{"embeddable":true,"href":"https:\/\/schuhmacher-tech.de\/en\/wp-json\/wp\/v2\/media\/27446"}],"wp:attachment":[{"href":"https:\/\/schuhmacher-tech.de\/en\/wp-json\/wp\/v2\/media?parent=27377"}],"wp:term":[{"taxonomy":"product_brand","embeddable":true,"href":"https:\/\/schuhmacher-tech.de\/en\/wp-json\/wp\/v2\/product_brand?post=27377"},{"taxonomy":"product_cat","embeddable":true,"href":"https:\/\/schuhmacher-tech.de\/en\/wp-json\/wp\/v2\/product_cat?post=27377"},{"taxonomy":"product_tag","embeddable":true,"href":"https:\/\/schuhmacher-tech.de\/en\/wp-json\/wp\/v2\/product_tag?post=27377"}],"curies":[{"name":"wp","href":"https:\/\/api.w.org\/{rel}","templated":true}]}}