{"id":27375,"date":"2025-06-05T11:55:49","date_gmt":"2025-06-05T09:55:49","guid":{"rendered":"https:\/\/schuhmacher-tech.de\/product\/mdr-133-u-druckregelmodul-2\/"},"modified":"2026-04-10T10:36:20","modified_gmt":"2026-04-10T08:36:20","slug":"mdr-133-u-druckregelmodul-2","status":"publish","type":"product","link":"https:\/\/schuhmacher-tech.de\/en\/product\/mdr-133-u-druckregelmodul-2\/","title":{"rendered":"MDR-133-U, Druckregelmodul"},"content":{"rendered":"<p><span style=\"font-weight: 400;\">Das Produkt MDR-133-U bzw. MDR-133-P ist ein Druckregelmodul, das zur Regelung von Dr\u00fccken <\/span><span style=\"font-weight: 400;\">und Kr\u00e4ften in hydraulischen Anlagen dient. Die Reglerstruktur ist f\u00fcr Druckregelkreise mit typischen <\/span><span style=\"font-weight: 400;\">Druckventilen optimiert und einfach zu handhaben. Es verf\u00fcgt \u00fcber einen PID-Regler zur pr\u00e4zisen <\/span><span style=\"font-weight: 400;\">Steuerung.<\/span><\/p>\n<p><span style=\"font-weight: 400;\">Hauptmerkmale und Eigenschaften:<\/span><\/p>\n<ul>\n<li><span style=\"font-weight: 400;\"> Analoge Drucksollwerte und Druckistwerte<\/span><\/li>\n<li><span style=\"font-weight: 400;\"> Spezielles Druckregelkonzept f\u00fcr Druckbegrenzungs- und Druckminderventile<\/span><\/li>\n<li><span style=\"font-weight: 400;\"> Optimierter Regler f\u00fcr Druckregelkreise<\/span><\/li>\n<li><span style=\"font-weight: 400;\"> Einfache Regleroptimierung<\/span><\/li>\n<li><span style=\"font-weight: 400;\"> Rampen f\u00fcr Druckauf- und Druckabbau<\/span><\/li>\n<li><span style=\"font-weight: 400;\"> Einfache und anwendungsorientierte Parametrierung<\/span><\/li>\n<li><span style=\"font-weight: 400;\"> Standard USB Schnittstelle<\/span><\/li>\n<li><span style=\"font-weight: 400;\"> Fehlerdiagnostik und erweiterte Funktions\u00fcberpr\u00fcfung<\/span><\/li>\n<li><span style=\"font-weight: 400;\"> Vereinfachte Parametrierung ab WPC-300 Softwarestand 3<\/span><\/li>\n<li><span style=\"font-weight: 400;\"> Optional mit integrierter Leistungsendstufe (P-Version)<\/span><\/li>\n<li><span style=\"font-weight: 400;\"> Programmierbarer Ausgang (0&#8230; 10 V oder 4&#8230; 20 mA) und analoger Sensorschnittstelle (MDR-<\/span>133-U)<\/li>\n<li><span style=\"font-weight: 400;\">Zus\u00e4tzliche Leistungsendstufe bis 2,6 A (MDR-133-P)<\/span><\/li>\n<\/ul>\n<p><b>Funktionsweise:<\/b><\/p>\n<p><span style=\"font-weight: 400;\">Das Modul arbeitet mit einer Bypassregelung, bei der das Sollwertsignal direkt zum Regelausgang<\/span><\/p>\n<p><span style=\"font-weight: 400;\">(Druckventil) gef\u00fchrt wird. Der Regler gleicht somit nur die Linearit\u00e4tsfehler aus. \u00dcber ein Freigabesignal (Enable) wird der Ausgang des Reglers aktiviert und kann mit dem Sollwert gesteuert werden. Die Betriebsbereitschaft wird mit einem Ready-Signal zur\u00fcckgemeldet. Mit dem Start-Signal wird der Regler aktiviert und der aktuelle Istwert eingelesen. Das Ausgangssignal wird anhand der Regelabweichung und Reglerparametrierung generiert.<\/span><\/p>\n<p>&nbsp;<\/p>\n<p><span style=\"font-weight: 400;\">Anwendungen:<\/span><\/p>\n<ul>\n<li><span style=\"font-weight: 400;\"> Druckregelung mit Druckbegrenzungsventilen bzw. Druckminderventilen<\/span><\/li>\n<li><span style=\"font-weight: 400;\"> Druckregelungen an Konstantpumpen oder fernverstellbaren Regelpumpen<\/span><\/li>\n<li><span style=\"font-weight: 400;\"> Kraft-\/Drehmomentregelungen an Zylindern und Motoren<\/span><\/li>\n<\/ul>\n<p>Zolltarif Nr. \/ HS-Code: 85371098<\/p>\n<p>Datenblatt: <a href=\"https:\/\/www.w-e-st.de\/files\/pdf\/MDR-133-U-P-DE.pdf\" target=\"_blank\" rel=\"noopener\">https:\/\/www.w-e-st.de\/files\/pdf\/MDR-133-U-P-DE.pdf<\/a><\/p>\n","protected":false},"excerpt":{"rendered":"<p>Das Produkt MDR-133-U bzw. MDR-133-P ist ein Druckregelmodul, das zur Regelung von Dr\u00fccken und Kr\u00e4ften in hydraulischen Anlagen dient. Die Reglerstruktur ist f\u00fcr Druckregelkreise mit typischen Druckventilen optimiert und einfach zu handhaben. Es verf\u00fcgt \u00fcber einen PID-Regler zur pr\u00e4zisen Steuerung. Hauptmerkmale und Eigenschaften: Analoge Drucksollwerte und Druckistwerte Spezielles Druckregelkonzept f\u00fcr Druckbegrenzungs- und Druckminderventile Optimierter Regler&hellip;<\/p>\n","protected":false},"featured_media":27442,"template":"","meta":[],"product_brand":[],"product_cat":[319,402],"product_tag":[],"class_list":{"0":"post-27375","1":"product","2":"type-product","3":"status-publish","4":"has-post-thumbnail","6":"product_cat-ansteuerelektronik","7":"product_cat-pid-druckregelbaugruppen","8":"description-off","10":"first","11":"instock","12":"purchasable","13":"product-type-simple"},"_links":{"self":[{"href":"https:\/\/schuhmacher-tech.de\/en\/wp-json\/wp\/v2\/product\/27375","targetHints":{"allow":["GET"]}}],"collection":[{"href":"https:\/\/schuhmacher-tech.de\/en\/wp-json\/wp\/v2\/product"}],"about":[{"href":"https:\/\/schuhmacher-tech.de\/en\/wp-json\/wp\/v2\/types\/product"}],"wp:featuredmedia":[{"embeddable":true,"href":"https:\/\/schuhmacher-tech.de\/en\/wp-json\/wp\/v2\/media\/27442"}],"wp:attachment":[{"href":"https:\/\/schuhmacher-tech.de\/en\/wp-json\/wp\/v2\/media?parent=27375"}],"wp:term":[{"taxonomy":"product_brand","embeddable":true,"href":"https:\/\/schuhmacher-tech.de\/en\/wp-json\/wp\/v2\/product_brand?post=27375"},{"taxonomy":"product_cat","embeddable":true,"href":"https:\/\/schuhmacher-tech.de\/en\/wp-json\/wp\/v2\/product_cat?post=27375"},{"taxonomy":"product_tag","embeddable":true,"href":"https:\/\/schuhmacher-tech.de\/en\/wp-json\/wp\/v2\/product_tag?post=27375"}],"curies":[{"name":"wp","href":"https:\/\/api.w.org\/{rel}","templated":true}]}}