{"id":27374,"date":"2025-06-05T11:55:49","date_gmt":"2025-06-05T09:55:49","guid":{"rendered":"https:\/\/schuhmacher-tech.de\/product\/pq-132-u-p-q-regler-druckbegrenzungsregler-fuer-hydraulische-achsen-2\/"},"modified":"2026-04-10T10:36:20","modified_gmt":"2026-04-10T08:36:20","slug":"pq-132-u-p-q-regler-druckbegrenzungsregler","status":"publish","type":"product","link":"https:\/\/schuhmacher-tech.de\/en\/product\/pq-132-u-p-q-regler-druckbegrenzungsregler\/","title":{"rendered":"PQ-132-U, p\/Q-Regler, Druckbegrenzungsregler"},"content":{"rendered":"<p><span style=\"font-weight: 400;\">Der PQ-132-U ist ein p\/Q-Regler und Druckbegrenzungsregler, der zur Steuerung und Druckregelung <\/span><span style=\"font-weight: 400;\">von hydraulischen Achsen entwickelt wurde. Er verwendet das klassische p\/Q-Regelkonzept. Die <\/span><span style=\"font-weight: 400;\">Sollwerte werden \u00fcber analoge Signale vorgegeben, und die Steuerung der Baugruppe erfolgt mit <\/span><span style=\"font-weight: 400;\">digitalen Eing\u00e4ngen. Statusinformationen und Istwerte k\u00f6nnen zur\u00fcckgelesen werden. Der <\/span><span style=\"font-weight: 400;\">Differenzausgang ist f\u00fcr die Ansteuerung von Stetigventilen mit integrierter oder externer Elektronik <\/span><span style=\"font-weight: 400;\">(Differenzeingang) ausgelegt, wobei auch ein Stromsignal parametriert werden kann.<\/span><\/p>\n<p><b>Wichtige Eigenschaften und Merkmale des PQ-132-U:<\/b><\/p>\n<ul>\n<li><span style=\"font-weight: 400;\"> Analoge Q- und p-Sollwerte (Druck, Volumenstrom)<\/span><\/li>\n<li><span style=\"font-weight: 400;\"> Einfache und intuitive Skalierung eines Sensors<\/span><\/li>\n<li><span style=\"font-weight: 400;\"> Klassisches p\/Q-Regelkonzept mit Druckbegrenzungsregelung (automatische Umschaltung)<\/span><\/li>\n<li><span style=\"font-weight: 400;\"> Datenvorgabe f\u00fcr den Druck (Kraft) in bar<\/span><\/li>\n<li><span style=\"font-weight: 400;\"> PID-Regler mit umschaltbarem Parametersatz<\/span><\/li>\n<li><span style=\"font-weight: 400;\"> Rampen f\u00fcr Druckauf- und Druckabbau<\/span><\/li>\n<li><span style=\"font-weight: 400;\"> Am Parametersatz gekoppelte um- oder abschaltbare Rampenzeiten<\/span><\/li>\n<li><span style=\"font-weight: 400;\"> Kraft- \/ Druckregelung mit einem Sensor<\/span><\/li>\n<li><span style=\"font-weight: 400;\"> Differenzdruckregelung mit zwei Drucksensoren<\/span><\/li>\n<li><span style=\"font-weight: 400;\"> Fehlerdiagnostik und erweiterte Funktions\u00fcberpr\u00fcfung<\/span><\/li>\n<li><span style=\"font-weight: 400;\"> Vereinfachte Parametrierung mit WPC-300 Software<\/span><\/li>\n<\/ul>\n<p>Zolltarif Nr. \/ HS-Code: 85371098<\/p>\n<p>Datenblatt: <a href=\"https:\/\/www.w-e-st.de\/files\/pdf\/PQ-132-U-DE.pdf\" target=\"_blank\" rel=\"noopener\">https:\/\/www.w-e-st.de\/files\/pdf\/PQ-132-U-DE.pdf<\/a><\/p>\n","protected":false},"excerpt":{"rendered":"<p>POS\/PQ\/132\/U\/\/\/<\/p>\n","protected":false},"featured_media":27440,"template":"","meta":[],"product_brand":[],"product_cat":[319,402],"product_tag":[],"class_list":{"0":"post-27374","1":"product","2":"type-product","3":"status-publish","4":"has-post-thumbnail","6":"product_cat-ansteuerelektronik","7":"product_cat-pid-druckregelbaugruppen","8":"description-off","10":"first","11":"outofstock","12":"purchasable","13":"product-type-simple"},"_links":{"self":[{"href":"https:\/\/schuhmacher-tech.de\/en\/wp-json\/wp\/v2\/product\/27374","targetHints":{"allow":["GET"]}}],"collection":[{"href":"https:\/\/schuhmacher-tech.de\/en\/wp-json\/wp\/v2\/product"}],"about":[{"href":"https:\/\/schuhmacher-tech.de\/en\/wp-json\/wp\/v2\/types\/product"}],"wp:featuredmedia":[{"embeddable":true,"href":"https:\/\/schuhmacher-tech.de\/en\/wp-json\/wp\/v2\/media\/27440"}],"wp:attachment":[{"href":"https:\/\/schuhmacher-tech.de\/en\/wp-json\/wp\/v2\/media?parent=27374"}],"wp:term":[{"taxonomy":"product_brand","embeddable":true,"href":"https:\/\/schuhmacher-tech.de\/en\/wp-json\/wp\/v2\/product_brand?post=27374"},{"taxonomy":"product_cat","embeddable":true,"href":"https:\/\/schuhmacher-tech.de\/en\/wp-json\/wp\/v2\/product_cat?post=27374"},{"taxonomy":"product_tag","embeddable":true,"href":"https:\/\/schuhmacher-tech.de\/en\/wp-json\/wp\/v2\/product_tag?post=27374"}],"curies":[{"name":"wp","href":"https:\/\/api.w.org\/{rel}","templated":true}]}}