{"id":27373,"date":"2025-06-05T11:55:49","date_gmt":"2025-06-05T09:55:49","guid":{"rendered":"https:\/\/schuhmacher-tech.de\/product\/pid-131-u-standard-pid-regler-2\/"},"modified":"2026-03-11T16:14:15","modified_gmt":"2026-03-11T15:14:15","slug":"pid-131-u-standard-pid-regler-2","status":"publish","type":"product","link":"https:\/\/schuhmacher-tech.de\/en\/product\/pid-131-u-standard-pid-regler-2\/","title":{"rendered":"PID-131-U, Standard PID-Regler"},"content":{"rendered":"<p><span style=\"font-weight: 400;\">Das PID-131-U ist ein Standard-PID-Regler, der zur allgemeinen Regelung von proportionalen Strecken dient. Die Regelstruktur ist als klassische PID-Regelung mit Vorsteuerung ausgef\u00fchrt. Das Ger\u00e4t eignet sich f\u00fcr dynamische PID-Regelungen f\u00fcr Kraft, Druck, Drehzahl und Geschwindigkeit.<\/span><\/p>\n<p>&nbsp;<\/p>\n<p><b>Wichtige Eigenschaften und Merkmale des PID-131-U:<\/b><\/p>\n<ul>\n<li><span style=\"font-weight: 400;\"> Analoge Sollwerte (0&#8230;10 V oder 4&#8230;20 mA)<\/span><\/li>\n<li><span style=\"font-weight: 400;\"> Rampenfunktion f\u00fcr den Sollwert<\/span><\/li>\n<li><span style=\"font-weight: 400;\"> Universelle Regelstruktur<\/span><\/li>\n<li><span style=\"font-weight: 400;\"> Istwertabh\u00e4ngige Aktivierung des Integrators \u00fcber einen programmierbaren Schwellwert <\/span>(automatische Regelstrukturumschaltung)<\/li>\n<li><span style=\"font-weight: 400;\"> Anwendungsorientierte Parametrierung<\/span><\/li>\n<li><span style=\"font-weight: 400;\">Ausgangssignal zur universellen Ansteuerung von Stellgliedern (0&#8230;10 V, \u00b1 10V oder 4&#8230; 20 mA <\/span>bzw. 4&#8230;20mA mit virtuellem Nullpunkt bei 12mA)<\/li>\n<li><span style=\"font-weight: 400;\">REMOTE CONTROL \u00fcber die serielle Schnittstelle<\/span><\/li>\n<li><span style=\"font-weight: 400;\"> Fehlerdiagnostik<\/span><\/li>\n<li><span style=\"font-weight: 400;\"> Einstellung \u00fcber USB-Schnittstelle<\/span><\/li>\n<li><span style=\"font-weight: 400;\"> Analoge Signale k\u00f6nnen als 4&#8230; 20 mA, 20&#8230; 4 mA, 0&#8230; 10 V oder 10&#8230; 0V definiert werden. \u00dcber <\/span>die Bereichsdefinition sind beliebige Spannung- \/ Strombereiche einstellbar.<\/li>\n<li><span style=\"font-weight: 400;\">Kurze Zykluszeit von 1ms<\/span><\/li>\n<li><span style=\"font-weight: 400;\"> Aktiver Differenzausgang zum direkten Anschluss von Stellgliedern (unipolar oder bipolar)<\/span><\/li>\n<li><span style=\"font-weight: 400;\"> Schalteingang S0 zur Umschaltung zwischen zwei Regelparameters\u00e4tzen<\/span><\/li>\n<li><span style=\"font-weight: 400;\"> Das kostenlose Programm WPC-300 mit integriertem Oszilloskop steht im Internet zum Download <\/span>zur Verf\u00fcgung.<\/li>\n<\/ul>\n<p>Zolltarif Nr. \/ HS-Code: 85371098<\/p>\n<p>Datenblatt: <a href=\"https:\/\/www.w-e-st.de\/files\/pdf\/PID-131-U-DE.pdf\" target=\"_blank\" rel=\"noopener\">https:\/\/www.w-e-st.de\/files\/pdf\/PID-131-U-DE.pdf<\/a><\/p>\n","protected":false},"excerpt":{"rendered":"<p>Das PID-131-U ist ein Standard-PID-Regler, der zur allgemeinen Regelung von proportionalen Strecken dient. Die Regelstruktur ist als klassische PID-Regelung mit Vorsteuerung ausgef\u00fchrt. Das Ger\u00e4t eignet sich f\u00fcr dynamische PID-Regelungen f\u00fcr Kraft, Druck, Drehzahl und Geschwindigkeit. &nbsp; Wichtige Eigenschaften und Merkmale des PID-131-U: Analoge Sollwerte (0&#8230;10 V oder 4&#8230;20 mA) Rampenfunktion f\u00fcr den Sollwert Universelle Regelstruktur&hellip;<\/p>\n","protected":false},"featured_media":27438,"template":"","meta":[],"product_brand":[],"product_cat":[319,402],"product_tag":[],"class_list":{"0":"post-27373","1":"product","2":"type-product","3":"status-publish","4":"has-post-thumbnail","6":"product_cat-ansteuerelektronik","7":"product_cat-pid-druckregelbaugruppen","8":"description-off","10":"first","11":"outofstock","12":"purchasable","13":"product-type-simple"},"_links":{"self":[{"href":"https:\/\/schuhmacher-tech.de\/en\/wp-json\/wp\/v2\/product\/27373","targetHints":{"allow":["GET"]}}],"collection":[{"href":"https:\/\/schuhmacher-tech.de\/en\/wp-json\/wp\/v2\/product"}],"about":[{"href":"https:\/\/schuhmacher-tech.de\/en\/wp-json\/wp\/v2\/types\/product"}],"wp:featuredmedia":[{"embeddable":true,"href":"https:\/\/schuhmacher-tech.de\/en\/wp-json\/wp\/v2\/media\/27438"}],"wp:attachment":[{"href":"https:\/\/schuhmacher-tech.de\/en\/wp-json\/wp\/v2\/media?parent=27373"}],"wp:term":[{"taxonomy":"product_brand","embeddable":true,"href":"https:\/\/schuhmacher-tech.de\/en\/wp-json\/wp\/v2\/product_brand?post=27373"},{"taxonomy":"product_cat","embeddable":true,"href":"https:\/\/schuhmacher-tech.de\/en\/wp-json\/wp\/v2\/product_cat?post=27373"},{"taxonomy":"product_tag","embeddable":true,"href":"https:\/\/schuhmacher-tech.de\/en\/wp-json\/wp\/v2\/product_tag?post=27373"}],"curies":[{"name":"wp","href":"https:\/\/api.w.org\/{rel}","templated":true}]}}