{"id":27372,"date":"2025-06-05T11:55:49","date_gmt":"2025-06-05T09:55:49","guid":{"rendered":"https:\/\/schuhmacher-tech.de\/product\/dsg-111-p-digitales-sollwertmodul-alternativ-mit-leistungsendstufe-2\/"},"modified":"2026-04-10T10:36:18","modified_gmt":"2026-04-10T08:36:18","slug":"dsg-111-p-digitales-sollwertmodul","status":"publish","type":"product","link":"https:\/\/schuhmacher-tech.de\/en\/product\/dsg-111-p-digitales-sollwertmodul\/","title":{"rendered":"DSG-111-P Digitales Sollwertmodul"},"content":{"rendered":"<p>Das DSG-111 ist ein digitales Sollwertmodul, optional mit integrierter Leistungsendstufe, das zur Ansteuerung von Proportionalwegeventilen in hydraulischen Anwendungen dient.<\/p>\n<p><b>Es bietet folgende Eigenschaften und Funktionen:<\/b><\/p>\n<ul>\n<li>16 programmierbare Sollwerte und zugeh\u00f6rige Rampenzeiten.<\/li>\n<li>Optional eine Vier-Quadranten-Rampe.<\/li>\n<li>Ruckfreie Rampengenerierung f\u00fcr ein weiches Verhalten.<\/li>\n<li>Einfache Parametrierung des analogen Eingangs.<\/li>\n<li>Mathematische Verkn\u00fcpfung von analogem Eingang und digitalen Sollwerten m\u00f6glich (+, -, *, \/,min, max).<\/li>\n<li>Ventiladaption durch Parameter wie MIN, MAX und Polarit\u00e4t.<\/li>\n<li>\u00dcberdeckungssprung oder geknickte Verst\u00e4rkungscharakteristik zur Kennlinienlinearisierung.<\/li>\n<li>Fehlerdiagnose und Funktions\u00fcberpr\u00fcfung.<\/li>\n<li>Vereinfachte Parametrierung mit WPC-300 Software.<\/li>\n<li>Optional: Integrierte Leistungsendstufe (P-Version) bis 2,6 A.<\/li>\n<\/ul>\n<p>Typische Anwendungen sind Eil-\/Schleichgangsteuerungen, abrufbare Geschwindigkeits- oder<\/p>\n<p>Drucksollwerte, Kennlinienanpassungen, Signalbereichs\u00fcberwachungen und Rampengenerierung.<\/p>\n<p>Das Modul kann als universelles Sollwertmodul oder als einfacher Ventilverst\u00e4rker eingesetzt werden.<\/p>\n<p><b>Die Versionen des DSG-111 sind:<\/b><\/p>\n<ul>\n<li><b>DSG-111-U<\/b>: mit analogem \u00b110 V Differenzausgang oder 4\u2026 20 mA Ausgang, analogem Eingang, Bitmustereing\u00e4ngen f\u00fcr 16 abrufbare Sollwerte und Verkn\u00fcpfungsfunktion. Ausgang programmierbar.<\/li>\n<\/ul>\n<ul>\n<li><b>DSG-111-P<\/b>: mit integrierter Leistungsendstufe bis 2,6 A.<\/li>\n<\/ul>\n<p><strong>Datanblatt<\/strong>:\u00a0<a href=\"https:\/\/www.w-e-st.de\/files\/pdf\/DSG-164-DE.pdf\" target=\"_blank\" rel=\"noopener\">https:\/\/www.w-e-st.de\/files\/pdf\/DSG-164-DE.pdf<\/a><\/p>\n<p>Zolltarif Nr. \/ HS-Code: 85371098<\/p>\n","protected":false},"excerpt":{"rendered":"<p>Das DSG-111 ist ein digitales Sollwertmodul, optional mit integrierter Leistungsendstufe, das zur Ansteuerung von Proportionalwegeventilen in hydraulischen Anwendungen dient. Es bietet folgende Eigenschaften und Funktionen: 16 programmierbare Sollwerte und zugeh\u00f6rige Rampenzeiten. Optional eine Vier-Quadranten-Rampe. Ruckfreie Rampengenerierung f\u00fcr ein weiches Verhalten. Einfache Parametrierung des analogen Eingangs. Mathematische Verkn\u00fcpfung von analogem Eingang und digitalen Sollwerten m\u00f6glich (+,&hellip;<\/p>\n","protected":false},"featured_media":27414,"template":"","meta":[],"product_brand":[],"product_cat":[399,319],"product_tag":[],"class_list":{"0":"post-27372","1":"product","2":"type-product","3":"status-publish","4":"has-post-thumbnail","6":"product_cat-allgemeine-funktionsmodule","7":"product_cat-ansteuerelektronik","8":"description-off","10":"first","11":"outofstock","12":"purchasable","13":"product-type-simple"},"_links":{"self":[{"href":"https:\/\/schuhmacher-tech.de\/en\/wp-json\/wp\/v2\/product\/27372","targetHints":{"allow":["GET"]}}],"collection":[{"href":"https:\/\/schuhmacher-tech.de\/en\/wp-json\/wp\/v2\/product"}],"about":[{"href":"https:\/\/schuhmacher-tech.de\/en\/wp-json\/wp\/v2\/types\/product"}],"wp:featuredmedia":[{"embeddable":true,"href":"https:\/\/schuhmacher-tech.de\/en\/wp-json\/wp\/v2\/media\/27414"}],"wp:attachment":[{"href":"https:\/\/schuhmacher-tech.de\/en\/wp-json\/wp\/v2\/media?parent=27372"}],"wp:term":[{"taxonomy":"product_brand","embeddable":true,"href":"https:\/\/schuhmacher-tech.de\/en\/wp-json\/wp\/v2\/product_brand?post=27372"},{"taxonomy":"product_cat","embeddable":true,"href":"https:\/\/schuhmacher-tech.de\/en\/wp-json\/wp\/v2\/product_cat?post=27372"},{"taxonomy":"product_tag","embeddable":true,"href":"https:\/\/schuhmacher-tech.de\/en\/wp-json\/wp\/v2\/product_tag?post=27372"}],"curies":[{"name":"wp","href":"https:\/\/api.w.org\/{rel}","templated":true}]}}