{"id":27371,"date":"2025-06-05T11:55:49","date_gmt":"2025-06-05T09:55:49","guid":{"rendered":"https:\/\/schuhmacher-tech.de\/product\/dsg-111-u-digitales-sollwertmodul-alternativ-mit-leistungsendstufe-2\/"},"modified":"2026-04-10T10:36:17","modified_gmt":"2026-04-10T08:36:17","slug":"dsg-111-u-digitales-sollwertmodul","status":"publish","type":"product","link":"https:\/\/schuhmacher-tech.de\/en\/product\/dsg-111-u-digitales-sollwertmodul\/","title":{"rendered":"DSG-111-U Digitales Sollwertmodul"},"content":{"rendered":"<p><span style=\"font-weight: 400;\">Das DSG-111 ist ein digitales Sollwertmodul, optional mit integrierter Leistungsendstufe, das zur Ansteuerung von Proportionalwegeventilen in hydraulischen Anwendungen dient.\u00a0<\/span><\/p>\n<p><b>Es bietet folgende Eigenschaften und Funktionen:<\/b><\/p>\n<ul>\n<li><span style=\"font-weight: 400;\"> 16 programmierbare Sollwerte und zugeh\u00f6rige Rampenzeiten.<\/span><\/li>\n<li><span style=\"font-weight: 400;\"> Optional eine Vier-Quadranten-Rampe.<\/span><\/li>\n<li><span style=\"font-weight: 400;\"> Ruckfreie Rampengenerierung f\u00fcr ein weiches Verhalten.<\/span><\/li>\n<li><span style=\"font-weight: 400;\"> Einfache Parametrierung des analogen Eingangs.<\/span><\/li>\n<li><span style=\"font-weight: 400;\"> Mathematische Verkn\u00fcpfung von analogem Eingang und digitalen Sollwerten m\u00f6glich (+, -, *, \/,<\/span>min, max).<\/li>\n<li><span style=\"font-weight: 400;\"> Ventiladaption durch Parameter wie MIN, MAX und Polarit\u00e4t.<\/span><\/li>\n<li><span style=\"font-weight: 400;\"> \u00dcberdeckungssprung oder geknickte Verst\u00e4rkungscharakteristik zur Kennlinienlinearisierung.<\/span><\/li>\n<li><span style=\"font-weight: 400;\"> Fehlerdiagnose und Funktions\u00fcberpr\u00fcfung.<\/span><\/li>\n<li><span style=\"font-weight: 400;\"> Vereinfachte Parametrierung mit WPC-300 Software.<\/span><\/li>\n<li><span style=\"font-weight: 400;\"> Optional: Integrierte Leistungsendstufe (P-Version) bis 2,6 A.<\/span><\/li>\n<\/ul>\n<p>&nbsp;<\/p>\n<p><span style=\"font-weight: 400;\">Typische Anwendungen sind Eil-\/Schleichgangsteuerungen, abrufbare Geschwindigkeits- oder<\/span><\/p>\n<p><span style=\"font-weight: 400;\">Drucksollwerte, Kennlinienanpassungen, Signalbereichs\u00fcberwachungen und Rampengenerierung.<\/span><\/p>\n<p><span style=\"font-weight: 400;\">Das Modul kann als universelles Sollwertmodul oder als einfacher Ventilverst\u00e4rker eingesetzt werden.<\/span><\/p>\n<p><b>Die Versionen des DSG-111 sind:<\/b><\/p>\n<ul>\n<li><b>DSG-111-U<\/b>: mit analogem \u00b110 V Differenzausgang oder 4&#8230; 20 mA Ausgang, analogem Eingang, Bitmustereing\u00e4ngen f\u00fcr 16 abrufbare Sollwerte und Verkn\u00fcpfungsfunktion. Ausgang programmierbar.<\/li>\n<\/ul>\n<ul>\n<li><b>DSG-111-P<\/b><span style=\"font-weight: 400;\">: mit integrierter Leistungsendstufe bis 2,6 A.<\/span><\/li>\n<\/ul>\n<p><strong>Datanblatt<\/strong>: <a href=\"https:\/\/www.w-e-st.de\/files\/pdf\/DSG-164-DE.pdf\" target=\"_blank\" rel=\"noopener\">https:\/\/www.w-e-st.de\/files\/pdf\/DSG-164-DE.pdf<\/a><\/p>\n<p>Zolltarif Nr. \/ HS-Code: 85371098<\/p>\n<p>&nbsp;<\/p>\n","protected":false},"excerpt":{"rendered":"<p>Das DSG-111 ist ein digitales Sollwertmodul, optional mit integrierter Leistungsendstufe, das zur Ansteuerung von Proportionalwegeventilen in hydraulischen Anwendungen dient.\u00a0 Es bietet folgende Eigenschaften und Funktionen: 16 programmierbare Sollwerte und zugeh\u00f6rige Rampenzeiten. Optional eine Vier-Quadranten-Rampe. Ruckfreie Rampengenerierung f\u00fcr ein weiches Verhalten. Einfache Parametrierung des analogen Eingangs. Mathematische Verkn\u00fcpfung von analogem Eingang und digitalen Sollwerten m\u00f6glich (+,&hellip;<\/p>\n","protected":false},"featured_media":27412,"template":"","meta":[],"product_brand":[],"product_cat":[399,319],"product_tag":[],"class_list":{"0":"post-27371","1":"product","2":"type-product","3":"status-publish","4":"has-post-thumbnail","6":"product_cat-allgemeine-funktionsmodule","7":"product_cat-ansteuerelektronik","8":"description-off","10":"first","11":"outofstock","12":"purchasable","13":"product-type-simple"},"_links":{"self":[{"href":"https:\/\/schuhmacher-tech.de\/en\/wp-json\/wp\/v2\/product\/27371","targetHints":{"allow":["GET"]}}],"collection":[{"href":"https:\/\/schuhmacher-tech.de\/en\/wp-json\/wp\/v2\/product"}],"about":[{"href":"https:\/\/schuhmacher-tech.de\/en\/wp-json\/wp\/v2\/types\/product"}],"wp:featuredmedia":[{"embeddable":true,"href":"https:\/\/schuhmacher-tech.de\/en\/wp-json\/wp\/v2\/media\/27412"}],"wp:attachment":[{"href":"https:\/\/schuhmacher-tech.de\/en\/wp-json\/wp\/v2\/media?parent=27371"}],"wp:term":[{"taxonomy":"product_brand","embeddable":true,"href":"https:\/\/schuhmacher-tech.de\/en\/wp-json\/wp\/v2\/product_brand?post=27371"},{"taxonomy":"product_cat","embeddable":true,"href":"https:\/\/schuhmacher-tech.de\/en\/wp-json\/wp\/v2\/product_cat?post=27371"},{"taxonomy":"product_tag","embeddable":true,"href":"https:\/\/schuhmacher-tech.de\/en\/wp-json\/wp\/v2\/product_tag?post=27371"}],"curies":[{"name":"wp","href":"https:\/\/api.w.org\/{rel}","templated":true}]}}