{"id":27369,"date":"2025-06-05T11:55:49","date_gmt":"2025-06-05T09:55:49","guid":{"rendered":"https:\/\/schuhmacher-tech.de\/product\/ppc-125-u-pdp-universelle-achsregelbaugruppe-mit-profibus-und-ssi-schnittstelle-2\/"},"modified":"2026-04-10T10:36:19","modified_gmt":"2026-04-10T08:36:19","slug":"ppc-125-u-pdp-universelle-achsregelbaugruppe","status":"publish","type":"product","link":"https:\/\/schuhmacher-tech.de\/en\/product\/ppc-125-u-pdp-universelle-achsregelbaugruppe\/","title":{"rendered":"PPC-125-U-PDP, Universelle Achsregelbaugruppe"},"content":{"rendered":"<p><span style=\"font-weight: 400;\">Das Produkt PPC-125-U-PDP ist eine universelle Achsregelbaugruppe zur Steuerung von <\/span><span style=\"font-weight: 400;\">hydraulischen Achsen \u00fcber eine integrierte Profibus DP Schnittstelle. Es kann als universeller <\/span><span style=\"font-weight: 400;\">Achsenregler f\u00fcr hydraulische Antriebe eingesetzt werden.<\/span><\/p>\n<p>&nbsp;<\/p>\n<p><b>Hauptmerkmale und Eigenschaften:<\/b><\/p>\n<ul>\n<li><span style=\"font-weight: 400;\"> Sollwertvorgabe, Istwert-R\u00fcckmeldungen, Steuerbyte und Statusbyte \u00fcber einen Feldbus <\/span>(Profibus DP).<\/li>\n<li><span style=\"font-weight: 400;\">SSI-Sensorschnittstelle oder analoge Sensorschnittstelle (0&#8230; 10 V oder 4&#8230; 20 mA).<\/span><\/li>\n<li><span style=\"font-weight: 400;\"> Einfache und anwenderfreundliche Skalierung der Sensoren.<\/span><\/li>\n<li><span style=\"font-weight: 400;\"> Wegaufl\u00f6sung bis 1\u03bcm (SSI-Schnittstelle).<\/span><\/li>\n<li><span style=\"font-weight: 400;\"> Geschwindigkeitsaufl\u00f6sung 0,005 mm\/s.<\/span><\/li>\n<li><span style=\"font-weight: 400;\"> Geschwindigkeitsprofile (Eil- Schleichgang).<\/span><\/li>\n<li><span style=\"font-weight: 400;\"> PQ-Regelfunktion mit Druckbegrenzungsregelung.<\/span><\/li>\n<li><span style=\"font-weight: 400;\"> Prinzip des wegabh\u00e4ngigen Bremsens f\u00fcr eine robuste Regelung.<\/span><\/li>\n<li><span style=\"font-weight: 400;\"> NC Profil-Generator f\u00fcr eine konstante Geschwindigkeit, Sollwerte in mm, mm\/s und mm\/s2.<\/span><\/li>\n<li><span style=\"font-weight: 400;\"> Hohe Positioniergenauigkeit durch Verwendung der Driftkompensation.<\/span><\/li>\n<li><span style=\"font-weight: 400;\"> Erweiterte Regelungstechnik mit PT1 Regler.<\/span><\/li>\n<li><span style=\"font-weight: 400;\"> Optimaler Einsatz mit \u00fcberdeckten Proportionalventilen und mit Nullschnitt Regelventilen.<\/span><\/li>\n<li><span style=\"font-weight: 400;\"> Fehlerdiagnostik und erweiterte Funktions\u00fcberpr\u00fcfung.<\/span><\/li>\n<li><span style=\"font-weight: 400;\"> Vereinfachte Parametrierung mit WPC-300 Software.<\/span><\/li>\n<li><span style=\"font-weight: 400;\"> Zus\u00e4tzliche Kraft- bzw. Differenzdruckregelung, die autark oder als abl\u00f6sende <\/span>Druckbegrenzungsregelung arbeitet.<\/li>\n<li><span style=\"font-weight: 400;\">Optionale Sollwertvorgabe einer zweiten Position und einer zweiten Geschwindigkeit im <\/span>Schleichgang oder Eilgang.<\/li>\n<\/ul>\n<p><span style=\"font-weight: 400;\">Typische Anwendungen:<\/span><\/p>\n<ul>\n<li><span style=\"font-weight: 400;\"> Positionierantriebe<\/span><\/li>\n<li><span style=\"font-weight: 400;\"> Schnelle Transportantriebe<\/span><\/li>\n<li><span style=\"font-weight: 400;\"> Handhabungsachsen<\/span><\/li>\n<li><span style=\"font-weight: 400;\"> Umformmaschinen mit Positions- und Druckregelung<\/span><\/li>\n<li><span style=\"font-weight: 400;\"> Vorschubantriebe<\/span><\/li>\n<\/ul>\n<p>&nbsp;<\/p>\n<p><b>Funktionsweise:<\/b><\/p>\n<p><span style=\"font-weight: 400;\">Das Modul kombiniert Positionsregelung mit digitaler Wegmessung und Druckregelung bzw. <\/span><span style=\"font-weight: 400;\">-\u00fcberwachung mit integrierter Kommunikation \u00fcber Profibus DP. Die Achse kann entweder als Punkt zu Punkt Steuerung (wegabh\u00e4ngiges Bremsen) oder im NC Modus betrieben werden.<\/span><\/p>\n","protected":false},"excerpt":{"rendered":"<p>Das Produkt PPC-125-U-PDP ist eine universelle Achsregelbaugruppe zur Steuerung von hydraulischen Achsen \u00fcber eine integrierte Profibus DP Schnittstelle. Es kann als universeller Achsenregler f\u00fcr hydraulische Antriebe eingesetzt werden. &nbsp; Hauptmerkmale und Eigenschaften: Sollwertvorgabe, Istwert-R\u00fcckmeldungen, Steuerbyte und Statusbyte \u00fcber einen Feldbus (Profibus DP). SSI-Sensorschnittstelle oder analoge Sensorschnittstelle (0&#8230; 10 V oder 4&#8230; 20 mA). Einfache und&hellip;<\/p>\n","protected":false},"featured_media":27408,"template":"","meta":[],"product_brand":[],"product_cat":[319,403],"product_tag":[],"class_list":{"0":"post-27369","1":"product","2":"type-product","3":"status-publish","4":"has-post-thumbnail","6":"product_cat-ansteuerelektronik","7":"product_cat-positioniersteuerungen","8":"description-off","10":"first","11":"instock","12":"purchasable","13":"product-type-simple"},"_links":{"self":[{"href":"https:\/\/schuhmacher-tech.de\/en\/wp-json\/wp\/v2\/product\/27369","targetHints":{"allow":["GET"]}}],"collection":[{"href":"https:\/\/schuhmacher-tech.de\/en\/wp-json\/wp\/v2\/product"}],"about":[{"href":"https:\/\/schuhmacher-tech.de\/en\/wp-json\/wp\/v2\/types\/product"}],"wp:featuredmedia":[{"embeddable":true,"href":"https:\/\/schuhmacher-tech.de\/en\/wp-json\/wp\/v2\/media\/27408"}],"wp:attachment":[{"href":"https:\/\/schuhmacher-tech.de\/en\/wp-json\/wp\/v2\/media?parent=27369"}],"wp:term":[{"taxonomy":"product_brand","embeddable":true,"href":"https:\/\/schuhmacher-tech.de\/en\/wp-json\/wp\/v2\/product_brand?post=27369"},{"taxonomy":"product_cat","embeddable":true,"href":"https:\/\/schuhmacher-tech.de\/en\/wp-json\/wp\/v2\/product_cat?post=27369"},{"taxonomy":"product_tag","embeddable":true,"href":"https:\/\/schuhmacher-tech.de\/en\/wp-json\/wp\/v2\/product_tag?post=27369"}],"curies":[{"name":"wp","href":"https:\/\/api.w.org\/{rel}","templated":true}]}}