{"id":27360,"date":"2025-06-05T11:55:39","date_gmt":"2025-06-05T09:55:39","guid":{"rendered":"https:\/\/schuhmacher-tech.de\/product\/mot-114-p-leistungsverstaerker-mit-motorpotentiometer-funktionalitaet-2\/"},"modified":"2026-04-10T10:36:29","modified_gmt":"2026-04-10T08:36:29","slug":"mot-114-p-leistungsverstaerker-mit-motorpotentiometer-funktionalitaet-2","status":"publish","type":"product","link":"https:\/\/schuhmacher-tech.de\/en\/product\/mot-114-p-leistungsverstaerker-mit-motorpotentiometer-funktionalitaet-2\/","title":{"rendered":"MOT-114-P Leistungsverst\u00e4rker"},"content":{"rendered":"<p><span style=\"font-weight: 400;\">Das Produkt MOT-114-P ist ein Leistungsverst\u00e4rker mit Motorpotentiometer-Funktionalit\u00e4t, der zur <\/span><span style=\"font-weight: 400;\">Ansteuerung von Stetigventilen mit einem oder zwei Magneten dient. Hier sind die wichtigsten <\/span><span style=\"font-weight: 400;\">Eigenschaften und Merkmale zusammengefasst:<\/span><\/p>\n<ul>\n<li><span style=\"font-weight: 400;\"> Bestellnummer: MOT-114-P<\/span><\/li>\n<li><span style=\"font-weight: 400;\"> Funktion: Ansteuerung von Stetigventilen mit einem oder zwei Magneten.<\/span><\/li>\n<li><span style=\"font-weight: 400;\"> Integrierte Leistungsendstufe: Bietet einen kosteng\u00fcnstigen und platzsparenden Aufbau mit einer <\/span>Regelzykluszeit von 0,125 ms.<\/li>\n<li><span style=\"font-weight: 400;\"> Ansteuerung: \u00dcber Schalteing\u00e4nge mit frei parametrierbaren Sollwerten und Rampenfunktionen. <\/span>Optional sofortige Ansteuerung eines gespeicherten Sollwerts nach Aktivierung.<\/li>\n<li><span style=\"font-weight: 400;\"> Geregelter Ausgangsstrom: Unabh\u00e4ngig von Versorgungsspannung und Magnetwiderstand. Die <\/span>Ausgangsstufe wird auf Kabelbruch und \u00dcberstrom (Kurzschluss) \u00fcberwacht.<\/li>\n<li><span style=\"font-weight: 400;\"> Einfache Bedienung: Problemorientierter Aufbau f\u00fcr kurze Einarbeitungszeit.<\/span><\/li>\n<li><span style=\"font-weight: 400;\"> Motorpotentiometer Funktion: Erm\u00f6glicht eine digitale, reproduzierbare Einstellung.<\/span><\/li>\n<li><span style=\"font-weight: 400;\"> Kennlinienlinearisierung: Bietet 10 Eckpunkte pro Magnet.<\/span><\/li>\n<li><span style=\"font-weight: 400;\"> Parametrierung: Freie Parametrierung von Rampen, MIN und MAX, Dither (Frequenz, <\/span>Amplitude) und PWM Frequenz.<\/li>\n<li><span style=\"font-weight: 400;\"> Magnetnennstrom: Parametrierbar bis 2,6 A.<\/span><\/li>\n<li><span style=\"font-weight: 400;\"> Fehlerdiagnose: Erweiterte Funktions\u00fcberpr\u00fcfung und Fehlerdiagnostik.<\/span><\/li>\n<li><span style=\"font-weight: 400;\"> Einstellung: \u00dcber USB mit WPC-300 Software.<\/span><\/li>\n<\/ul>\n<p><span style=\"font-weight: 400;\">Typische Anwendungen: Motorpotentiometer, manuelle Drucksteuerung.<\/span><\/p>\n<p>Zolltarif Nr. \/ HS-Code: 85437090<\/p>\n<p>Datenblatt: <a href=\"https:\/\/www.w-e-st.de\/files\/pdf\/MOT-114-P-DE.pdf\" target=\"_blank\" rel=\"noopener\">https:\/\/www.w-e-st.de\/files\/pdf\/MOT-114-P-DE.pdf<\/a><\/p>\n","protected":false},"excerpt":{"rendered":"<p>Das Produkt MOT-114-P ist ein Leistungsverst\u00e4rker mit Motorpotentiometer-Funktionalit\u00e4t, der zur Ansteuerung von Stetigventilen mit einem oder zwei Magneten dient. Hier sind die wichtigsten Eigenschaften und Merkmale zusammengefasst: Bestellnummer: MOT-114-P Funktion: Ansteuerung von Stetigventilen mit einem oder zwei Magneten. Integrierte Leistungsendstufe: Bietet einen kosteng\u00fcnstigen und platzsparenden Aufbau mit einer Regelzykluszeit von 0,125 ms. Ansteuerung: \u00dcber Schalteing\u00e4nge&hellip;<\/p>\n","protected":false},"featured_media":27446,"template":"","meta":[],"product_brand":[],"product_cat":[319,401],"product_tag":[],"class_list":{"0":"post-27360","1":"product","2":"type-product","3":"status-publish","4":"has-post-thumbnail","6":"product_cat-ansteuerelektronik","7":"product_cat-leistungsverstaerker","8":"description-off","10":"first","11":"outofstock","12":"purchasable","13":"product-type-simple"},"_links":{"self":[{"href":"https:\/\/schuhmacher-tech.de\/en\/wp-json\/wp\/v2\/product\/27360","targetHints":{"allow":["GET"]}}],"collection":[{"href":"https:\/\/schuhmacher-tech.de\/en\/wp-json\/wp\/v2\/product"}],"about":[{"href":"https:\/\/schuhmacher-tech.de\/en\/wp-json\/wp\/v2\/types\/product"}],"wp:featuredmedia":[{"embeddable":true,"href":"https:\/\/schuhmacher-tech.de\/en\/wp-json\/wp\/v2\/media\/27446"}],"wp:attachment":[{"href":"https:\/\/schuhmacher-tech.de\/en\/wp-json\/wp\/v2\/media?parent=27360"}],"wp:term":[{"taxonomy":"product_brand","embeddable":true,"href":"https:\/\/schuhmacher-tech.de\/en\/wp-json\/wp\/v2\/product_brand?post=27360"},{"taxonomy":"product_cat","embeddable":true,"href":"https:\/\/schuhmacher-tech.de\/en\/wp-json\/wp\/v2\/product_cat?post=27360"},{"taxonomy":"product_tag","embeddable":true,"href":"https:\/\/schuhmacher-tech.de\/en\/wp-json\/wp\/v2\/product_tag?post=27360"}],"curies":[{"name":"wp","href":"https:\/\/api.w.org\/{rel}","templated":true}]}}