{"id":27354,"date":"2025-06-05T11:55:39","date_gmt":"2025-06-05T09:55:39","guid":{"rendered":"https:\/\/schuhmacher-tech.de\/product\/pam-199-p-leistungsverstaerker-fuer-alle-typischen-wegeventile-2\/"},"modified":"2026-04-10T10:36:41","modified_gmt":"2026-04-10T08:36:41","slug":"pam-199-p-leistungsverstaerker","status":"publish","type":"product","link":"https:\/\/schuhmacher-tech.de\/en\/product\/pam-199-p-leistungsverstaerker\/","title":{"rendered":"PAM-199-P-IO Leistungsverst\u00e4rker"},"content":{"rendered":"<p><span style=\"font-weight: 400;\">Das Produkt PAM-199-P-IO ist ein universeller Leistungsverst\u00e4rker zur Ansteuerung von <\/span><span style=\"font-weight: 400;\">Wegeventilen oder zwei Druck- oder Drosselventilen mit jeweils einem Magneten.\u00a0<\/span><\/p>\n<p><b>Hier sind die wichtigsten Eigenschaften und Merkmale zusammengefasst:<\/b><\/p>\n<ul>\n<li><span style=\"font-weight: 400;\"> Bestellnummer: PAM-199-P-IO<\/span><\/li>\n<li><span style=\"font-weight: 400;\"> Schnittstelle: IO-Link Port Klasse A. Erf\u00fcllt die Spezifikation V1.1 mit einer Datenrate von <\/span>COM3 = 230,4 kBaud. Der Port ist potentialgetrennt von der Leistungsversorgung, was ihn besonders st\u00f6rungsfest macht.<\/li>\n<li><span style=\"font-weight: 400;\"> Funktionsweise: Der Sollwert wird \u00fcber IO-Link vorgegeben. Die Endstufe und Rampenfunktion <\/span>werden \u00fcber ein ENABLE-Signal freigeschaltet, das sich aus einer Hardware- und Softwarefreigabe zusammensetzt. Ein fehlerfreier Betrieb wird \u00fcber ein READY-Signal zur\u00fcckgemeldet.<\/li>\n<li><span style=\"font-weight: 400;\"> Betriebsarten:<\/span><\/li>\n<li><span style=\"font-weight: 400;\"> DIR: F\u00fcr die Ansteuerung eines Wegeventils. Die Sollwertvorgabe erfolgt \u00fcber einen <\/span>bipolaren Zahlenwert im IO-Link Sollwertkanal A.<\/li>\n<li><span style=\"font-weight: 400;\"> IND: F\u00fcr die Ansteuerung eines oder zweier Drossel- oder Druckventile. Die <\/span>Sollwertvorgabe erfolgt \u00fcber zwei positive Zahlenwerte in den IO-Link Sollwertkan\u00e4len A und B.<\/li>\n<li><span style=\"font-weight: 400;\"> Ausgangsstrom: Der Ausgangsstrom der PAM-199-P-IO ist geregelt und daher unabh\u00e4ngig von <\/span>der Stromversorgung und dem Magnetwiderstand. Die Endstufe wird auf Kabelbruch \u00fcberwacht, ist kurzschlussfest und schaltet die Leistungsendstufe im Fehlerfall ab.<\/li>\n<li><span style=\"font-weight: 400;\"> Parametrierung:<\/span><\/li>\n<li><span style=\"font-weight: 400;\"> Digitale, reproduzierbare Einstellung.<\/span><\/li>\n<li><span style=\"font-weight: 400;\"> Freie Parametrierung von Rampen, MIN und MAX, Dither (Frequenz, Amplitude) und <\/span>PWM-Frequenz.<\/li>\n<li><span style=\"font-weight: 400;\"> Kennlinienlinearisierung \u00fcber 10 XY-Punkte pro Richtung.<\/span><\/li>\n<li><span style=\"font-weight: 400;\"> Anwendungsorientierte Parametrierung.<\/span><\/li>\n<li><span style=\"font-weight: 400;\"> Einstellung \u00fcber USB mit WPC-300 Software oder \u00fcber IO-Link.<\/span><\/li>\n<li><span style=\"font-weight: 400;\"> Analogeing\u00e4nge: Zwei Analogeing\u00e4nge stehen zus\u00e4tzlich zur Verf\u00fcgung, Signal\u00fcbertragung \u00fcber <\/span>IO-Link.<\/li>\n<li><span style=\"font-weight: 400;\"> Strombereiche: Per Software parametrierbar bis 2,6 A.<\/span><\/li>\n<li><span style=\"font-weight: 400;\"> Anpassung: Alle typischen Proportionalventile der verschiedenen Hersteller k\u00f6nnen angesteuert <\/span>werden (BOSCH REXROTH, BUCHER, DUPLOMATIC, PARKER &#8230;).<\/li>\n<\/ul>\n<p><span style=\"font-weight: 400;\">Typische Anwendungen: Steuerung von Wege-, Drossel- und Druckventilen, die eine flexible Anpassung ben\u00f6tigen. Hydraulische Anwendungen im offenen oder geschlossenen Regelkreis.<\/span><\/p>\n","protected":false},"excerpt":{"rendered":"<p>Das Produkt PAM-199-P-IO ist ein universeller Leistungsverst\u00e4rker zur Ansteuerung von Wegeventilen oder zwei Druck- oder Drosselventilen mit jeweils einem Magneten.\u00a0 Hier sind die wichtigsten Eigenschaften und Merkmale zusammengefasst: Bestellnummer: PAM-199-P-IO Schnittstelle: IO-Link Port Klasse A. Erf\u00fcllt die Spezifikation V1.1 mit einer Datenrate von COM3 = 230,4 kBaud. Der Port ist potentialgetrennt von der Leistungsversorgung, was&hellip;<\/p>\n","protected":false},"featured_media":27446,"template":"","meta":[],"product_brand":[],"product_cat":[319,401],"product_tag":[],"class_list":{"0":"post-27354","1":"product","2":"type-product","3":"status-publish","4":"has-post-thumbnail","6":"product_cat-ansteuerelektronik","7":"product_cat-leistungsverstaerker","8":"description-off","10":"first","11":"outofstock","12":"purchasable","13":"product-type-simple"},"_links":{"self":[{"href":"https:\/\/schuhmacher-tech.de\/en\/wp-json\/wp\/v2\/product\/27354","targetHints":{"allow":["GET"]}}],"collection":[{"href":"https:\/\/schuhmacher-tech.de\/en\/wp-json\/wp\/v2\/product"}],"about":[{"href":"https:\/\/schuhmacher-tech.de\/en\/wp-json\/wp\/v2\/types\/product"}],"wp:featuredmedia":[{"embeddable":true,"href":"https:\/\/schuhmacher-tech.de\/en\/wp-json\/wp\/v2\/media\/27446"}],"wp:attachment":[{"href":"https:\/\/schuhmacher-tech.de\/en\/wp-json\/wp\/v2\/media?parent=27354"}],"wp:term":[{"taxonomy":"product_brand","embeddable":true,"href":"https:\/\/schuhmacher-tech.de\/en\/wp-json\/wp\/v2\/product_brand?post=27354"},{"taxonomy":"product_cat","embeddable":true,"href":"https:\/\/schuhmacher-tech.de\/en\/wp-json\/wp\/v2\/product_cat?post=27354"},{"taxonomy":"product_tag","embeddable":true,"href":"https:\/\/schuhmacher-tech.de\/en\/wp-json\/wp\/v2\/product_tag?post=27354"}],"curies":[{"name":"wp","href":"https:\/\/api.w.org\/{rel}","templated":true}]}}