{"id":27268,"date":"2025-08-22T10:51:09","date_gmt":"2025-08-22T08:51:09","guid":{"rendered":"https:\/\/schuhmacher-tech.de\/product\/greenoil-standard-filtereinsatz-fuer-hydraulikoel-2202-h\/"},"modified":"2026-02-03T09:34:09","modified_gmt":"2026-02-03T08:34:09","slug":"greenoil-standard-filtereinsatz-fur-hydraulikol-2202-h","status":"publish","type":"product","link":"https:\/\/schuhmacher-tech.de\/en\/product\/greenoil-standard-filtereinsatz-fur-hydraulikol-2202-h\/","title":{"rendered":"GREENOIL STANDARD Filtereinsatz f\u00fcr Hydraulik\u00f6l 2202 H"},"content":{"rendered":"<p>GREENOIL STANDARD Filtereinsatz f\u00fcr Hydraulik\u00f6l 2202 H<\/p>\n","protected":false},"excerpt":{"rendered":"<p>GREENOIL STANDARD Filtereinsatz f\u00fcr Hydraulik\u00f6l 2202 H<\/p>\n","protected":false},"featured_media":27269,"template":"","meta":[],"product_brand":[],"product_cat":[169,405],"product_tag":[],"class_list":{"0":"post-27268","1":"product","2":"type-product","3":"status-publish","4":"has-post-thumbnail","6":"product_cat-filterelemente","7":"product_cat-hydraulikfilter","8":"description-off","10":"first","11":"instock","12":"sold-individually","13":"purchasable","14":"product-type-simple"},"_links":{"self":[{"href":"https:\/\/schuhmacher-tech.de\/en\/wp-json\/wp\/v2\/product\/27268","targetHints":{"allow":["GET"]}}],"collection":[{"href":"https:\/\/schuhmacher-tech.de\/en\/wp-json\/wp\/v2\/product"}],"about":[{"href":"https:\/\/schuhmacher-tech.de\/en\/wp-json\/wp\/v2\/types\/product"}],"wp:featuredmedia":[{"embeddable":true,"href":"https:\/\/schuhmacher-tech.de\/en\/wp-json\/wp\/v2\/media\/27269"}],"wp:attachment":[{"href":"https:\/\/schuhmacher-tech.de\/en\/wp-json\/wp\/v2\/media?parent=27268"}],"wp:term":[{"taxonomy":"product_brand","embeddable":true,"href":"https:\/\/schuhmacher-tech.de\/en\/wp-json\/wp\/v2\/product_brand?post=27268"},{"taxonomy":"product_cat","embeddable":true,"href":"https:\/\/schuhmacher-tech.de\/en\/wp-json\/wp\/v2\/product_cat?post=27268"},{"taxonomy":"product_tag","embeddable":true,"href":"https:\/\/schuhmacher-tech.de\/en\/wp-json\/wp\/v2\/product_tag?post=27268"}],"curies":[{"name":"wp","href":"https:\/\/api.w.org\/{rel}","templated":true}]}}