{"id":27266,"date":"2025-08-22T10:51:09","date_gmt":"2025-08-22T08:51:09","guid":{"rendered":"https:\/\/schuhmacher-tech.de\/product\/greenoil-standard-filtereinsatz-fuer-die-feinstfiltration-niedrige-viskositaet\/"},"modified":"2026-02-03T09:34:08","modified_gmt":"2026-02-03T08:34:08","slug":"greenoil-standard-filtereinsatz-fur-die-feinstfiltration-niedrige-viskositat","status":"publish","type":"product","link":"https:\/\/schuhmacher-tech.de\/en\/product\/greenoil-standard-filtereinsatz-fur-die-feinstfiltration-niedrige-viskositat\/","title":{"rendered":"GREENOIL STANDARD Filtereinsatz f\u00fcr die Feinstfiltration (niedrige Viskosit\u00e4t)"},"content":{"rendered":"<p>GREENOIL STANDARD Filtereinsatz f\u00fcr die Feinstfiltration (niedrige Viskosit\u00e4t)<\/p>\n","protected":false},"excerpt":{"rendered":"<p>GREENOIL STANDARD Filtereinsatz f\u00fcr die Feinstfiltration (niedrige Viskosit\u00e4t)<\/p>\n","protected":false},"featured_media":27267,"template":"","meta":[],"product_brand":[],"product_cat":[169,405],"product_tag":[],"class_list":{"0":"post-27266","1":"product","2":"type-product","3":"status-publish","4":"has-post-thumbnail","6":"product_cat-filterelemente","7":"product_cat-hydraulikfilter","8":"description-off","10":"first","11":"instock","12":"sold-individually","13":"purchasable","14":"product-type-simple"},"_links":{"self":[{"href":"https:\/\/schuhmacher-tech.de\/en\/wp-json\/wp\/v2\/product\/27266","targetHints":{"allow":["GET"]}}],"collection":[{"href":"https:\/\/schuhmacher-tech.de\/en\/wp-json\/wp\/v2\/product"}],"about":[{"href":"https:\/\/schuhmacher-tech.de\/en\/wp-json\/wp\/v2\/types\/product"}],"wp:featuredmedia":[{"embeddable":true,"href":"https:\/\/schuhmacher-tech.de\/en\/wp-json\/wp\/v2\/media\/27267"}],"wp:attachment":[{"href":"https:\/\/schuhmacher-tech.de\/en\/wp-json\/wp\/v2\/media?parent=27266"}],"wp:term":[{"taxonomy":"product_brand","embeddable":true,"href":"https:\/\/schuhmacher-tech.de\/en\/wp-json\/wp\/v2\/product_brand?post=27266"},{"taxonomy":"product_cat","embeddable":true,"href":"https:\/\/schuhmacher-tech.de\/en\/wp-json\/wp\/v2\/product_cat?post=27266"},{"taxonomy":"product_tag","embeddable":true,"href":"https:\/\/schuhmacher-tech.de\/en\/wp-json\/wp\/v2\/product_tag?post=27266"}],"curies":[{"name":"wp","href":"https:\/\/api.w.org\/{rel}","templated":true}]}}