{"id":27244,"date":"2025-08-22T10:51:13","date_gmt":"2025-08-22T08:51:13","guid":{"rendered":"https:\/\/schuhmacher-tech.de\/product\/spulen-fuer-el-mag-betaetigte-ventile-12-vdc-stecker-en-175301-803a-strom-2-72a-c22b-01200e1-441-na\/"},"modified":"2025-08-22T10:51:14","modified_gmt":"2025-08-22T08:51:14","slug":"spulen-fur-el-mag-betatigte-ventile-12-vdc-stecker-en-175301-803a-strom-2-72a-c22b-01200e1-441-na","status":"publish","type":"product","link":"https:\/\/schuhmacher-tech.de\/en\/product\/spulen-fur-el-mag-betatigte-ventile-12-vdc-stecker-en-175301-803a-strom-2-72a-c22b-01200e1-441-na\/","title":{"rendered":"Spulen f\u00fcr el. Mag. bet\u00e4tigte Ventile 12 VDC; Stecker EN 175301-803A; Strom: 2.72A; C22B-01200E1-4,41-NA"},"content":{"rendered":"<p>Spulen f\u00fcr el. Mag. bet\u00e4tigte Ventile<br \/>12 VDC; Stecker EN 175301-803A;<br \/>Strom: 2.72A; C22B-01200E1-4,41-NA<\/p>\n","protected":false},"excerpt":{"rendered":"<p>Spulen f\u00fcr el. Mag. bet\u00e4tigte Ventile12 VDC; Stecker EN 175301-803A;Strom: 2.72A; C22B-01200E1-4,41-NA<\/p>\n","protected":false},"featured_media":27245,"template":"","meta":[],"product_brand":[],"product_cat":[270],"product_tag":[],"class_list":{"0":"post-27244","1":"product","2":"type-product","3":"status-publish","4":"has-post-thumbnail","6":"product_cat-unkategorisiert","7":"description-off","9":"first","10":"instock","11":"sold-individually","12":"purchasable","13":"product-type-simple"},"_links":{"self":[{"href":"https:\/\/schuhmacher-tech.de\/en\/wp-json\/wp\/v2\/product\/27244","targetHints":{"allow":["GET"]}}],"collection":[{"href":"https:\/\/schuhmacher-tech.de\/en\/wp-json\/wp\/v2\/product"}],"about":[{"href":"https:\/\/schuhmacher-tech.de\/en\/wp-json\/wp\/v2\/types\/product"}],"wp:featuredmedia":[{"embeddable":true,"href":"https:\/\/schuhmacher-tech.de\/en\/wp-json\/wp\/v2\/media\/27245"}],"wp:attachment":[{"href":"https:\/\/schuhmacher-tech.de\/en\/wp-json\/wp\/v2\/media?parent=27244"}],"wp:term":[{"taxonomy":"product_brand","embeddable":true,"href":"https:\/\/schuhmacher-tech.de\/en\/wp-json\/wp\/v2\/product_brand?post=27244"},{"taxonomy":"product_cat","embeddable":true,"href":"https:\/\/schuhmacher-tech.de\/en\/wp-json\/wp\/v2\/product_cat?post=27244"},{"taxonomy":"product_tag","embeddable":true,"href":"https:\/\/schuhmacher-tech.de\/en\/wp-json\/wp\/v2\/product_tag?post=27244"}],"curies":[{"name":"wp","href":"https:\/\/api.w.org\/{rel}","templated":true}]}}