{"id":27242,"date":"2025-08-22T10:51:13","date_gmt":"2025-08-22T08:51:13","guid":{"rendered":"https:\/\/schuhmacher-tech.de\/product\/spulen-fuer-el-mag-betaetigte-ventile-24-vdc-stecker-en-175301-803a-strom-129a-c22b-02400e1-186na\/"},"modified":"2025-08-22T10:51:15","modified_gmt":"2025-08-22T08:51:15","slug":"spulen-fur-el-mag-betatigte-ventile-24-vdc-stecker-en-175301-803a-strom-129a-c22b-02400e1-186na","status":"publish","type":"product","link":"https:\/\/schuhmacher-tech.de\/en\/product\/spulen-fur-el-mag-betatigte-ventile-24-vdc-stecker-en-175301-803a-strom-129a-c22b-02400e1-186na\/","title":{"rendered":"Spulen f\u00fcr el. Mag. bet\u00e4tigte Ventile 24 VDC; Stecker EN 175301-803A; Strom: 1,29A; C22B-02400E1-18,6NA"},"content":{"rendered":"<p>Spulen f\u00fcr el. Mag. bet\u00e4tigte Ventile<br \/>24 VDC; Stecker EN 175301-803A;<br \/>Strom: 1,29A; C22B-02400E1-18,6NA<\/p>\n","protected":false},"excerpt":{"rendered":"<p>Spulen f\u00fcr el. Mag. bet\u00e4tigte Ventile24 VDC; Stecker EN 175301-803A;Strom: 1,29A; C22B-02400E1-18,6NA<\/p>\n","protected":false},"featured_media":27243,"template":"","meta":[],"product_brand":[],"product_cat":[270],"product_tag":[],"class_list":{"0":"post-27242","1":"product","2":"type-product","3":"status-publish","4":"has-post-thumbnail","6":"product_cat-unkategorisiert","7":"description-off","9":"first","10":"instock","11":"sold-individually","12":"purchasable","13":"product-type-simple"},"_links":{"self":[{"href":"https:\/\/schuhmacher-tech.de\/en\/wp-json\/wp\/v2\/product\/27242","targetHints":{"allow":["GET"]}}],"collection":[{"href":"https:\/\/schuhmacher-tech.de\/en\/wp-json\/wp\/v2\/product"}],"about":[{"href":"https:\/\/schuhmacher-tech.de\/en\/wp-json\/wp\/v2\/types\/product"}],"wp:featuredmedia":[{"embeddable":true,"href":"https:\/\/schuhmacher-tech.de\/en\/wp-json\/wp\/v2\/media\/27243"}],"wp:attachment":[{"href":"https:\/\/schuhmacher-tech.de\/en\/wp-json\/wp\/v2\/media?parent=27242"}],"wp:term":[{"taxonomy":"product_brand","embeddable":true,"href":"https:\/\/schuhmacher-tech.de\/en\/wp-json\/wp\/v2\/product_brand?post=27242"},{"taxonomy":"product_cat","embeddable":true,"href":"https:\/\/schuhmacher-tech.de\/en\/wp-json\/wp\/v2\/product_cat?post=27242"},{"taxonomy":"product_tag","embeddable":true,"href":"https:\/\/schuhmacher-tech.de\/en\/wp-json\/wp\/v2\/product_tag?post=27242"}],"curies":[{"name":"wp","href":"https:\/\/api.w.org\/{rel}","templated":true}]}}