{"id":27228,"date":"2025-08-22T10:51:17","date_gmt":"2025-08-22T08:51:17","guid":{"rendered":"https:\/\/schuhmacher-tech.de\/product\/zwischenplatten-fuer-iso-4401-02-ventile-mit-seitenanschluessengroesse-04-d022-abschnittepmax-320bar-dr1-04-20\/"},"modified":"2025-08-22T10:51:18","modified_gmt":"2025-08-22T08:51:18","slug":"zwischenplatten-fur-iso-4401-02-ventile-mit-seitenanschlussengrosse-04-d022-abschnittepmax-320bar-dr1-04-20","status":"publish","type":"product","link":"https:\/\/schuhmacher-tech.de\/en\/product\/zwischenplatten-fur-iso-4401-02-ventile-mit-seitenanschlussengrosse-04-d022-abschnittepmax-320bar-dr1-04-20\/","title":{"rendered":"Zwischenplatten f\u00fcr ISO 4401-02 Ventile mit Seitenanschl\u00fcssenGr\u00f6sse 04 (D02)2 AbschnittePmax. 320bar; DR1-04\/20"},"content":{"rendered":"<p>Zwischenplatten f\u00fcr ISO 4401-02 Ventile mit Seitenanschl\u00fcssen<br \/>Gr\u00f6sse 04 (D02)<br \/>2 Abschnitte<br \/>Pmax. 320bar; DR1-04\/20<\/p>\n","protected":false},"excerpt":{"rendered":"<p>Zwischenplatten f\u00fcr ISO 4401-02 Ventile mit Seitenanschl\u00fcssenGr\u00f6sse 04 (D02)2 AbschnittePmax. 320bar; DR1-04\/20<\/p>\n","protected":false},"featured_media":27229,"template":"","meta":[],"product_brand":[],"product_cat":[270],"product_tag":[],"class_list":{"0":"post-27228","1":"product","2":"type-product","3":"status-publish","4":"has-post-thumbnail","6":"product_cat-unkategorisiert","7":"description-off","9":"first","10":"instock","11":"sold-individually","12":"purchasable","13":"product-type-simple"},"_links":{"self":[{"href":"https:\/\/schuhmacher-tech.de\/en\/wp-json\/wp\/v2\/product\/27228","targetHints":{"allow":["GET"]}}],"collection":[{"href":"https:\/\/schuhmacher-tech.de\/en\/wp-json\/wp\/v2\/product"}],"about":[{"href":"https:\/\/schuhmacher-tech.de\/en\/wp-json\/wp\/v2\/types\/product"}],"wp:featuredmedia":[{"embeddable":true,"href":"https:\/\/schuhmacher-tech.de\/en\/wp-json\/wp\/v2\/media\/27229"}],"wp:attachment":[{"href":"https:\/\/schuhmacher-tech.de\/en\/wp-json\/wp\/v2\/media?parent=27228"}],"wp:term":[{"taxonomy":"product_brand","embeddable":true,"href":"https:\/\/schuhmacher-tech.de\/en\/wp-json\/wp\/v2\/product_brand?post=27228"},{"taxonomy":"product_cat","embeddable":true,"href":"https:\/\/schuhmacher-tech.de\/en\/wp-json\/wp\/v2\/product_cat?post=27228"},{"taxonomy":"product_tag","embeddable":true,"href":"https:\/\/schuhmacher-tech.de\/en\/wp-json\/wp\/v2\/product_tag?post=27228"}],"curies":[{"name":"wp","href":"https:\/\/api.w.org\/{rel}","templated":true}]}}