{"id":27220,"date":"2025-08-22T10:51:21","date_gmt":"2025-08-22T08:51:21","guid":{"rendered":"https:\/\/schuhmacher-tech.de\/product\/stopfen-fuer-einschraubbohrung-t-10a-t-13a-cp-13a-2h-12-ersatz-xfoa-xxn\/"},"modified":"2025-08-22T10:51:22","modified_gmt":"2025-08-22T08:51:22","slug":"stopfen-fuer-einschraubbohrung-t-10a-t-13a-cp-13a-2h-12-ersatz-xfoa-xxn","status":"publish","type":"product","link":"https:\/\/schuhmacher-tech.de\/en\/product\/stopfen-fuer-einschraubbohrung-t-10a-t-13a-cp-13a-2h-12-ersatz-xfoa-xxn\/","title":{"rendered":"Stopfen f\u00fcr Einschraubbohrung T-10A, T-13A &#038; T-31AAlle Anschl\u00fcsse offen; CP-13A-2H-12; Ersatz-XFOA-XXN"},"content":{"rendered":"<p>Stopfen f\u00fcr Einschraubbohrung T-10A, T-13A &amp; T-31A<br \/>Alle Anschl\u00fcsse offen; CP-13A-2H-12; Ersatz-XFOA-XXN<\/p>\n","protected":false},"excerpt":{"rendered":"<p>Stopfen f\u00fcr Einschraubbohrung T-10A, T-13A &amp; T-31AAlle Anschl\u00fcsse offen; CP-13A-2H-12; Ersatz-XFOA-XXN<\/p>\n","protected":false},"featured_media":27221,"template":"","meta":[],"product_brand":[],"product_cat":[270],"product_tag":[],"class_list":{"0":"post-27220","1":"product","2":"type-product","3":"status-publish","4":"has-post-thumbnail","6":"product_cat-unkategorisiert","7":"description-off","9":"first","10":"instock","11":"sold-individually","12":"purchasable","13":"product-type-simple"},"_links":{"self":[{"href":"https:\/\/schuhmacher-tech.de\/en\/wp-json\/wp\/v2\/product\/27220","targetHints":{"allow":["GET"]}}],"collection":[{"href":"https:\/\/schuhmacher-tech.de\/en\/wp-json\/wp\/v2\/product"}],"about":[{"href":"https:\/\/schuhmacher-tech.de\/en\/wp-json\/wp\/v2\/types\/product"}],"wp:featuredmedia":[{"embeddable":true,"href":"https:\/\/schuhmacher-tech.de\/en\/wp-json\/wp\/v2\/media\/27221"}],"wp:attachment":[{"href":"https:\/\/schuhmacher-tech.de\/en\/wp-json\/wp\/v2\/media?parent=27220"}],"wp:term":[{"taxonomy":"product_brand","embeddable":true,"href":"https:\/\/schuhmacher-tech.de\/en\/wp-json\/wp\/v2\/product_brand?post=27220"},{"taxonomy":"product_cat","embeddable":true,"href":"https:\/\/schuhmacher-tech.de\/en\/wp-json\/wp\/v2\/product_cat?post=27220"},{"taxonomy":"product_tag","embeddable":true,"href":"https:\/\/schuhmacher-tech.de\/en\/wp-json\/wp\/v2\/product_tag?post=27220"}],"curies":[{"name":"wp","href":"https:\/\/api.w.org\/{rel}","templated":true}]}}