{"id":27160,"date":"2025-08-22T10:51:34","date_gmt":"2025-08-22T08:51:34","guid":{"rendered":"https:\/\/schuhmacher-tech.de\/product\/rohrleitungsgehaeuse-in-line-gehaeuse-fuer-einschraubventile-sb-a4-0103al\/"},"modified":"2026-02-03T10:54:55","modified_gmt":"2026-02-03T09:54:55","slug":"rohrleitungsgehause-in-line-gehause-fur-einschraubventile-sb-a4-0103al","status":"publish","type":"product","link":"https:\/\/schuhmacher-tech.de\/en\/product\/rohrleitungsgehause-in-line-gehause-fur-einschraubventile-sb-a4-0103al\/","title":{"rendered":"Rohrleitungsgeh\u00e4use \/ In-Line Geh\u00e4use f\u00fcr Einschraubventile SB-A4-0103AL"},"content":{"rendered":"<p>Rohrleitungsgeh\u00e4use \/ In-Line Geh\u00e4use f\u00fcr Einschraubventile SB-A4-0103AL<\/p>\n<p>Formbohrung: A4 (C-8-4)<\/p>\n<p>Einzelgeh\u00e4use<\/p>\n<p>Anschluss: G3\/8&#8243;<\/p>\n<p>Material: Aluminium<\/p>\n","protected":false},"excerpt":{"rendered":"<p>Rohrleitungsgeh\u00e4use \/ In-Line Geh\u00e4use f\u00fcr Einschraubventile SB-A4-0103AL Formbohrung: A4 (C-8-4) Einzelgeh\u00e4use Anschluss: G3\/8&#8243; Material: Aluminium<\/p>\n","protected":false},"featured_media":27161,"template":"","meta":[],"product_brand":[],"product_cat":[364],"product_tag":[],"class_list":{"0":"post-27160","1":"product","2":"type-product","3":"status-publish","4":"has-post-thumbnail","6":"product_cat-ventilgehaeuse","7":"description-off","9":"first","10":"instock","11":"sold-individually","12":"purchasable","13":"product-type-simple"},"_links":{"self":[{"href":"https:\/\/schuhmacher-tech.de\/en\/wp-json\/wp\/v2\/product\/27160","targetHints":{"allow":["GET"]}}],"collection":[{"href":"https:\/\/schuhmacher-tech.de\/en\/wp-json\/wp\/v2\/product"}],"about":[{"href":"https:\/\/schuhmacher-tech.de\/en\/wp-json\/wp\/v2\/types\/product"}],"wp:featuredmedia":[{"embeddable":true,"href":"https:\/\/schuhmacher-tech.de\/en\/wp-json\/wp\/v2\/media\/27161"}],"wp:attachment":[{"href":"https:\/\/schuhmacher-tech.de\/en\/wp-json\/wp\/v2\/media?parent=27160"}],"wp:term":[{"taxonomy":"product_brand","embeddable":true,"href":"https:\/\/schuhmacher-tech.de\/en\/wp-json\/wp\/v2\/product_brand?post=27160"},{"taxonomy":"product_cat","embeddable":true,"href":"https:\/\/schuhmacher-tech.de\/en\/wp-json\/wp\/v2\/product_cat?post=27160"},{"taxonomy":"product_tag","embeddable":true,"href":"https:\/\/schuhmacher-tech.de\/en\/wp-json\/wp\/v2\/product_tag?post=27160"}],"curies":[{"name":"wp","href":"https:\/\/api.w.org\/{rel}","templated":true}]}}