{"id":27151,"date":"2025-08-22T10:51:34","date_gmt":"2025-08-22T08:51:34","guid":{"rendered":"https:\/\/schuhmacher-tech.de\/product\/pall-schumacher-rubingel-adsorber-alb-p-1\/"},"modified":"2026-02-03T10:56:59","modified_gmt":"2026-02-03T09:56:59","slug":"pall-schumacher-rubingel-adsorber-alb-p-1","status":"publish","type":"product","link":"https:\/\/schuhmacher-tech.de\/en\/product\/pall-schumacher-rubingel-adsorber-alb-p-1\/","title":{"rendered":"PALL SCHUMACHER RUBINGEL ADSORBER ALB-P-1"},"content":{"rendered":"<p>Schumacher Rubingel Adsorber ALB-P-1<\/p>\n<p style=\"margin: 0px;color: #2a2a2a\" data-mce-style=\"margin: 0px; color: #2a2a2a;\">Adsorption vom Wasserdampf aus Umgebungsluft<\/p>\n<p style=\"margin: 0px;color: #2a2a2a\" data-mce-style=\"margin: 0px; color: #2a2a2a;\">drucklos (z.B. Tankbeatmung)<\/p>\n<p style=\"margin: 0px;color: #2a2a2a\" data-mce-style=\"margin: 0px; color: #2a2a2a;\"><\/p>\n<p style=\"margin: 0px;color: #2a2a2a\" data-mce-style=\"margin: 0px; color: #2a2a2a;\">Pall (ehem. Schumacher)<\/p>\n<p style=\"margin: 0px;color: #2a2a2a\" data-mce-style=\"margin: 0px; color: #2a2a2a;\">Rubingel Adsorber ALB-P-1<\/p>\n<p style=\"margin: 0px;color: #2a2a2a\" data-mce-style=\"margin: 0px; color: #2a2a2a;\"><\/p>\n<p style=\"margin: 0px;color: #2a2a2a\" data-mce-style=\"margin: 0px; color: #2a2a2a;\">Zul\u00e4ssiger Betriebsdruck: 16 bar \u00fc<\/p>\n<p style=\"margin: 0px;color: #2a2a2a\" data-mce-style=\"margin: 0px; color: #2a2a2a;\">Zul\u00e4ssige Temperatur: 40\u00b0C<\/p>\n<p style=\"margin: 0px;color: #2a2a2a\" data-mce-style=\"margin: 0px; color: #2a2a2a;\">Anschl\u00fcsse: 3\/8&#8243; innen<\/p>\n<p style=\"margin: 0px;color: #2a2a2a\" data-mce-style=\"margin: 0px; color: #2a2a2a;\">Rubingel F\u00fcllung in kg: 0,5<\/p>\n<p><br data-mce-bogus=\"1\"><\/p>\n<p>Lieferzeit ca. 5 Wochen!<\/p>\n","protected":false},"excerpt":{"rendered":"<p>Schumacher Rubingel Adsorber ALB-P-1 Adsorption vom Wasserdampf aus Umgebungsluft drucklos (z.B. Tankbeatmung) Pall (ehem. Schumacher) Rubingel Adsorber ALB-P-1 Zul\u00e4ssiger Betriebsdruck: 16 bar \u00fc Zul\u00e4ssige Temperatur: 40\u00b0C Anschl\u00fcsse: 3\/8&#8243; innen Rubingel F\u00fcllung in kg: 0,5 Lieferzeit ca. 5 Wochen!<\/p>\n","protected":false},"featured_media":27152,"template":"","meta":[],"product_brand":[],"product_cat":[319],"product_tag":[],"class_list":{"0":"post-27151","1":"product","2":"type-product","3":"status-publish","4":"has-post-thumbnail","6":"product_cat-ansteuerelektronik","7":"description-off","9":"first","10":"instock","11":"sold-individually","12":"purchasable","13":"product-type-simple"},"_links":{"self":[{"href":"https:\/\/schuhmacher-tech.de\/en\/wp-json\/wp\/v2\/product\/27151","targetHints":{"allow":["GET"]}}],"collection":[{"href":"https:\/\/schuhmacher-tech.de\/en\/wp-json\/wp\/v2\/product"}],"about":[{"href":"https:\/\/schuhmacher-tech.de\/en\/wp-json\/wp\/v2\/types\/product"}],"wp:featuredmedia":[{"embeddable":true,"href":"https:\/\/schuhmacher-tech.de\/en\/wp-json\/wp\/v2\/media\/27152"}],"wp:attachment":[{"href":"https:\/\/schuhmacher-tech.de\/en\/wp-json\/wp\/v2\/media?parent=27151"}],"wp:term":[{"taxonomy":"product_brand","embeddable":true,"href":"https:\/\/schuhmacher-tech.de\/en\/wp-json\/wp\/v2\/product_brand?post=27151"},{"taxonomy":"product_cat","embeddable":true,"href":"https:\/\/schuhmacher-tech.de\/en\/wp-json\/wp\/v2\/product_cat?post=27151"},{"taxonomy":"product_tag","embeddable":true,"href":"https:\/\/schuhmacher-tech.de\/en\/wp-json\/wp\/v2\/product_tag?post=27151"}],"curies":[{"name":"wp","href":"https:\/\/api.w.org\/{rel}","templated":true}]}}