{"id":27141,"date":"2026-03-10T10:09:32","date_gmt":"2026-03-10T09:09:32","guid":{"rendered":"https:\/\/schuhmacher-tech.de\/product\/dsg-164-30-sollwertmodul-fuer-vier-digital-abrufbare-sollwerte\/"},"modified":"2026-04-10T10:36:36","modified_gmt":"2026-04-10T08:36:36","slug":"dsg-164-digitales-sollwertmodul","status":"publish","type":"product","link":"https:\/\/schuhmacher-tech.de\/en\/product\/dsg-164-digitales-sollwertmodul\/","title":{"rendered":"DSG-164 Digitales Sollwertmodul"},"content":{"rendered":"<p><span style=\"font-weight: 400;\">Das DSG-164 ist ein digitaler Sollwertgeber, bei dem die Sollwerte \u00fcber Potentiometer eingestellt<\/span><\/p>\n<p><span style=\"font-weight: 400;\">und per Schalteingang abgerufen werden k\u00f6nnen. Es k\u00f6nnen vier Sollwerte von -10V bis +10V<\/span><\/p>\n<p><span style=\"font-weight: 400;\">eingestellt und per Schalteingang abgerufen werden.<\/span><\/p>\n<p><b>Weitere Eigenschaften und Merkmale des DSG-164 sind:<\/b><\/p>\n<ul>\n<li><span style=\"font-weight: 400;\"> Analoge Sollwertgenerierung mittels digitaler Schalteing\u00e4nge<\/span><\/li>\n<li><span style=\"font-weight: 400;\"> Sollwerte digital abrufbar<\/span><\/li>\n<li><span style=\"font-weight: 400;\"> Differenzausgang mit Polarit\u00e4tsumschaltung<\/span><\/li>\n<li><span style=\"font-weight: 400;\"> Referenzspannungsausgang<\/span><\/li>\n<li><span style=\"font-weight: 400;\"> Kaskadierbar<\/span><\/li>\n<li><span style=\"font-weight: 400;\"> Kosteng\u00fcnstige Snap-on Modultechnik<\/span><\/li>\n<\/ul>\n<p><span style=\"font-weight: 400;\">Typische Anwendungen f\u00fcr den DSG-164 sind die analoge Sollwertgenerierung mittels digitaler <\/span><span style=\"font-weight: 400;\">Schalteing\u00e4nge.<\/span><\/p>\n<p><strong>Datanblatt<\/strong>: <a href=\"https:\/\/www.w-e-st.de\/files\/pdf\/DSG-164-DE.pdf\" target=\"_blank\" rel=\"noopener\">https:\/\/www.w-e-st.de\/files\/pdf\/DSG-164-DE.pdf<\/a><\/p>\n","protected":false},"excerpt":{"rendered":"<p>Das DSG-164 ist ein digitaler Sollwertgeber, bei dem die Sollwerte \u00fcber Potentiometer eingestellt und per Schalteingang abgerufen werden k\u00f6nnen. Es k\u00f6nnen vier Sollwerte von -10V bis +10V eingestellt und per Schalteingang abgerufen werden. Weitere Eigenschaften und Merkmale des DSG-164 sind: Analoge Sollwertgenerierung mittels digitaler Schalteing\u00e4nge Sollwerte digital abrufbar Differenzausgang mit Polarit\u00e4tsumschaltung Referenzspannungsausgang Kaskadierbar Kosteng\u00fcnstige Snap-on&hellip;<\/p>\n","protected":false},"featured_media":27142,"template":"","meta":[],"product_brand":[],"product_cat":[399,319],"product_tag":[],"class_list":{"0":"post-27141","1":"product","2":"type-product","3":"status-publish","4":"has-post-thumbnail","6":"product_cat-allgemeine-funktionsmodule","7":"product_cat-ansteuerelektronik","8":"description-off","10":"first","11":"outofstock","12":"sold-individually","13":"purchasable","14":"product-type-simple"},"_links":{"self":[{"href":"https:\/\/schuhmacher-tech.de\/en\/wp-json\/wp\/v2\/product\/27141","targetHints":{"allow":["GET"]}}],"collection":[{"href":"https:\/\/schuhmacher-tech.de\/en\/wp-json\/wp\/v2\/product"}],"about":[{"href":"https:\/\/schuhmacher-tech.de\/en\/wp-json\/wp\/v2\/types\/product"}],"wp:featuredmedia":[{"embeddable":true,"href":"https:\/\/schuhmacher-tech.de\/en\/wp-json\/wp\/v2\/media\/27142"}],"wp:attachment":[{"href":"https:\/\/schuhmacher-tech.de\/en\/wp-json\/wp\/v2\/media?parent=27141"}],"wp:term":[{"taxonomy":"product_brand","embeddable":true,"href":"https:\/\/schuhmacher-tech.de\/en\/wp-json\/wp\/v2\/product_brand?post=27141"},{"taxonomy":"product_cat","embeddable":true,"href":"https:\/\/schuhmacher-tech.de\/en\/wp-json\/wp\/v2\/product_cat?post=27141"},{"taxonomy":"product_tag","embeddable":true,"href":"https:\/\/schuhmacher-tech.de\/en\/wp-json\/wp\/v2\/product_tag?post=27141"}],"curies":[{"name":"wp","href":"https:\/\/api.w.org\/{rel}","templated":true}]}}