{"id":27128,"date":"2026-03-10T10:09:18","date_gmt":"2026-03-10T09:09:18","guid":{"rendered":"https:\/\/schuhmacher-tech.de\/product\/pqp-176-p-universelles-pumpenregelmodul-zur-kaskadenregelung-im-offenen-kreis\/"},"modified":"2026-04-10T10:36:27","modified_gmt":"2026-04-10T08:36:27","slug":"pqp-176-p-universelles-pumpenregelmodul","status":"publish","type":"product","link":"https:\/\/schuhmacher-tech.de\/en\/product\/pqp-176-p-universelles-pumpenregelmodul\/","title":{"rendered":"PQP-176-P, Universelles Pumpenregelmodul"},"content":{"rendered":"<p><span style=\"font-weight: 400;\">Das PQP-176-P ist ein universelles Pumpenregelmodul mit integrierter Leistungsendstufe. Es dient zur Schwenkwinkel-, Druck- und Leistungsregelung von Regelpumpen. Das Modul ist f\u00fcr hydraulische<\/span><\/p>\n<p><span style=\"font-weight: 400;\">Anwendungen im offenen oder geschlossenen Regelkreis konzipiert.<\/span><\/p>\n<p>&nbsp;<\/p>\n<p><b>Wichtige Eigenschaften und Merkmale des PQP-176-P:<\/b><\/p>\n<ul>\n<li><span style=\"font-weight: 400;\"> Schwenkwinkel-, Druck- und Leistungsregelung<\/span><\/li>\n<li><span style=\"font-weight: 400;\"> Frei skalierbare analoge Eing\u00e4nge<\/span><\/li>\n<li><span style=\"font-weight: 400;\"> Kompakter Aufbau<\/span><\/li>\n<li><span style=\"font-weight: 400;\"> Digitale reproduzierbare Einstellung<\/span><\/li>\n<li><span style=\"font-weight: 400;\"> Optimierte Regelfunktion<\/span><\/li>\n<li><span style=\"font-weight: 400;\"> Anwendungsorientierte Parametrierung<\/span><\/li>\n<li><span style=\"font-weight: 400;\"> Zwei Parameters\u00e4tze f\u00fcr die Druckregelung anw\u00e4hlbar<\/span><\/li>\n<li><span style=\"font-weight: 400;\"> Schwenkwinkelbegrenzungsfunktion<\/span><\/li>\n<li><span style=\"font-weight: 400;\"> Integrierte Leistungsendstufe<\/span><\/li>\n<li><span style=\"font-weight: 400;\"> Alternative analoge Stellgr\u00f6\u00dfe f\u00fcr Regelventile mit OBE<\/span><\/li>\n<li><span style=\"font-weight: 400;\"> Fehlerdiagnostik und erweiterte Funktions\u00fcberpr\u00fcfung<\/span><\/li>\n<li><span style=\"font-weight: 400;\"> Einfache Parametrierung mit der WPC-300 Software<\/span><\/li>\n<li><span style=\"font-weight: 400;\"> Das Modul kann ein Wegeventil zur Schwenkwinkelverstellung an der Pumpe ansteuern und Ventile <\/span>mit einem oder zwei Magneten steuern.<\/li>\n<li><span style=\"font-weight: 400;\">Die Endstufe kann \u00fcber einen Parameter deaktiviert werden, um den Anschluss eines Regelventils <\/span>mit integrierter Elektronik zu erm\u00f6glichen.<\/li>\n<li><span style=\"font-weight: 400;\">Die Regelstruktur ist als Kaskadenregelung ausgef\u00fchrt und f\u00fcr viele verschiedene Pumpen der <\/span>verschiedenen Hersteller geeignet.<\/li>\n<li><span style=\"font-weight: 400;\">Das Schwenken \u00fcber Null (Mooring Betrieb, aktiver Druckabbau) kann ebenfalls parametriert <\/span>werden.<\/li>\n<li><span style=\"font-weight: 400;\">Soll- und Istwerte k\u00f6nnen als Spannungs- (0&#8230;10V) oder Stromsignale (4&#8230;20mA) eingelesen <\/span>werden.<\/li>\n<li><span style=\"font-weight: 400;\">Die Eing\u00e4nge sind frei skalierbar, sodass auch individuelle Signalbereiche ausgewertet werden <\/span>k\u00f6nnen.<\/li>\n<li><span style=\"font-weight: 400;\">Der Ausgangsstrom ist geregelt und unabh\u00e4ngig von der Versorgungsspannung und dem <\/span>Magnetwiderstand.<\/li>\n<li><span style=\"font-weight: 400;\">Die Ausgangsstufen sind kurzschlussfest und werden auf Kabelbruch zum Magneten \u00fcberwacht.<\/span><\/li>\n<li><span style=\"font-weight: 400;\"> Im Fehlerfall werden die Endstufen abgeschaltet.<\/span><\/li>\n<li><span style=\"font-weight: 400;\"> Die Bedienung ist einfach und problemorientiert aufgebaut, wodurch eine kurze Einarbeitungszeit <\/span>gew\u00e4hrleistet wird.<\/li>\n<\/ul>\n<p><span style=\"font-weight: 400;\">Das Modul realisiert eine Pumpenregelung durch die Ansteuerung des Schwenkwinkelventils, wobei der Schwenkwinkel auf und zu geschwenkt werden kann, um die gew\u00fcnschte Sollposition bzw. den<\/span><\/p>\n<p><span style=\"font-weight: 400;\">gew\u00fcnschten \u00d6ffnungsgrad zu erreichen. Die externe Vorgabe kann durch verschiedene Parameter und Funktionen beeinflusst werden, wie z.B. Volumenstromkorrekturfaktor oder eine parametrierbare Begrenzungsfunktion. Die integrierte Leistungsbegrenzungsfunktion sowie der Druckregler, der als Kaskade zugeschaltet werden kann, k\u00f6nnen den Sollwert begrenzen. F\u00fcr den Fall, dass ein aktiver Druckabbau m\u00f6glich ist, kann der Druckregler auch f\u00fcr den negativen Bereich freigegeben werden.<\/span><\/p>\n<p>Zolltarif Nr. \/ HS-Code: 85371098<\/p>\n<p>Datenblatt: <a href=\"https:\/\/www.w-e-st.de\/files\/pdf\/PQP-176-P-DE.pdf\" target=\"_blank\" rel=\"noopener\">https:\/\/www.w-e-st.de\/files\/pdf\/PQP-176-P-DE.pdf<\/a><\/p>\n","protected":false},"excerpt":{"rendered":"<p>Das PQP-176-P ist ein universelles Pumpenregelmodul mit integrierter Leistungsendstufe. Es dient zur Schwenkwinkel-, Druck- und Leistungsregelung von Regelpumpen. Das Modul ist f\u00fcr hydraulische Anwendungen im offenen oder geschlossenen Regelkreis konzipiert. &nbsp; Wichtige Eigenschaften und Merkmale des PQP-176-P: Schwenkwinkel-, Druck- und Leistungsregelung Frei skalierbare analoge Eing\u00e4nge Kompakter Aufbau Digitale reproduzierbare Einstellung Optimierte Regelfunktion Anwendungsorientierte Parametrierung Zwei&hellip;<\/p>\n","protected":false},"featured_media":27129,"template":"","meta":[],"product_brand":[],"product_cat":[319,404],"product_tag":[],"class_list":{"0":"post-27128","1":"product","2":"type-product","3":"status-publish","4":"has-post-thumbnail","6":"product_cat-ansteuerelektronik","7":"product_cat-pumpenregelungen","8":"description-off","10":"first","11":"outofstock","12":"sold-individually","13":"purchasable","14":"product-type-simple"},"_links":{"self":[{"href":"https:\/\/schuhmacher-tech.de\/en\/wp-json\/wp\/v2\/product\/27128","targetHints":{"allow":["GET"]}}],"collection":[{"href":"https:\/\/schuhmacher-tech.de\/en\/wp-json\/wp\/v2\/product"}],"about":[{"href":"https:\/\/schuhmacher-tech.de\/en\/wp-json\/wp\/v2\/types\/product"}],"wp:featuredmedia":[{"embeddable":true,"href":"https:\/\/schuhmacher-tech.de\/en\/wp-json\/wp\/v2\/media\/27129"}],"wp:attachment":[{"href":"https:\/\/schuhmacher-tech.de\/en\/wp-json\/wp\/v2\/media?parent=27128"}],"wp:term":[{"taxonomy":"product_brand","embeddable":true,"href":"https:\/\/schuhmacher-tech.de\/en\/wp-json\/wp\/v2\/product_brand?post=27128"},{"taxonomy":"product_cat","embeddable":true,"href":"https:\/\/schuhmacher-tech.de\/en\/wp-json\/wp\/v2\/product_cat?post=27128"},{"taxonomy":"product_tag","embeddable":true,"href":"https:\/\/schuhmacher-tech.de\/en\/wp-json\/wp\/v2\/product_tag?post=27128"}],"curies":[{"name":"wp","href":"https:\/\/api.w.org\/{rel}","templated":true}]}}