{"id":27120,"date":"2025-08-22T10:51:44","date_gmt":"2025-08-22T08:51:44","guid":{"rendered":"https:\/\/schuhmacher-tech.de\/product\/pqp-176-p-pfn-universelles-pumpenregelmodul-mit-integrierter-leistungsendstufe-und-profinet-anbindung\/"},"modified":"2026-04-10T10:36:37","modified_gmt":"2026-04-10T08:36:37","slug":"pqp-176-p-pfn-universelles-pumpenregelmodul-mit-integrierter-leistungsendstufe-und-profinet-anbindung","status":"publish","type":"product","link":"https:\/\/schuhmacher-tech.de\/en\/product\/pqp-176-p-pfn-universelles-pumpenregelmodul-mit-integrierter-leistungsendstufe-und-profinet-anbindung\/","title":{"rendered":"PQP-179-P, Universelles Pumpenregelmodul"},"content":{"rendered":"<p><span style=\"font-weight: 400;\">Das PQP-179-P ist ein Pumpenregelmodul, das sowohl im offenen als auch im geschlossenen Kreislauf eingesetzt werden kann und \u00fcber eine integrierte Leistungsendstufe verf\u00fcgt. Optional kann ein Schieberlageregler f\u00fcr das Stellventil aktiviert werden. Es dient zur Schwenkwinkel-, Druck- und <\/span><span style=\"font-weight: 400;\">Leistungsregelung von Regelpumpen.<\/span><\/p>\n<p><span style=\"font-weight: 400;\">Wichtige Eigenschaften und Merkmale des PQP-179-P:<\/span><\/p>\n<ul>\n<li><span style=\"font-weight: 400;\"> Geeignet f\u00fcr Pumpen im offenen oder geschlossenen Kreislauf<\/span><\/li>\n<li><span style=\"font-weight: 400;\"> Schwenkwinkel-, Druck-, Leistungs- und Schieberlageregelung<\/span><\/li>\n<li><span style=\"font-weight: 400;\"> Frei skalierbare analoge Eing\u00e4nge, mit der M\u00f6glichkeit zur Erweiterung mit einer LVDT-<\/span>Baugruppe<\/li>\n<li><span style=\"font-weight: 400;\">Kompakter Aufbau<\/span><\/li>\n<li><span style=\"font-weight: 400;\"> Digitale reproduzierbare Einstellung<\/span><\/li>\n<li><span style=\"font-weight: 400;\"> Optimierte Regelfunktion<\/span><\/li>\n<li><span style=\"font-weight: 400;\"> Anwendungsorientierte Parametrierung<\/span><\/li>\n<li><span style=\"font-weight: 400;\"> Zwei Parameters\u00e4tze f\u00fcr die Druckregelung anw\u00e4hlbar<\/span><\/li>\n<li><span style=\"font-weight: 400;\"> Schwenkwinkelbegrenzungsfunktion<\/span><\/li>\n<li><span style=\"font-weight: 400;\"> Integrierte Leistungsendstufe<\/span><\/li>\n<li><span style=\"font-weight: 400;\"> Alternative analoge Stellgr\u00f6\u00dfe f\u00fcr Regelventile mit OBE<\/span><\/li>\n<li><span style=\"font-weight: 400;\"> Master-Slave-Funktion zur Ansteuerung mehrerer parallelgeschalteter Pumpen<\/span><\/li>\n<li><span style=\"font-weight: 400;\"> Fehlerdiagnostik und erweiterte Funktions\u00fcberpr\u00fcfung<\/span><\/li>\n<li><span style=\"font-weight: 400;\"> Einfache Parametrierung mit der WPC-300 Software<\/span><\/li>\n<li><span style=\"font-weight: 400;\"> Das Modul kann ein Wegeventil zur Schwenkwinkelverstellung an der Pumpe ansteuern. Es k\u00f6nnen <\/span>Ventile mit einem oder zwei Magneten gesteuert werden.<\/li>\n<li><span style=\"font-weight: 400;\">Es besteht die M\u00f6glichkeit, einen internen Schieberlageregler f\u00fcr das Stellventil zu aktivieren, der <\/span>2-magnetige Ventile mit elektrischer R\u00fcckmeldung der Schieberposition ansteuert.<\/li>\n<li><span style=\"font-weight: 400;\">Die Regelstruktur ist als Kaskadenregelung ausgef\u00fchrt und somit f\u00fcr viele verschiedene Pumpen der verschiedenen Hersteller geeignet.<\/span><\/li>\n<li><span style=\"font-weight: 400;\"> Das Schwenken \u00fcber Null ist durch die Sollwertvorgabe im negativen Bereich m\u00f6glich.<\/span><\/li>\n<li><span style=\"font-weight: 400;\"> Die Soll- und Istwerte k\u00f6nnen sowohl als Spannungssignale (0&#8230;10V) als auch als Stromsignale <\/span>(4&#8230;20mA) eingelesen werden.<\/li>\n<li><span style=\"font-weight: 400;\">Optional kann das Modul zusammen mit der Baugruppe LDT-401 betrieben werden, um den <\/span>Schwenkwinkelistwert und\/oder die Lage des Ventilschiebers einzulesen.<\/li>\n<li><span style=\"font-weight: 400;\">Der Ausgangsstrom zu den Ventilspulen ist geregelt und somit unabh\u00e4ngig von der <\/span>Versorgungsspannung und dem Magnetwiderstand.<\/li>\n<li><span style=\"font-weight: 400;\">Die Ausgangsstufen sind kurzschlussfest und werden auf Kabelbruch zum Magneten \u00fcberwacht. Im <\/span>Fehlerfall werden die Endstufen abgeschaltet.<\/li>\n<\/ul>\n","protected":false},"excerpt":{"rendered":"<p>Das PQP-179-P ist ein Pumpenregelmodul, das sowohl im offenen als auch im geschlossenen Kreislauf eingesetzt werden kann und \u00fcber eine integrierte Leistungsendstufe verf\u00fcgt. Optional kann ein Schieberlageregler f\u00fcr das Stellventil aktiviert werden. Es dient zur Schwenkwinkel-, Druck- und Leistungsregelung von Regelpumpen. Wichtige Eigenschaften und Merkmale des PQP-179-P: Geeignet f\u00fcr Pumpen im offenen oder geschlossenen Kreislauf&hellip;<\/p>\n","protected":false},"featured_media":27121,"template":"","meta":[],"product_brand":[],"product_cat":[319,404],"product_tag":[],"class_list":{"0":"post-27120","1":"product","2":"type-product","3":"status-publish","4":"has-post-thumbnail","6":"product_cat-ansteuerelektronik","7":"product_cat-pumpenregelungen","8":"description-off","10":"first","11":"instock","12":"sold-individually","13":"purchasable","14":"product-type-simple"},"_links":{"self":[{"href":"https:\/\/schuhmacher-tech.de\/en\/wp-json\/wp\/v2\/product\/27120","targetHints":{"allow":["GET"]}}],"collection":[{"href":"https:\/\/schuhmacher-tech.de\/en\/wp-json\/wp\/v2\/product"}],"about":[{"href":"https:\/\/schuhmacher-tech.de\/en\/wp-json\/wp\/v2\/types\/product"}],"wp:featuredmedia":[{"embeddable":true,"href":"https:\/\/schuhmacher-tech.de\/en\/wp-json\/wp\/v2\/media\/27121"}],"wp:attachment":[{"href":"https:\/\/schuhmacher-tech.de\/en\/wp-json\/wp\/v2\/media?parent=27120"}],"wp:term":[{"taxonomy":"product_brand","embeddable":true,"href":"https:\/\/schuhmacher-tech.de\/en\/wp-json\/wp\/v2\/product_brand?post=27120"},{"taxonomy":"product_cat","embeddable":true,"href":"https:\/\/schuhmacher-tech.de\/en\/wp-json\/wp\/v2\/product_cat?post=27120"},{"taxonomy":"product_tag","embeddable":true,"href":"https:\/\/schuhmacher-tech.de\/en\/wp-json\/wp\/v2\/product_tag?post=27120"}],"curies":[{"name":"wp","href":"https:\/\/api.w.org\/{rel}","templated":true}]}}