{"id":27088,"date":"2026-03-10T10:09:10","date_gmt":"2026-03-10T09:09:10","guid":{"rendered":"https:\/\/schuhmacher-tech.de\/product\/pos-323-p-universelle-positionierbaugruppe-mit-leistungsendstufe\/"},"modified":"2026-04-10T10:36:25","modified_gmt":"2026-04-10T08:36:25","slug":"pos-323-p-universelle-positionierbaugruppe","status":"publish","type":"product","link":"https:\/\/schuhmacher-tech.de\/en\/product\/pos-323-p-universelle-positionierbaugruppe\/","title":{"rendered":"POS-323-P, Universelle Positionierbaugruppe"},"content":{"rendered":"<p><span style=\"font-weight: 400;\">Das Produkt POS-323-P ist eine universelle Positionierbaugruppe mit Leistungsendstufe, die zur <\/span><span style=\"font-weight: 400;\">Steuerung von preiswerten hydraulischen Positionierantrieben entwickelt wurde. Dabei kommen <\/span><span style=\"font-weight: 400;\">Proportionalventile ohne integrierte Elektronik und ohne Kolbenpositionsmessung zum Einsatz.<\/span><\/p>\n<p><b>Hauptmerkmale und Eigenschaften:<\/b><\/p>\n<ul>\n<li><span style=\"font-weight: 400;\"> Analoge Positions- und Geschwindigkeitsvorgabe<\/span><\/li>\n<li><span style=\"font-weight: 400;\"> Geeignet f\u00fcr analoge Wegsensoren<\/span><\/li>\n<li><span style=\"font-weight: 400;\"> Integrierte Leistungsendstufe<\/span><\/li>\n<li><span style=\"font-weight: 400;\"> Restgeschwindigkeitsmodus (Dichtschlie\u00dfen, Schlie\u00dfen mit Kraft, Fahren mit einer definierbaren <\/span>Geschwindigkeit)<\/li>\n<li><span style=\"font-weight: 400;\">Automatische Ausgangsstrombegrenzung f\u00fcr Ex-Schutz Anwendungen<\/span><\/li>\n<li><span style=\"font-weight: 400;\"> Start-Up Assistent zur einfachen und schnellen Inbetriebnahme<\/span><\/li>\n<li><span style=\"font-weight: 400;\"> Datenvorgabe f\u00fcr die Bewegung in mm bzw. mm\/s<\/span><\/li>\n<li><span style=\"font-weight: 400;\"> Interne Profildefinition durch Vorgabe von Beschleunigungen, Geschwindigkeit und <\/span>Verz\u00f6gerungen<\/li>\n<li><span style=\"font-weight: 400;\">Wegabh\u00e4ngiges Bremsen f\u00fcr k\u00fcrzeste Hubzeiten<\/span><\/li>\n<li><span style=\"font-weight: 400;\"> NC Profilgenerator f\u00fcr konstante Geschwindigkeit<\/span><\/li>\n<li><span style=\"font-weight: 400;\"> Optimierte Regelungstechnik<\/span><\/li>\n<li><span style=\"font-weight: 400;\"> Fehlerdiagnostik und erweiterte Funktions\u00fcberpr\u00fcfung<\/span><\/li>\n<li><span style=\"font-weight: 400;\"> \u00dcberarbeitete Parametereinstellungen zur einfacheren Parametrierung mit WPC-300 Software<\/span><\/li>\n<li><span style=\"font-weight: 400;\"> Automatische Inbetriebnahme (ACA) zur Unterst\u00fctzung einer automatischen Inbetriebnahme<\/span><\/li>\n<\/ul>\n<p>&nbsp;<\/p>\n<p><b>Anwendungsbereiche:<\/b><\/p>\n<ul>\n<li><span style=\"font-weight: 400;\"> Allgemeine Positionierantriebe<\/span><\/li>\n<li><span style=\"font-weight: 400;\"> Steuerung von Prozessventilen<\/span><\/li>\n<li><span style=\"font-weight: 400;\"> Schnelle Transportantriebe<\/span><\/li>\n<li><span style=\"font-weight: 400;\"> Handhabungssysteme<\/span><\/li>\n<li><span style=\"font-weight: 400;\"> Geschwindigkeitsgeregelte Achsen<\/span><\/li>\n<li><span style=\"font-weight: 400;\"> Kopiersteuerungen<\/span><\/li>\n<\/ul>\n<p>&nbsp;<\/p>\n<p><b>Funktionsweise:<\/b><\/p>\n<p><span style=\"font-weight: 400;\">Das System unterst\u00fctzt die einfache Punkt-zu-Punkt Positionierung mit hydraulischen Antrieben. Es <\/span><span style=\"font-weight: 400;\">arbeitet nach dem Prinzip des wegabh\u00e4ngigen Bremsens, wobei die Regelverst\u00e4rkung \u00fcber die Parameter D:A und D:B (Bremsweg) eingestellt wird. Alternativ arbeitet das Modul im NC Modus mit Vorgabe der Kreisverst\u00e4rkung und einem internen Profilgenerator. Die Ansteuerung erfolgt \u00fcber Schalteing\u00e4nge, wobei nach Anlegen der Freigabe (ENABLE) im Modul die Sollposition gleich der Istposition gesetzt wird. Mit dem START-Signal wird der analoge Sollwert als neue Sollposition \u00fcbernommen.<\/span><\/p>\n<p>Zolltarif Nr. \/ HS-Code: 85371098<\/p>\n<p>Datenblatt: <a href=\"https:\/\/www.w-e-st.de\/files\/pdf\/POS-123-U-P-SSI-DE.pdf\" target=\"_blank\" rel=\"noopener\">https:\/\/www.w-e-st.de\/files\/pdf\/POS-323-P-DE.pdf<\/a><\/p>\n<p>&nbsp;<\/p>\n<p>&nbsp;<\/p>\n","protected":false},"excerpt":{"rendered":"<p>Das Produkt POS-323-P ist eine universelle Positionierbaugruppe mit Leistungsendstufe, die zur Steuerung von preiswerten hydraulischen Positionierantrieben entwickelt wurde. Dabei kommen Proportionalventile ohne integrierte Elektronik und ohne Kolbenpositionsmessung zum Einsatz. Hauptmerkmale und Eigenschaften: Analoge Positions- und Geschwindigkeitsvorgabe Geeignet f\u00fcr analoge Wegsensoren Integrierte Leistungsendstufe Restgeschwindigkeitsmodus (Dichtschlie\u00dfen, Schlie\u00dfen mit Kraft, Fahren mit einer definierbaren Geschwindigkeit) Automatische Ausgangsstrombegrenzung f\u00fcr&hellip;<\/p>\n","protected":false},"featured_media":27089,"template":"","meta":[],"product_brand":[],"product_cat":[319,403],"product_tag":[],"class_list":{"0":"post-27088","1":"product","2":"type-product","3":"status-publish","4":"has-post-thumbnail","6":"product_cat-ansteuerelektronik","7":"product_cat-positioniersteuerungen","8":"description-off","10":"first","11":"instock","12":"sold-individually","13":"purchasable","14":"product-type-simple"},"_links":{"self":[{"href":"https:\/\/schuhmacher-tech.de\/en\/wp-json\/wp\/v2\/product\/27088","targetHints":{"allow":["GET"]}}],"collection":[{"href":"https:\/\/schuhmacher-tech.de\/en\/wp-json\/wp\/v2\/product"}],"about":[{"href":"https:\/\/schuhmacher-tech.de\/en\/wp-json\/wp\/v2\/types\/product"}],"wp:featuredmedia":[{"embeddable":true,"href":"https:\/\/schuhmacher-tech.de\/en\/wp-json\/wp\/v2\/media\/27089"}],"wp:attachment":[{"href":"https:\/\/schuhmacher-tech.de\/en\/wp-json\/wp\/v2\/media?parent=27088"}],"wp:term":[{"taxonomy":"product_brand","embeddable":true,"href":"https:\/\/schuhmacher-tech.de\/en\/wp-json\/wp\/v2\/product_brand?post=27088"},{"taxonomy":"product_cat","embeddable":true,"href":"https:\/\/schuhmacher-tech.de\/en\/wp-json\/wp\/v2\/product_cat?post=27088"},{"taxonomy":"product_tag","embeddable":true,"href":"https:\/\/schuhmacher-tech.de\/en\/wp-json\/wp\/v2\/product_tag?post=27088"}],"curies":[{"name":"wp","href":"https:\/\/api.w.org\/{rel}","templated":true}]}}