{"id":27084,"date":"2025-08-22T10:51:56","date_gmt":"2025-08-22T08:51:56","guid":{"rendered":"https:\/\/schuhmacher-tech.de\/product\/pos-123-p-universelle-positionierbaugruppe-mit-integrierter-leistungsendstufe-bis-26-a\/"},"modified":"2026-04-10T10:36:18","modified_gmt":"2026-04-10T08:36:18","slug":"pos-123-p-universelle-positionierbaugruppe-mit-integrierter-leistungsendstufe-bis-26-a","status":"publish","type":"product","link":"https:\/\/schuhmacher-tech.de\/en\/product\/pos-123-p-universelle-positionierbaugruppe-mit-integrierter-leistungsendstufe-bis-26-a\/","title":{"rendered":"POS-123-P, Universelle Positionierbaugruppe"},"content":{"rendered":"<p><span style=\"font-weight: 400;\">Das Produkt POS-123-U-P-SSI ist eine universelle Positionierbaugruppe, die alternativ mit einer <\/span><span style=\"font-weight: 400;\">Leistungsendstufe oder einer SSI-Schnittstelle erh\u00e4ltlich ist. Es handelt sich um ein Elektronikmodul <\/span><span style=\"font-weight: 400;\">zur Steuerung von hydraulischen Positionierantrieben.<\/span><\/p>\n<p><span style=\"font-weight: 400;\">Hauptmerkmale und Eigenschaften:<\/span><\/p>\n<ul>\n<li><span style=\"font-weight: 400;\"> Vielseitigkeit: Das Modul ist universell einsetzbar und bietet verschiedene Optionen f\u00fcr die <\/span>Ansteuerung und Sensorik.<\/li>\n<li><span style=\"font-weight: 400;\">Analoge Positions- und Geschwindigkeitsvorgabe: Es unterst\u00fctzt eine analoge Positions- und <\/span>Geschwindigkeitsvorgabe.<\/li>\n<li><span style=\"font-weight: 400;\">Analoge Wegsensoren: Es ist geeignet f\u00fcr den Einsatz mit analogen Wegsensoren.<\/span><\/li>\n<li><span style=\"font-weight: 400;\"> Einfache Skalierung: Bietet eine einfache und intuitive Skalierung des Sensors.<\/span><\/li>\n<li><span style=\"font-weight: 400;\"> Optionaler Start-Up Assistent: Verf\u00fcgt optional \u00fcber einen Start-Up Assistenten f\u00fcr eine einfache <\/span>und schnelle Inbetriebnahme.<\/li>\n<li><span style=\"font-weight: 400;\">Datenvorgabe in physikalischen Einheiten: Die Bewegung kann in mm bzw. mm\/s vorgegeben <\/span>werden.<\/li>\n<li><span style=\"font-weight: 400;\">Interner Profilgenerator: Verf\u00fcgt \u00fcber eine interne Profildefinition durch Vorgabe von <\/span>Beschleunigungen, Geschwindigkeit und Verz\u00f6gerungen.<\/li>\n<li><span style=\"font-weight: 400;\">Wegabh\u00e4ngiges Bremsen: Nutzt das Prinzip des wegabh\u00e4ngigen Bremsens f\u00fcr k\u00fcrzeste <\/span>Hubzeiten. Alternativ kann ein NC Profilgenerator f\u00fcr konstante Geschwindigkeit genutzt werden.<\/li>\n<li><span style=\"font-weight: 400;\">Erweiterte Regelungstechnik: Bietet erweiterte Regelungstechnik mit PT1 Regler, <\/span>Driftkompensation und Feinpositionierung.<\/li>\n<li><span style=\"font-weight: 400;\"> Ventilkompatibilit\u00e4t: Optimaler Einsatz mit \u00fcberdeckten Proportionalventilen und mit <\/span>Nullschnitt Regelventilen.<\/li>\n<li><span style=\"font-weight: 400;\">Fehlerdiagnose: Bietet Fehlerdiagnostik und erweiterte Funktions\u00fcberpr\u00fcfung.<\/span><\/li>\n<li><span style=\"font-weight: 400;\"> Vereinfachte Parametrierung: Die Parametrierung wird durch die WPC-300 Software <\/span>vereinfacht.<\/li>\n<li><span style=\"font-weight: 400;\">Optionale Leistungsendstufe (P-Version): Eine integrierte Leistungsendstufe ist optional <\/span>verf\u00fcgbar.<\/li>\n<li><span style=\"font-weight: 400;\">Optionale SSI Sensorschnittstelle: Eine SSI Sensorschnittstelle f\u00fcr digitale Sensoren ist optional <\/span>erh\u00e4ltlich.<\/li>\n<\/ul>\n<p>&nbsp;<\/p>\n<p><span style=\"font-weight: 400;\">Anwendungen: Allgemeine Positionierantriebe, schnelle Transportantriebe, Handhabungssysteme, <\/span><span style=\"font-weight: 400;\">geschwindigkeitsgeregelte Achsen sowie Kopiersteuerungen.<\/span><\/p>\n<p>&nbsp;<\/p>\n<p><span style=\"font-weight: 400;\">Zusatzinformationen je nach Ausf\u00fchrung:<\/span><\/p>\n<ul>\n<li><span style=\"font-weight: 400;\"> Leistungsendstufe (P-Version):<\/span><\/li>\n<li><span style=\"font-weight: 400;\"> Integrierte Regelung: Durch die integrierte Leistungsendstufe wird ein integriertes <\/span>Regelverhalten ohne zus\u00e4tzliche Totzeiten erreicht, was zu einer h\u00f6heren Dynamik und Stabilit\u00e4t f\u00fchrt.<\/li>\n<li><span style=\"font-weight: 400;\">SSI-Schnittstelle:<\/span><\/li>\n<li><span style=\"font-weight: 400;\"> Digitale Sensoren: Erm\u00f6glicht den Einsatz mit digitalen Sensoren mit einer Signalaufl\u00f6sung <\/span>von bis zu einem \u03bcm.<\/li>\n<li><span style=\"font-weight: 400;\">Analoger Ausgang: Stellt die digitale Information als analogen Positionswert (0&#8230;10 V) zur <\/span>Verf\u00fcgung.<\/li>\n<\/ul>\n<p>&nbsp;<\/p>\n<p><b>Bestellnummern:<\/b><\/p>\n<ul>\n<li><b>POS-123-U:<\/b><span style=\"font-weight: 400;\"> Mit analogem \u00b110 V Differenzausgang oder 4&#8230;20 mA Ausgang und analoger <\/span>Sensorschnittstelle.<\/li>\n<li><b>POS-123-P:<\/b><span style=\"font-weight: 400;\"> Mit integrierter Leistungsendstufe bis 2,6 A.<\/span><\/li>\n<li><b>POS-123-U-SSI: <\/b><span style=\"font-weight: 400;\">Mit analogem \u00b110 V Differenzausgang oder 4&#8230;20 mA Ausgang, SSI <\/span>Sensorschnittstelle und 0&#8230;10 V Ausgang als Diagnosesignal f\u00fcr den SSI Sensor.<\/li>\n<\/ul>\n","protected":false},"excerpt":{"rendered":"<p>Das Produkt POS-123-U-P-SSI ist eine universelle Positionierbaugruppe, die alternativ mit einer Leistungsendstufe oder einer SSI-Schnittstelle erh\u00e4ltlich ist. Es handelt sich um ein Elektronikmodul zur Steuerung von hydraulischen Positionierantrieben. Hauptmerkmale und Eigenschaften: Vielseitigkeit: Das Modul ist universell einsetzbar und bietet verschiedene Optionen f\u00fcr die Ansteuerung und Sensorik. Analoge Positions- und Geschwindigkeitsvorgabe: Es unterst\u00fctzt eine analoge Positions-&hellip;<\/p>\n","protected":false},"featured_media":27085,"template":"","meta":[],"product_brand":[],"product_cat":[319,403],"product_tag":[],"class_list":{"0":"post-27084","1":"product","2":"type-product","3":"status-publish","4":"has-post-thumbnail","6":"product_cat-ansteuerelektronik","7":"product_cat-positioniersteuerungen","8":"description-off","10":"first","11":"outofstock","12":"sold-individually","13":"purchasable","14":"product-type-simple"},"_links":{"self":[{"href":"https:\/\/schuhmacher-tech.de\/en\/wp-json\/wp\/v2\/product\/27084","targetHints":{"allow":["GET"]}}],"collection":[{"href":"https:\/\/schuhmacher-tech.de\/en\/wp-json\/wp\/v2\/product"}],"about":[{"href":"https:\/\/schuhmacher-tech.de\/en\/wp-json\/wp\/v2\/types\/product"}],"wp:featuredmedia":[{"embeddable":true,"href":"https:\/\/schuhmacher-tech.de\/en\/wp-json\/wp\/v2\/media\/27085"}],"wp:attachment":[{"href":"https:\/\/schuhmacher-tech.de\/en\/wp-json\/wp\/v2\/media?parent=27084"}],"wp:term":[{"taxonomy":"product_brand","embeddable":true,"href":"https:\/\/schuhmacher-tech.de\/en\/wp-json\/wp\/v2\/product_brand?post=27084"},{"taxonomy":"product_cat","embeddable":true,"href":"https:\/\/schuhmacher-tech.de\/en\/wp-json\/wp\/v2\/product_cat?post=27084"},{"taxonomy":"product_tag","embeddable":true,"href":"https:\/\/schuhmacher-tech.de\/en\/wp-json\/wp\/v2\/product_tag?post=27084"}],"curies":[{"name":"wp","href":"https:\/\/api.w.org\/{rel}","templated":true}]}}