{"id":27076,"date":"2026-03-10T10:09:18","date_gmt":"2026-03-10T09:09:18","guid":{"rendered":"https:\/\/schuhmacher-tech.de\/product\/pam-193-l-leistungsverstaerker-fuer-wegeventile-strombereich-065-a-und-13-a\/"},"modified":"2026-04-10T10:36:28","modified_gmt":"2026-04-10T08:36:28","slug":"pam-193-l-leistungsverstaerker","status":"publish","type":"product","link":"https:\/\/schuhmacher-tech.de\/en\/product\/pam-193-l-leistungsverstaerker\/","title":{"rendered":"PAM-193-L Leistungsverst\u00e4rker"},"content":{"rendered":"<p><span style=\"font-weight: 400;\">Das Produkt PAM-193-P\/PAM-193-L ist ein Leistungsverst\u00e4rker f\u00fcr Wegeventile. Hier sind die<\/span><\/p>\n<p><span style=\"font-weight: 400;\">wichtigsten Eigenschaften und Merkmale zusammengefasst:<\/span><\/p>\n<p><strong> Bestellnummer:<\/strong><\/p>\n<ul>\n<li><span style=\"font-weight: 400;\"> PAM-193-P &#8211; Leistungsverst\u00e4rker f\u00fcr Wegeventile (Strombereiche: 1,2 A und 2,6 A)<\/span><\/li>\n<li><span style=\"font-weight: 400;\"> PAM-193-L &#8211; Leistungsverst\u00e4rker f\u00fcr Wegeventile (Strombereiche: 0,6 A und 1,2 A)<\/span><\/li>\n<li><span style=\"font-weight: 400;\"> Ansteuerung: Der Verst\u00e4rker kann \u00fcber verschiedene Spannungs- oder Stromsignale angesteuert <\/span>werden. Die Ansteuerung erfolgt \u00fcber ein analoges Signal (von der SPS, einem Joystick oder einem Potentiometer). Ein ENABLE-Signal (24 V typisch) aktiviert die Funktionen, und bei fehlerfreiem Betrieb wird dies \u00fcber einen READY-Ausgang zur\u00fcckgemeldet.<\/li>\n<li><span style=\"font-weight: 400;\"> Ausgangsstrom: Der Ausgangsstrom ist geregelt und somit von der Versorgungsspannung und dem <\/span>Magnetwiderstand unabh\u00e4ngig. Der Ausgangsstrom ist kabelbruch- und kurzschluss\u00fcberwacht.<\/li>\n<\/ul>\n<p><span style=\"font-weight: 400;\"> Parametrierung:<\/span><\/p>\n<ul>\n<li><span style=\"font-weight: 400;\"> Einstellbar \u00fcber Potentiometer<\/span><\/li>\n<li><span style=\"font-weight: 400;\"> Freie Parametrierung von Rampen, MIN und MAX, Dither bzw. PWM Frequenz<\/span><\/li>\n<li><span style=\"font-weight: 400;\"> Anpassung: \u00dcber Potentiometer und DIL-Schalter kann dieses Ger\u00e4t an Proportionalventile der <\/span>verschiedenen Hersteller angepasst werden. Es lassen sich alle handels\u00fcblichenProportionalventile (bis 2,6 A) mit diesem Leistungsverst\u00e4rker ansteuern.<\/li>\n<li><span style=\"font-weight: 400;\"> Signaleingangsbereich: F\u00fcr die verschiedensten Spannungs- und Stromsignalbereiche<\/span><\/li>\n<li><span style=\"font-weight: 400;\"> Kompakter Aufbau<\/span><\/li>\n<li><span style=\"font-weight: 400;\"> LED-Anzeigen: LEDs zeigen den Betriebszustand und Fehler an<\/span><\/li>\n<li><span style=\"font-weight: 400;\"> Typische Systemstruktur: Das System besteht aus Proportionalventil, Hydraulikzylinder, <\/span>Leistungsverst\u00e4rker PAM-193 und Schnittstelle zur SPS mit analogen und digitalen Signalen.<\/li>\n<\/ul>\n<p><span style=\"font-weight: 400;\">Typische Anwendungen: Stromgeregelte Ansteuerung von Wege-, Drossel- oder Druckventilen.<\/span><\/p>\n<p>Zolltarif Nr. \/ HS-Code no.: 85437090<\/p>\n<p>Datenblatt: <a href=\"https:\/\/www.w-e-st.de\/files\/pdf\/PAM-193-P-L-DE.pdf\" target=\"_blank\" rel=\"noopener\">https:\/\/www.w-e-st.de\/files\/pdf\/PAM-193-P-L-DE.pdf<\/a><\/p>\n","protected":false},"excerpt":{"rendered":"<p>Das Produkt PAM-193-P\/PAM-193-L ist ein Leistungsverst\u00e4rker f\u00fcr Wegeventile. Hier sind die wichtigsten Eigenschaften und Merkmale zusammengefasst: Bestellnummer: PAM-193-P &#8211; Leistungsverst\u00e4rker f\u00fcr Wegeventile (Strombereiche: 1,2 A und 2,6 A) PAM-193-L &#8211; Leistungsverst\u00e4rker f\u00fcr Wegeventile (Strombereiche: 0,6 A und 1,2 A) Ansteuerung: Der Verst\u00e4rker kann \u00fcber verschiedene Spannungs- oder Stromsignale angesteuert werden. Die Ansteuerung erfolgt \u00fcber ein&hellip;<\/p>\n","protected":false},"featured_media":27077,"template":"","meta":[],"product_brand":[],"product_cat":[319,401],"product_tag":[],"class_list":{"0":"post-27076","1":"product","2":"type-product","3":"status-publish","4":"has-post-thumbnail","6":"product_cat-ansteuerelektronik","7":"product_cat-leistungsverstaerker","8":"description-off","10":"first","11":"outofstock","12":"sold-individually","13":"purchasable","14":"product-type-simple"},"_links":{"self":[{"href":"https:\/\/schuhmacher-tech.de\/en\/wp-json\/wp\/v2\/product\/27076","targetHints":{"allow":["GET"]}}],"collection":[{"href":"https:\/\/schuhmacher-tech.de\/en\/wp-json\/wp\/v2\/product"}],"about":[{"href":"https:\/\/schuhmacher-tech.de\/en\/wp-json\/wp\/v2\/types\/product"}],"wp:featuredmedia":[{"embeddable":true,"href":"https:\/\/schuhmacher-tech.de\/en\/wp-json\/wp\/v2\/media\/27077"}],"wp:attachment":[{"href":"https:\/\/schuhmacher-tech.de\/en\/wp-json\/wp\/v2\/media?parent=27076"}],"wp:term":[{"taxonomy":"product_brand","embeddable":true,"href":"https:\/\/schuhmacher-tech.de\/en\/wp-json\/wp\/v2\/product_brand?post=27076"},{"taxonomy":"product_cat","embeddable":true,"href":"https:\/\/schuhmacher-tech.de\/en\/wp-json\/wp\/v2\/product_cat?post=27076"},{"taxonomy":"product_tag","embeddable":true,"href":"https:\/\/schuhmacher-tech.de\/en\/wp-json\/wp\/v2\/product_tag?post=27076"}],"curies":[{"name":"wp","href":"https:\/\/api.w.org\/{rel}","templated":true}]}}