{"id":27070,"date":"2026-03-10T10:09:18","date_gmt":"2026-03-10T09:09:18","guid":{"rendered":"https:\/\/schuhmacher-tech.de\/product\/pam-199-p-pfn-universeller-leistungsverstaerker-mit-profinetio-schnittstelle\/"},"modified":"2026-04-10T10:36:28","modified_gmt":"2026-04-10T08:36:28","slug":"pam-199-p-pfn-universeller-leistungsverstaerker","status":"publish","type":"product","link":"https:\/\/schuhmacher-tech.de\/en\/product\/pam-199-p-pfn-universeller-leistungsverstaerker\/","title":{"rendered":"PAM-199-P-PFN, Universeller Leistungsverst\u00e4rker"},"content":{"rendered":"<p><span style=\"font-weight: 400;\">Das Produkt PAM-199-P-PFN ist ein universeller Leistungsverst\u00e4rker zur Ansteuerung von <\/span><span style=\"font-weight: 400;\">Wegeventilen oder zwei Druck- oder Drosselventilen mit jeweils einem Magneten. Hier sind die <\/span><span style=\"font-weight: 400;\">wichtigsten Eigenschaften und Merkmale zusammengefasst:<\/span><\/p>\n<ul>\n<li><span style=\"font-weight: 400;\"> Bestellnummer: PAM-199-P-PFN<\/span><\/li>\n<li><span style=\"font-weight: 400;\"> Schnittstelle: PROFINET IO<\/span><\/li>\n<li><span style=\"font-weight: 400;\"> Funktionsweise: Der Sollwert wird \u00fcber PROFINET vorgegeben. Die Endstufe und<\/span><\/li>\n<\/ul>\n<p><span style=\"font-weight: 400;\">Rampenfunktion wird \u00fcber ein ENABLE-Signal freigeschaltet, das sich aus einer <\/span><span style=\"font-weight: 400;\">Hardwarefreigabe (Schalteingang) und einer Softwarefreigabe (PROFINET Bit) zusammensetzt. <\/span><span style=\"font-weight: 400;\">Ein fehlerfreier Betrieb wird \u00fcber ein READY-Signal (Schaltausgang und PROFINET Bit) <\/span><span style=\"font-weight: 400;\">zur\u00fcckgemeldet.<\/span><\/p>\n<ul>\n<li><span style=\"font-weight: 400;\"> Funktionsmodi: Umschaltung zwischen den Funktionsmodi 195 und 196 m\u00f6glich.<\/span><\/li>\n<li><span style=\"font-weight: 400;\"> Modus 195: Ansteuerung eines Wegeventils mit zwei Magneten. Es wird ein Sollwert von <\/span>\u00b1100% vorgegeben. Im Fehlerfall ist das Ger\u00e4t deaktiviert.<\/li>\n<li><span style=\"font-weight: 400;\"> Modus 196: Ansteuerung von zwei Ventilen mit einem Magneten (Druck- oder <\/span>Drosselventile). Es werden zwei Sollwerte von 0&#8230;100% vorgegeben, wobei jeder Kanal ein eigenes ENABLE Bit vom PROFINET hat, sodass beide Kan\u00e4le unabh\u00e4ngig voneinander betrieben werden k\u00f6nnen. Bei einem Magnetfehler wird nur der fehlerhafte Kanal deaktiviert.<\/li>\n<li><span style=\"font-weight: 400;\"> Ausgangsstrom: Der Ausgangsstrom ist geregelt und daher unabh\u00e4ngig von der Stromversorgung <\/span>und dem Magnetwiderstand. Die Endstufe wird auf Kabelbruch \u00fcberwacht, ist kurzschlussfest und schaltet die Leistungsendstufe im Fehlerfall ab.<\/li>\n<\/ul>\n<p><span style=\"font-weight: 400;\"> Parametrierung:<\/span><\/p>\n<ul>\n<li><span style=\"font-weight: 400;\"> Digitale, reproduzierbare Einstellungen.<\/span><\/li>\n<li><span style=\"font-weight: 400;\"> Freie Parametrierung von RAMP, MIN und MAX, Dither (Frequenz, Amplitude) und <\/span>PWM-Frequenz.<\/li>\n<li><span style=\"font-weight: 400;\"> Kennlinienlinearisierung \u00fcber 10 XY-Punkte pro Richtung.<\/span><\/li>\n<li><span style=\"font-weight: 400;\"> Anwendungsorientierte Parametrierung mit WPC-Software.<\/span><\/li>\n<li><span style=\"font-weight: 400;\"> Parametrierung \u00fcber den PROFINET Bus m\u00f6glich.<\/span><\/li>\n<li><span style=\"font-weight: 400;\"> Anpassung: Alle typischen Proportionalventile der verschiedenen Hersteller k\u00f6nnen angesteuert <\/span>werden (BOSCH REXROTH, BUCHER, DUPLOMATIC, PARKER &#8230;).<\/li>\n<li><span style=\"font-weight: 400;\"> LED-Anzeigen: LEDs zur Anzeige des Betriebszustands und von Fehlern.<\/span><\/li>\n<\/ul>\n<p><b>Typische Anwendungen:<\/b><span style=\"font-weight: 400;\"> Steuerung von Wege-, Drossel- und Druckventilen, die eine flexible Anpassung ben\u00f6tigen. Hydraulische Anwendungen im offenen oder geschlossenen Regelkreis.<\/span><\/p>\n<p>Zolltarif Nr. \/ HS-Code: 85437090<\/p>\n<p>Datenblatt: <a href=\"https:\/\/www.w-e-st.de\/files\/pdf\/PAM-199-P-PFN-DE.pdf\" target=\"_blank\" rel=\"noopener\">https:\/\/www.w-e-st.de\/files\/pdf\/PAM-199-P-PFN-DE.pdf<\/a><\/p>\n","protected":false},"excerpt":{"rendered":"<p>Das Produkt PAM-199-P-PFN ist ein universeller Leistungsverst\u00e4rker zur Ansteuerung von Wegeventilen oder zwei Druck- oder Drosselventilen mit jeweils einem Magneten. Hier sind die wichtigsten Eigenschaften und Merkmale zusammengefasst: Bestellnummer: PAM-199-P-PFN Schnittstelle: PROFINET IO Funktionsweise: Der Sollwert wird \u00fcber PROFINET vorgegeben. Die Endstufe und Rampenfunktion wird \u00fcber ein ENABLE-Signal freigeschaltet, das sich aus einer Hardwarefreigabe (Schalteingang)&hellip;<\/p>\n","protected":false},"featured_media":27071,"template":"","meta":[],"product_brand":[],"product_cat":[319,401],"product_tag":[],"class_list":{"0":"post-27070","1":"product","2":"type-product","3":"status-publish","4":"has-post-thumbnail","6":"product_cat-ansteuerelektronik","7":"product_cat-leistungsverstaerker","8":"description-off","10":"first","11":"outofstock","12":"sold-individually","13":"purchasable","14":"product-type-simple"},"_links":{"self":[{"href":"https:\/\/schuhmacher-tech.de\/en\/wp-json\/wp\/v2\/product\/27070","targetHints":{"allow":["GET"]}}],"collection":[{"href":"https:\/\/schuhmacher-tech.de\/en\/wp-json\/wp\/v2\/product"}],"about":[{"href":"https:\/\/schuhmacher-tech.de\/en\/wp-json\/wp\/v2\/types\/product"}],"wp:featuredmedia":[{"embeddable":true,"href":"https:\/\/schuhmacher-tech.de\/en\/wp-json\/wp\/v2\/media\/27071"}],"wp:attachment":[{"href":"https:\/\/schuhmacher-tech.de\/en\/wp-json\/wp\/v2\/media?parent=27070"}],"wp:term":[{"taxonomy":"product_brand","embeddable":true,"href":"https:\/\/schuhmacher-tech.de\/en\/wp-json\/wp\/v2\/product_brand?post=27070"},{"taxonomy":"product_cat","embeddable":true,"href":"https:\/\/schuhmacher-tech.de\/en\/wp-json\/wp\/v2\/product_cat?post=27070"},{"taxonomy":"product_tag","embeddable":true,"href":"https:\/\/schuhmacher-tech.de\/en\/wp-json\/wp\/v2\/product_tag?post=27070"}],"curies":[{"name":"wp","href":"https:\/\/api.w.org\/{rel}","templated":true}]}}