{"id":27065,"date":"2026-03-10T10:09:18","date_gmt":"2026-03-10T09:09:18","guid":{"rendered":"https:\/\/schuhmacher-tech.de\/product\/pam-190-p-io-steckerverstaerker-fuer-proportionalventile-mit-io-link-schnittstelle\/"},"modified":"2026-04-10T10:36:28","modified_gmt":"2026-04-10T08:36:28","slug":"pam-190-p-io-steckerverstaerker","status":"publish","type":"product","link":"https:\/\/schuhmacher-tech.de\/en\/product\/pam-190-p-io-steckerverstaerker\/","title":{"rendered":"PAM-190-P-IO Steckerverst\u00e4rker"},"content":{"rendered":"<p><span style=\"font-weight: 400;\">Das Produkt PAM-190-P-IO ist ein kompakter und preiswerter Steckerverst\u00e4rker bzw. <\/span><span style=\"font-weight: 400;\">Leistungsverst\u00e4rker zur Ansteuerung von Proportionalventilen mit einem Magneten. Es zeichnet <\/span><span style=\"font-weight: 400;\">sich durch eine I\/O-Link Schnittstelle aus. <\/span><\/p>\n<p><span style=\"font-weight: 400;\">Hier sind die wichtigsten Eigenschaften und Merkmale <\/span><span style=\"font-weight: 400;\">zusammengefasst:<\/span><\/p>\n<ul>\n<li><span style=\"font-weight: 400;\"> Bestellnummer: PAM-190-P-IO &#8211; Leistungsverst\u00e4rker f\u00fcr Proportionalventile mit I\/O \u2013 Link <\/span>Schnittstelle \u00fcber einen M12-Steckverbinder.<\/li>\n<li><span style=\"font-weight: 400;\"> Geh\u00e4use: Steckergeh\u00e4use gem\u00e4\u00df DIN EN 175 301-803 A zur direkten Montage auf das Ventil.<\/span><\/li>\n<li><span style=\"font-weight: 400;\"> I\/O-Link: Port Class B gem\u00e4\u00df Spezifikation V1.1 mit Datenrate COM3 = 230,4 kBaud und interner <\/span>galvanischer Trennung der Zusatzversorgungsspannung.<\/li>\n<li><span style=\"font-weight: 400;\"> Ausgangsstrom: Geregelter Ausgangsstrom, unabh\u00e4ngig von der Versorgungsspannung und dem <\/span>Magnetwiderstand. Der Ausgangsstrom ist bis maximal 2,5 A parametrierbar.<br \/>\n<span style=\"font-weight: 400;\"><br \/>\nParametrierung:<\/span><\/li>\n<\/ul>\n<ul>\n<li><span style=\"font-weight: 400;\"> Digitale, reproduzierbare Einstellungen.<\/span><\/li>\n<li><span style=\"font-weight: 400;\"> Freie Parametrierung von Rampen, MIN und MAX, Dither (Frequenz, Amplitude) und <\/span>PWM Frequenz.<\/li>\n<li><span style=\"font-weight: 400;\"> Parametrierbar \u00fcber I\/O-Link.<\/span><\/li>\n<li><span style=\"font-weight: 400;\"> Anpassung: Anpassbar an alle Standard Proportionalventile.\n<p><\/span>Weitere Merkmale:<\/li>\n<li><span style=\"font-weight: 400;\"> Auch als Soft-Switch-Verst\u00e4rker (weiches Ein- und Ausschalten) einsetzbar.<\/span><\/li>\n<li><span style=\"font-weight: 400;\"> M12 Stecker.<\/span><\/li>\n<li><span style=\"font-weight: 400;\"> \u00dcberwachung: \u00dcberwacht Fehlerquellen wie Kabelbruch, Kurzschluss, EEPROM-Datenfehler, <\/span>Temperatur und Unterspannung.<\/li>\n<li><span style=\"font-weight: 400;\"> Anschl\u00fcsse: M12, 5-polig (DESINA Standard).<\/span><\/li>\n<\/ul>\n<p><b>Typische Anwendungen:<\/b><span style=\"font-weight: 400;\"> Stromgeregelte Ansteuerung von Drossel- oder Druckventilen sowie von<\/span><\/p>\n<p><span style=\"font-weight: 400;\">allgemeinen induktiven Lasten.<\/span><\/p>\n<p>Zolltarif Nr. \/ HS-Code: 85437090<\/p>\n<p>Datenblatt: <a href=\"https:\/\/www.w-e-st.de\/files\/pdf\/PAM-190-P-IO-DE.pdf\" target=\"_blank\" rel=\"noopener\">https:\/\/www.w-e-st.de\/files\/pdf\/PAM-190-P-IO-DE.pdf<\/a><\/p>\n","protected":false},"excerpt":{"rendered":"<p>Das Produkt PAM-190-P-IO ist ein kompakter und preiswerter Steckerverst\u00e4rker bzw. Leistungsverst\u00e4rker zur Ansteuerung von Proportionalventilen mit einem Magneten. Es zeichnet sich durch eine I\/O-Link Schnittstelle aus. Hier sind die wichtigsten Eigenschaften und Merkmale zusammengefasst: Bestellnummer: PAM-190-P-IO &#8211; Leistungsverst\u00e4rker f\u00fcr Proportionalventile mit I\/O \u2013 Link Schnittstelle \u00fcber einen M12-Steckverbinder. Geh\u00e4use: Steckergeh\u00e4use gem\u00e4\u00df DIN EN 175 301-803&hellip;<\/p>\n","protected":false},"featured_media":27063,"template":"","meta":[],"product_brand":[],"product_cat":[319,401],"product_tag":[],"class_list":{"0":"post-27065","1":"product","2":"type-product","3":"status-publish","4":"has-post-thumbnail","6":"product_cat-ansteuerelektronik","7":"product_cat-leistungsverstaerker","8":"description-off","10":"first","11":"instock","12":"sold-individually","13":"purchasable","14":"product-type-simple"},"_links":{"self":[{"href":"https:\/\/schuhmacher-tech.de\/en\/wp-json\/wp\/v2\/product\/27065","targetHints":{"allow":["GET"]}}],"collection":[{"href":"https:\/\/schuhmacher-tech.de\/en\/wp-json\/wp\/v2\/product"}],"about":[{"href":"https:\/\/schuhmacher-tech.de\/en\/wp-json\/wp\/v2\/types\/product"}],"wp:featuredmedia":[{"embeddable":true,"href":"https:\/\/schuhmacher-tech.de\/en\/wp-json\/wp\/v2\/media\/27063"}],"wp:attachment":[{"href":"https:\/\/schuhmacher-tech.de\/en\/wp-json\/wp\/v2\/media?parent=27065"}],"wp:term":[{"taxonomy":"product_brand","embeddable":true,"href":"https:\/\/schuhmacher-tech.de\/en\/wp-json\/wp\/v2\/product_brand?post=27065"},{"taxonomy":"product_cat","embeddable":true,"href":"https:\/\/schuhmacher-tech.de\/en\/wp-json\/wp\/v2\/product_cat?post=27065"},{"taxonomy":"product_tag","embeddable":true,"href":"https:\/\/schuhmacher-tech.de\/en\/wp-json\/wp\/v2\/product_tag?post=27065"}],"curies":[{"name":"wp","href":"https:\/\/api.w.org\/{rel}","templated":true}]}}