{"id":27060,"date":"2025-08-22T10:52:00","date_gmt":"2025-08-22T08:52:00","guid":{"rendered":"https:\/\/schuhmacher-tech.de\/product\/druckreduzierventil-zdr-10-da2-5x-75y-r900438008\/"},"modified":"2025-08-22T10:52:02","modified_gmt":"2025-08-22T08:52:02","slug":"druckreduzierventil-zdr-10-da2-5x-75y-r900438008","status":"publish","type":"product","link":"https:\/\/schuhmacher-tech.de\/en\/product\/druckreduzierventil-zdr-10-da2-5x-75y-r900438008\/","title":{"rendered":"Druckreduzierventil &#8211; ZDR 10 DA2-5X\/75Y &#8211; R900438008"},"content":{"rendered":"<div id=\"cntHeadline\" class=\"cntBox col12\" style=\"box-sizing: inherit; padding: 0px; width: 734px; font-size: 13px; clear: none; float: left; vertical-align: top; position: relative; font-family: Arial; margin: 0px 0px 10px !important 10px;\">\n<h1>Druckreduzierventil, direktgesteuert<\/h1>\n<h1>ZDR 10 D<\/h1>\n<p>&nbsp;<\/p>\n<ul>\n<li>Nenngr\u00f6\u00dfe 10<\/li>\n<li style=\"box-sizing: inherit; width: auto;\">Ger\u00e4teserie 5X<\/li>\n<li style=\"box-sizing: inherit; width: auto;\">Maximaler Betriebsdruck 210 bar<\/li>\n<li style=\"box-sizing: inherit; width: auto;\">Maximaler Volumenstrom 80 l\/min<\/li>\n<\/ul>\n<\/div>\n","protected":false},"excerpt":{"rendered":"<p>Druckreduzierventil, direktgesteuert ZDR 10 D &nbsp; Nenngr\u00f6\u00dfe 10 Ger\u00e4teserie 5X Maximaler Betriebsdruck 210 bar Maximaler Volumenstrom 80 l\/min<\/p>\n","protected":false},"featured_media":27061,"template":"","meta":[],"product_brand":[],"product_cat":[317],"product_tag":[],"class_list":{"0":"post-27060","1":"product","2":"type-product","3":"status-publish","4":"has-post-thumbnail","6":"product_cat-stromregelventile","7":"description-off","9":"first","10":"outofstock","11":"sold-individually","12":"purchasable","13":"product-type-simple"},"_links":{"self":[{"href":"https:\/\/schuhmacher-tech.de\/en\/wp-json\/wp\/v2\/product\/27060","targetHints":{"allow":["GET"]}}],"collection":[{"href":"https:\/\/schuhmacher-tech.de\/en\/wp-json\/wp\/v2\/product"}],"about":[{"href":"https:\/\/schuhmacher-tech.de\/en\/wp-json\/wp\/v2\/types\/product"}],"wp:featuredmedia":[{"embeddable":true,"href":"https:\/\/schuhmacher-tech.de\/en\/wp-json\/wp\/v2\/media\/27061"}],"wp:attachment":[{"href":"https:\/\/schuhmacher-tech.de\/en\/wp-json\/wp\/v2\/media?parent=27060"}],"wp:term":[{"taxonomy":"product_brand","embeddable":true,"href":"https:\/\/schuhmacher-tech.de\/en\/wp-json\/wp\/v2\/product_brand?post=27060"},{"taxonomy":"product_cat","embeddable":true,"href":"https:\/\/schuhmacher-tech.de\/en\/wp-json\/wp\/v2\/product_cat?post=27060"},{"taxonomy":"product_tag","embeddable":true,"href":"https:\/\/schuhmacher-tech.de\/en\/wp-json\/wp\/v2\/product_tag?post=27060"}],"curies":[{"name":"wp","href":"https:\/\/api.w.org\/{rel}","templated":true}]}}