{"id":28319,"date":"2026-03-09T17:43:59","date_gmt":"2026-03-09T16:43:59","guid":{"rendered":"https:\/\/schuhmacher-tech.de\/?page_id=28319"},"modified":"2026-03-09T18:42:31","modified_gmt":"2026-03-09T17:42:31","slug":"hydraulik-defence","status":"publish","type":"page","link":"https:\/\/schuhmacher-tech.de\/en\/hydraulik-defence\/","title":{"rendered":"Sicherheit &#038; Verteidigung: Hydraulik-L\u00f6sungen &amp; Condition Monitoring"},"content":{"rendered":"\t\t<div data-elementor-type=\"wp-page\" data-elementor-id=\"28319\" class=\"elementor elementor-28319\" data-elementor-post-type=\"page\">\n\t\t\t\t\t\t<section class=\"elementor-section elementor-top-section elementor-element elementor-element-3471ea0 elementor-section-full_width elementor-section-height-min-height elementor-section-items-top elementor-section-content-middle elementor-section-stretched elementor-section-height-default\" data-id=\"3471ea0\" data-element_type=\"section\" data-settings=\"{&quot;background_background&quot;:&quot;classic&quot;,&quot;stretch_section&quot;:&quot;section-stretched&quot;}\">\n\t\t\t\t\t\t\t<div class=\"elementor-background-overlay\"><\/div>\n\t\t\t\t\t\t\t<div class=\"elementor-container elementor-column-gap-wide\">\n\t\t\t\t\t<div class=\"elementor-column elementor-col-100 elementor-top-column elementor-element elementor-element-fbbb252\" data-id=\"fbbb252\" data-element_type=\"column\">\n\t\t\t<div class=\"elementor-widget-wrap elementor-element-populated\">\n\t\t\t\t\t\t<div class=\"elementor-element elementor-element-7413cf2 elementor-widget elementor-widget-heading\" data-id=\"7413cf2\" data-element_type=\"widget\" data-widget_type=\"heading.default\">\n\t\t\t\t<div class=\"elementor-widget-container\">\n\t\t\t\t\t<h1 class=\"elementor-heading-title elementor-size-default\">HydraulikKomponenten \/ -Systeme f\u00fcr die Verteidigung &amp; Milit\u00e4rtechnik <\/h1>\t\t\t\t<\/div>\n\t\t\t\t<\/div>\n\t\t\t\t<div class=\"elementor-element elementor-element-fe15fb8 elementor-align-center elementor-widget elementor-widget-button\" data-id=\"fe15fb8\" data-element_type=\"widget\" data-widget_type=\"button.default\">\n\t\t\t\t<div class=\"elementor-widget-container\">\n\t\t\t\t\t\t\t\t\t<div class=\"elementor-button-wrapper\">\n\t\t\t\t\t<a class=\"elementor-button elementor-button-link elementor-size-sm\" href=\"\/kontakt\">\n\t\t\t\t\t\t<span class=\"elementor-button-content-wrapper\">\n\t\t\t\t\t\t\t\t\t<span class=\"elementor-button-text\">Jetzt Einsatzbereitschaft sichern<\/span>\n\t\t\t\t\t<\/span>\n\t\t\t\t\t<\/a>\n\t\t\t\t<\/div>\n\t\t\t\t\t\t\t\t<\/div>\n\t\t\t\t<\/div>\n\t\t\t\t\t<\/div>\n\t\t<\/div>\n\t\t\t\t\t<\/div>\n\t\t<\/section>\n\t\t\t\t<section class=\"elementor-section elementor-top-section elementor-element elementor-element-ecd2aa3 elementor-section-boxed elementor-section-height-default elementor-section-height-default\" data-id=\"ecd2aa3\" data-element_type=\"section\">\n\t\t\t\t\t\t<div class=\"elementor-container elementor-column-gap-default\">\n\t\t\t\t\t<div class=\"elementor-column elementor-col-100 elementor-top-column elementor-element elementor-element-01791b5\" data-id=\"01791b5\" data-element_type=\"column\">\n\t\t\t<div class=\"elementor-widget-wrap elementor-element-populated\">\n\t\t\t\t\t\t<div class=\"elementor-element elementor-element-6ad9d0a elementor-widget elementor-widget-heading\" data-id=\"6ad9d0a\" data-element_type=\"widget\" data-widget_type=\"heading.default\">\n\t\t\t\t<div class=\"elementor-widget-container\">\n\t\t\t\t\t<h3 class=\"elementor-heading-title elementor-size-default\">Schuhmacher Technologies: Ihr Partner f\u00fcr einsatzkritische Hydrauliksysteme\n<\/h3>\t\t\t\t<\/div>\n\t\t\t\t<\/div>\n\t\t\t\t<div class=\"elementor-element elementor-element-18f59d8 elementor-widget elementor-widget-text-editor\" data-id=\"18f59d8\" data-element_type=\"widget\" data-widget_type=\"text-editor.default\">\n\t\t\t\t<div class=\"elementor-widget-container\">\n\t\t\t\t\t\t\t\t\t<p style=\"text-align: center;\">Milit\u00e4rische Hydrauliksysteme unterliegen extremen Anforderungen: wechselnde Klimazonen, lange Standzeiten, hohe Lastwechsel, Staub, Feuchtigkeit und permanente Einsatzbereitschaft. Ob in gesch\u00fctzten Fahrzeugen, Marinesystemen, station\u00e4ren Energieanlagen oder logistischen Einrichtungen \u2013 die Zuverl\u00e4ssigkeit der Hydraulik entscheidet \u00fcber die Verf\u00fcgbarkeit des Gesamtsystems.<br \/>Schuhmacher Technologies &amp; Hydraulics liefert genau die Komponenten und Systeme, auf die es in diesen Situationen ankommt. Als Premiumlieferant f\u00fcr hydraulische Komponenten kombinieren wir Produkt-Kompetenz, Systemverst\u00e4ndnis und langj\u00e4hrige Erfahrung in anspruchsvollen Anwendungen \u2013 auch im Defence-Umfeld.<\/p>\t\t\t\t\t\t\t\t<\/div>\n\t\t\t\t<\/div>\n\t\t\t\t\t<\/div>\n\t\t<\/div>\n\t\t\t\t\t<\/div>\n\t\t<\/section>\n\t\t\t\t<section class=\"elementor-section elementor-top-section elementor-element elementor-element-ef3125b elementor-section-boxed elementor-section-height-default elementor-section-height-default\" data-id=\"ef3125b\" data-element_type=\"section\">\n\t\t\t\t\t\t<div class=\"elementor-container elementor-column-gap-default\">\n\t\t\t\t\t<div class=\"elementor-column elementor-col-100 elementor-top-column elementor-element elementor-element-0dcc0e8\" data-id=\"0dcc0e8\" data-element_type=\"column\">\n\t\t\t<div class=\"elementor-widget-wrap elementor-element-populated\">\n\t\t\t\t\t\t<div class=\"elementor-element elementor-element-f691129 elementor-widget elementor-widget-heading\" data-id=\"f691129\" data-element_type=\"widget\" data-widget_type=\"heading.default\">\n\t\t\t\t<div class=\"elementor-widget-container\">\n\t\t\t\t\t<h3 class=\"elementor-heading-title elementor-size-default\">Unsere Leistungsbereiche im Defence-Segment<\/h3>\t\t\t\t<\/div>\n\t\t\t\t<\/div>\n\t\t\t\t<div class=\"elementor-element elementor-element-31e614b elementor-widget elementor-widget-text-editor\" data-id=\"31e614b\" data-element_type=\"widget\" data-widget_type=\"text-editor.default\">\n\t\t\t\t<div class=\"elementor-widget-container\">\n\t\t\t\t\t\t\t\t\t<p style=\"text-align: center;\">Je nach Anwendungsfall und Instandhaltungsstrategie stehen vier spezialisierte Kompetenzbereiche zur Verf\u00fcgung:<\/p>\t\t\t\t\t\t\t\t<\/div>\n\t\t\t\t<\/div>\n\t\t\t\t\t<\/div>\n\t\t<\/div>\n\t\t\t\t\t<\/div>\n\t\t<\/section>\n\t\t\t\t<section data-pa-eq-height=\"{&quot;targetType&quot;:&quot;widget&quot;,&quot;target&quot;:&quot;&quot;,&quot;trigger&quot;:&quot;load&quot;,&quot;enableOn&quot;:[&quot;desktop&quot;,&quot;tablet&quot;,&quot;mobile&quot;,&quot;widescreen&quot;,&quot;laptop&quot;,&quot;tablet_extra&quot;,&quot;mobile_extra&quot;]}\" class=\"elementor-section elementor-top-section elementor-element elementor-element-6f526fb premium-equal-height-yes elementor-section-boxed elementor-section-height-default elementor-section-height-default\" data-id=\"6f526fb\" data-element_type=\"section\" data-settings=\"{&quot;premium_eq_height_switcher&quot;:&quot;yes&quot;}\">\n\t\t\t\t\t\t<div class=\"elementor-container elementor-column-gap-default\">\n\t\t\t\t\t<div class=\"elementor-column elementor-col-25 elementor-top-column elementor-element elementor-element-28ead3b\" data-id=\"28ead3b\" data-element_type=\"column\">\n\t\t\t<div class=\"elementor-widget-wrap elementor-element-populated\">\n\t\t\t\t\t\t<div class=\"elementor-element elementor-element-68356e5 content-align-center icon-box-vertical-align-top icon-vertical-align-start elementor-widget elementor-widget-the7_image_box_widget\" data-id=\"68356e5\" data-element_type=\"widget\" data-widget_type=\"the7_image_box_widget.default\">\n\t\t\t\t<div class=\"elementor-widget-container\">\n\t\t\t\t\t\n\t\t<a class=\"the7-box-wrapper the7-elementor-widget box-hover the7_image_box_widget-68356e5\" href=\"https:\/\/schuhmacher-tech.de\/hydraulik-defence\/oelpflege-militaer-hydraulik\/\">\t\t\t<div class=\"box-content-wrapper\">\n\t\t\t\t\t\t\t\t<div class=\"elementor-image-div \">\n\t\t\t\t\t<div class=\"post-thumbnail-rollover layzr-bg img-css-resize-wrapper\"><img fetchpriority=\"high\" decoding=\"async\" width=\"1536\" height=\"1024\" src=\"data:image\/svg+xml,%3Csvg%20xmlns%3D&#039;http%3A%2F%2Fwww.w3.org%2F2000%2Fsvg&#039;%20viewBox%3D&#039;0%200%201536%201024&#039;%2F%3E\" class=\"attachment-full size-full preload-me aspect lazy lazy-load\" alt=\"\" sizes=\"(max-width: 1536px) 100vw, 1536px\" style=\"--ratio: 1536 \/ 1024;\" data-src=\"https:\/\/schuhmacher-tech.de\/wp-content\/uploads\/2026\/02\/Oelpflege.png\" loading=\"eager\" data-srcset=\"https:\/\/schuhmacher-tech.de\/wp-content\/uploads\/2026\/02\/Oelpflege.png 1536w, https:\/\/schuhmacher-tech.de\/wp-content\/uploads\/2026\/02\/Oelpflege-300x200.png 300w, https:\/\/schuhmacher-tech.de\/wp-content\/uploads\/2026\/02\/Oelpflege-1024x683.png 1024w, https:\/\/schuhmacher-tech.de\/wp-content\/uploads\/2026\/02\/Oelpflege-768x512.png 768w, https:\/\/schuhmacher-tech.de\/wp-content\/uploads\/2026\/02\/Oelpflege-600x400.png 600w\" \/><span class=\"the7-hover-icon\"><\/span><\/div>\t\t\t\t<\/div>\n\t\t\t\t\n\t\t\t\t<div class=\"box-content\">\n\t\t\t\t\t<h2 class=\"box-heading\">\u00d6lpflege<\/h2><div class=\"box-description\">Hochfeine Nebenstromfiltration f\u00fcr mobile und station\u00e4re Systeme \u2013 zur nachhaltigen Verbesserung der \u00d6lreinheitsklasse ohne Systemeingriff. Station\u00e4re und mobile L\u00f6sungen, einschlie\u00dflich portabler Service Units f\u00fcr den Feldeinsatz.<\/div>\t\t\t\t<\/div>\n\t\t\t<\/div>\n\t\t<\/a>\t\t\t\t<\/div>\n\t\t\t\t<\/div>\n\t\t\t\t\t<\/div>\n\t\t<\/div>\n\t\t\t\t<div class=\"elementor-column elementor-col-25 elementor-top-column elementor-element elementor-element-cd1fdda\" data-id=\"cd1fdda\" data-element_type=\"column\">\n\t\t\t<div class=\"elementor-widget-wrap elementor-element-populated\">\n\t\t\t\t\t\t<div class=\"elementor-element elementor-element-2b805d3 content-align-center icon-box-vertical-align-top icon-vertical-align-start elementor-widget elementor-widget-the7_image_box_widget\" data-id=\"2b805d3\" data-element_type=\"widget\" data-widget_type=\"the7_image_box_widget.default\">\n\t\t\t\t<div class=\"elementor-widget-container\">\n\t\t\t\t\t\n\t\t<a class=\"the7-box-wrapper the7-elementor-widget box-hover the7_image_box_widget-2b805d3\" href=\"https:\/\/schuhmacher-tech.de\/hydraulik-defence\/condition-monitoring-sicherheit-verteidigung\/\">\t\t\t<div class=\"box-content-wrapper\">\n\t\t\t\t\t\t\t\t<div class=\"elementor-image-div \">\n\t\t\t\t\t<div class=\"post-thumbnail-rollover layzr-bg img-css-resize-wrapper\"><img decoding=\"async\" width=\"1248\" height=\"832\" src=\"data:image\/svg+xml,%3Csvg%20xmlns%3D&#039;http%3A%2F%2Fwww.w3.org%2F2000%2Fsvg&#039;%20viewBox%3D&#039;0%200%201248%20832&#039;%2F%3E\" class=\"attachment-full size-full preload-me aspect lazy lazy-load\" alt=\"\" sizes=\"(max-width: 1248px) 100vw, 1248px\" style=\"--ratio: 1248 \/ 832;\" data-src=\"https:\/\/schuhmacher-tech.de\/wp-content\/uploads\/2026\/02\/Gemini_Generated_Image_z74dwkz74dwkz74d.png\" loading=\"eager\" data-srcset=\"https:\/\/schuhmacher-tech.de\/wp-content\/uploads\/2026\/02\/Gemini_Generated_Image_z74dwkz74dwkz74d.png 1248w, https:\/\/schuhmacher-tech.de\/wp-content\/uploads\/2026\/02\/Gemini_Generated_Image_z74dwkz74dwkz74d-300x200.png 300w, https:\/\/schuhmacher-tech.de\/wp-content\/uploads\/2026\/02\/Gemini_Generated_Image_z74dwkz74dwkz74d-1024x683.png 1024w, https:\/\/schuhmacher-tech.de\/wp-content\/uploads\/2026\/02\/Gemini_Generated_Image_z74dwkz74dwkz74d-768x512.png 768w, https:\/\/schuhmacher-tech.de\/wp-content\/uploads\/2026\/02\/Gemini_Generated_Image_z74dwkz74dwkz74d-600x400.png 600w\" \/><span class=\"the7-hover-icon\"><\/span><\/div>\t\t\t\t<\/div>\n\t\t\t\t\n\t\t\t\t<div class=\"box-content\">\n\t\t\t\t\t<h2 class=\"box-heading\">Condition Monitoring<\/h2><div class=\"box-description\">Optische Partikelz\u00e4hler, \u00d6lzustandssensoren und mobile \u00d6llabore zur kontinuierlichen oder periodischen \u00dcberwachung kritischer Fluidparameter \u2013 direkt am System oder im Serviceeinsatz. Geeignet f\u00fcr mobile Gefechtsfahrzeuge ebenso wie f\u00fcr station\u00e4re Dauerbetrieb-Systeme.<\/div>\t\t\t\t<\/div>\n\t\t\t<\/div>\n\t\t<\/a>\t\t\t\t<\/div>\n\t\t\t\t<\/div>\n\t\t\t\t\t<\/div>\n\t\t<\/div>\n\t\t\t\t<div class=\"elementor-column elementor-col-25 elementor-top-column elementor-element elementor-element-c9100cb\" data-id=\"c9100cb\" data-element_type=\"column\">\n\t\t\t<div class=\"elementor-widget-wrap elementor-element-populated\">\n\t\t\t\t\t\t<div class=\"elementor-element elementor-element-6b32ecf content-align-center icon-box-vertical-align-top icon-vertical-align-start elementor-widget elementor-widget-the7_image_box_widget\" data-id=\"6b32ecf\" data-element_type=\"widget\" data-widget_type=\"the7_image_box_widget.default\">\n\t\t\t\t<div class=\"elementor-widget-container\">\n\t\t\t\t\t\n\t\t<a class=\"the7-box-wrapper the7-elementor-widget box-hover the7_image_box_widget-6b32ecf\" href=\"https:\/\/schuhmacher-tech.de\/hydraulik-defence\/hydraulik-steuerblock-ruestungsindustrie\/\">\t\t\t<div class=\"box-content-wrapper\">\n\t\t\t\t\t\t\t\t<div class=\"elementor-image-div \">\n\t\t\t\t\t<div class=\"post-thumbnail-rollover layzr-bg img-css-resize-wrapper\"><img decoding=\"async\" width=\"1536\" height=\"1024\" src=\"data:image\/svg+xml,%3Csvg%20xmlns%3D&#039;http%3A%2F%2Fwww.w3.org%2F2000%2Fsvg&#039;%20viewBox%3D&#039;0%200%201536%201024&#039;%2F%3E\" class=\"attachment-full size-full preload-me aspect lazy lazy-load\" alt=\"\" sizes=\"(max-width: 1536px) 100vw, 1536px\" style=\"--ratio: 1536 \/ 1024;\" data-src=\"https:\/\/schuhmacher-tech.de\/wp-content\/uploads\/2026\/02\/Steuerbloecke.png\" loading=\"eager\" data-srcset=\"https:\/\/schuhmacher-tech.de\/wp-content\/uploads\/2026\/02\/Steuerbloecke.png 1536w, https:\/\/schuhmacher-tech.de\/wp-content\/uploads\/2026\/02\/Steuerbloecke-300x200.png 300w, https:\/\/schuhmacher-tech.de\/wp-content\/uploads\/2026\/02\/Steuerbloecke-1024x683.png 1024w, https:\/\/schuhmacher-tech.de\/wp-content\/uploads\/2026\/02\/Steuerbloecke-768x512.png 768w, https:\/\/schuhmacher-tech.de\/wp-content\/uploads\/2026\/02\/Steuerbloecke-600x400.png 600w\" \/><span class=\"the7-hover-icon\"><\/span><\/div>\t\t\t\t<\/div>\n\t\t\t\t\n\t\t\t\t<div class=\"box-content\">\n\t\t\t\t\t<h2 class=\"box-heading\">Hydraulik-Steuerbl\u00f6cke<\/h2><div class=\"box-description\">Ma\u00dfgefertigte Ventilbl\u00f6cke aus Stahl oder Aluminium, komplett best\u00fcckt und einbaufertig. Entwicklung und Fertigung nach Kundenwunsch \u2013 unter Ber\u00fccksichtigung von Druckbereichen, Redundanzkonzepten, Vibrations- und Schockbelastungen sowie milit\u00e4rischen Normanforderungen.<\/div>\t\t\t\t<\/div>\n\t\t\t<\/div>\n\t\t<\/a>\t\t\t\t<\/div>\n\t\t\t\t<\/div>\n\t\t\t\t\t<\/div>\n\t\t<\/div>\n\t\t\t\t<div class=\"elementor-column elementor-col-25 elementor-top-column elementor-element elementor-element-371ff46\" data-id=\"371ff46\" data-element_type=\"column\">\n\t\t\t<div class=\"elementor-widget-wrap elementor-element-populated\">\n\t\t\t\t\t\t<div class=\"elementor-element elementor-element-e0ceea7 content-align-center icon-box-vertical-align-top icon-vertical-align-start elementor-widget elementor-widget-the7_image_box_widget\" data-id=\"e0ceea7\" data-element_type=\"widget\" data-widget_type=\"the7_image_box_widget.default\">\n\t\t\t\t<div class=\"elementor-widget-container\">\n\t\t\t\t\t\n\t\t<a class=\"the7-box-wrapper the7-elementor-widget box-hover the7_image_box_widget-e0ceea7\" href=\"https:\/\/schuhmacher-tech.de\/hydraulik-defence\/hydraulikventile-wehrtechnik\/\">\t\t\t<div class=\"box-content-wrapper\">\n\t\t\t\t\t\t\t\t<div class=\"elementor-image-div \">\n\t\t\t\t\t<div class=\"post-thumbnail-rollover layzr-bg img-css-resize-wrapper\"><img decoding=\"async\" width=\"1536\" height=\"1024\" src=\"data:image\/svg+xml,%3Csvg%20xmlns%3D&#039;http%3A%2F%2Fwww.w3.org%2F2000%2Fsvg&#039;%20viewBox%3D&#039;0%200%201536%201024&#039;%2F%3E\" class=\"attachment-full size-full preload-me aspect lazy lazy-load\" alt=\"\" sizes=\"(max-width: 1536px) 100vw, 1536px\" style=\"--ratio: 1536 \/ 1024;\" data-src=\"https:\/\/schuhmacher-tech.de\/wp-content\/uploads\/2026\/02\/Ventile2.png\" loading=\"eager\" data-srcset=\"https:\/\/schuhmacher-tech.de\/wp-content\/uploads\/2026\/02\/Ventile2.png 1536w, https:\/\/schuhmacher-tech.de\/wp-content\/uploads\/2026\/02\/Ventile2-300x200.png 300w, https:\/\/schuhmacher-tech.de\/wp-content\/uploads\/2026\/02\/Ventile2-1024x683.png 1024w, https:\/\/schuhmacher-tech.de\/wp-content\/uploads\/2026\/02\/Ventile2-768x512.png 768w, https:\/\/schuhmacher-tech.de\/wp-content\/uploads\/2026\/02\/Ventile2-600x400.png 600w\" \/><span class=\"the7-hover-icon\"><\/span><\/div>\t\t\t\t<\/div>\n\t\t\t\t\n\t\t\t\t<div class=\"box-content\">\n\t\t\t\t\t<h2 class=\"box-heading\">Hydraulikventile<\/h2><div class=\"box-description\">Das komplette Spektrum: On-\/Off-Ventile, Proportionalventile, Cartridgeventile, Stromregelventile, Druckwaagen, Wegeventile und R\u00fcckschlagventile \u2013 ausgelegt f\u00fcr hohe Druckbereiche, Vibrationsfestigkeit und Kompatibilit\u00e4t mit milit\u00e4rischen Normen.<\/div>\t\t\t\t<\/div>\n\t\t\t<\/div>\n\t\t<\/a>\t\t\t\t<\/div>\n\t\t\t\t<\/div>\n\t\t\t\t\t<\/div>\n\t\t<\/div>\n\t\t\t\t\t<\/div>\n\t\t<\/section>\n\t\t\t\t<section class=\"elementor-section elementor-top-section elementor-element elementor-element-17f9f80 elementor-section-boxed elementor-section-height-default elementor-section-height-default\" data-id=\"17f9f80\" data-element_type=\"section\">\n\t\t\t\t\t\t<div class=\"elementor-container elementor-column-gap-default\">\n\t\t\t\t\t<div class=\"elementor-column elementor-col-100 elementor-top-column elementor-element elementor-element-130138b\" data-id=\"130138b\" data-element_type=\"column\">\n\t\t\t<div class=\"elementor-widget-wrap elementor-element-populated\">\n\t\t\t\t\t\t<div class=\"elementor-element elementor-element-4b54905 elementor-widget elementor-widget-heading\" data-id=\"4b54905\" data-element_type=\"widget\" id=\"condition\" data-widget_type=\"heading.default\">\n\t\t\t\t<div class=\"elementor-widget-container\">\n\t\t\t\t\t<h2 class=\"elementor-heading-title elementor-size-default\">Ihr Partner f\u00fcr sicherheitskritische Hydraulik<\/h2>\t\t\t\t<\/div>\n\t\t\t\t<\/div>\n\t\t\t\t<div class=\"elementor-element elementor-element-22a23c4 elementor-widget elementor-widget-text-editor\" data-id=\"22a23c4\" data-element_type=\"widget\" data-widget_type=\"text-editor.default\">\n\t\t\t\t<div class=\"elementor-widget-container\">\n\t\t\t\t\t\t\t\t\t<p data-path-to-node=\"10,3,1,0\">Als Premiumlieferant f\u00fcr hydraulische Komponenten und Systeme sind wir auf anspruchsvolle Anwendungen spezialisiert. Unser Ziel: die Einsatzbereitschaft Ihrer Systeme dauerhaft sichern und Lifecycle-Kosten senken \u2013 mit den richtigen Komponenten, der passenden Systeml\u00f6sung und kompetenter Beratung.<\/p>\t\t\t\t\t\t\t\t<\/div>\n\t\t\t\t<\/div>\n\t\t\t\t<div class=\"elementor-element elementor-element-e52ca9e elementor-align-center elementor-widget elementor-widget-button\" data-id=\"e52ca9e\" data-element_type=\"widget\" data-widget_type=\"button.default\">\n\t\t\t\t<div class=\"elementor-widget-container\">\n\t\t\t\t\t\t\t\t\t<div class=\"elementor-button-wrapper\">\n\t\t\t\t\t<a class=\"elementor-button elementor-button-link elementor-size-sm\" href=\"\/kontakt\">\n\t\t\t\t\t\t<span class=\"elementor-button-content-wrapper\">\n\t\t\t\t\t\t\t\t\t<span class=\"elementor-button-text\">Jetzt Einsatzbereitschaft sichern<\/span>\n\t\t\t\t\t<\/span>\n\t\t\t\t\t<\/a>\n\t\t\t\t<\/div>\n\t\t\t\t\t\t\t\t<\/div>\n\t\t\t\t<\/div>\n\t\t\t\t\t<\/div>\n\t\t<\/div>\n\t\t\t\t\t<\/div>\n\t\t<\/section>\n\t\t\t\t<\/div>\n\t\t","protected":false},"excerpt":{"rendered":"<p>HydraulikKomponenten \/ -Systeme f\u00fcr die Verteidigung &amp; Milit\u00e4rtechnik Jetzt Einsatzbereitschaft sichern Schuhmacher Technologies: Ihr Partner f\u00fcr einsatzkritische Hydrauliksysteme Milit\u00e4rische Hydrauliksysteme unterliegen extremen Anforderungen: wechselnde Klimazonen, lange Standzeiten, hohe Lastwechsel, Staub, Feuchtigkeit und permanente Einsatzbereitschaft. Ob in gesch\u00fctzten Fahrzeugen, Marinesystemen, station\u00e4ren Energieanlagen oder logistischen Einrichtungen \u2013 die Zuverl\u00e4ssigkeit der Hydraulik entscheidet \u00fcber die Verf\u00fcgbarkeit des Gesamtsystems.Schuhmacher&hellip;<\/p>\n","protected":false},"author":1,"featured_media":0,"parent":0,"menu_order":0,"comment_status":"closed","ping_status":"closed","template":"","meta":{"footnotes":""},"class_list":["post-28319","page","type-page","status-publish","hentry"],"_links":{"self":[{"href":"https:\/\/schuhmacher-tech.de\/en\/wp-json\/wp\/v2\/pages\/28319","targetHints":{"allow":["GET"]}}],"collection":[{"href":"https:\/\/schuhmacher-tech.de\/en\/wp-json\/wp\/v2\/pages"}],"about":[{"href":"https:\/\/schuhmacher-tech.de\/en\/wp-json\/wp\/v2\/types\/page"}],"author":[{"embeddable":true,"href":"https:\/\/schuhmacher-tech.de\/en\/wp-json\/wp\/v2\/users\/1"}],"replies":[{"embeddable":true,"href":"https:\/\/schuhmacher-tech.de\/en\/wp-json\/wp\/v2\/comments?post=28319"}],"version-history":[{"count":20,"href":"https:\/\/schuhmacher-tech.de\/en\/wp-json\/wp\/v2\/pages\/28319\/revisions"}],"predecessor-version":[{"id":28412,"href":"https:\/\/schuhmacher-tech.de\/en\/wp-json\/wp\/v2\/pages\/28319\/revisions\/28412"}],"wp:attachment":[{"href":"https:\/\/schuhmacher-tech.de\/en\/wp-json\/wp\/v2\/media?parent=28319"}],"curies":[{"name":"wp","href":"https:\/\/api.w.org\/{rel}","templated":true}]}}